{"id":881,"date":"2020-06-10T16:33:20","date_gmt":"2020-06-10T20:33:20","guid":{"rendered":"https:\/\/www.spaoneandonly.cl\/productos\/?post_type=product&#038;p=881"},"modified":"2026-04-23T13:43:27","modified_gmt":"2026-04-23T17:43:27","slug":"pro60-crema-extra-nutritiva-alta-exigencia","status":"publish","type":"product","link":"https:\/\/www.spaoneandonly.cl\/productos\/item\/pro60-crema-extra-nutritiva-alta-exigencia\/","title":{"rendered":"PRO60 + Crema Extra-Nutritiva Alta Exigencia"},"content":{"rendered":"<p>Una crema sublime de textura extra-rica y sedosa, de acci\u00f3n m\u00faltiple, que ofrece una respuesta intensiva a los 5 desaf\u00edos a los que se enfrentan las pieles en la plena madurez.<\/p>\n","protected":false},"excerpt":{"rendered":"<p>Cont. 50 ml.<\/p>\n<p>Crema de acci\u00f3n m\u00faltiple capaz de revertir en forma global los signos de envejecimiento.<\/p>\n","protected":false},"featured_media":882,"comment_status":"open","ping_status":"closed","template":"","meta":[],"product_cat":[126,119,128,112,117,16],"product_tag":[177,172,171,166],"class_list":{"0":"post-881","1":"product","2":"type-product","3":"status-publish","4":"has-post-thumbnail","6":"product_cat-anti-edad","7":"product_cat-cremas-hidratacion","8":"product_cat-cremas-anti-edad-cuidado-facial","9":"product_cat-cuidado-facial","10":"product_cat-hidratacion","11":"product_cat-germaine-de-capuccini","12":"product_tag-anti-edad","13":"product_tag-dia-noche","14":"product_tag-piel-madura","15":"product_tag-seca","17":"first","18":"outofstock","19":"shipping-taxable","20":"purchasable","21":"product-type-simple"},"_links":{"self":[{"href":"https:\/\/www.spaoneandonly.cl\/productos\/wp-json\/wp\/v2\/product\/881","targetHints":{"allow":["GET"]}}],"collection":[{"href":"https:\/\/www.spaoneandonly.cl\/productos\/wp-json\/wp\/v2\/product"}],"about":[{"href":"https:\/\/www.spaoneandonly.cl\/productos\/wp-json\/wp\/v2\/types\/product"}],"replies":[{"embeddable":true,"href":"https:\/\/www.spaoneandonly.cl\/productos\/wp-json\/wp\/v2\/comments?post=881"}],"wp:featuredmedia":[{"embeddable":true,"href":"https:\/\/www.spaoneandonly.cl\/productos\/wp-json\/wp\/v2\/media\/882"}],"wp:attachment":[{"href":"https:\/\/www.spaoneandonly.cl\/productos\/wp-json\/wp\/v2\/media?parent=881"}],"wp:term":[{"taxonomy":"product_cat","embeddable":true,"href":"https:\/\/www.spaoneandonly.cl\/productos\/wp-json\/wp\/v2\/product_cat?post=881"},{"taxonomy":"product_tag","embeddable":true,"href":"https:\/\/www.spaoneandonly.cl\/productos\/wp-json\/wp\/v2\/product_tag?post=881"}],"curies":[{"name":"wp","href":"https:\/\/api.w.org\/{rel}","templated":true}]}}