{"id":860,"date":"2020-06-10T01:40:28","date_gmt":"2020-06-10T05:40:28","guid":{"rendered":"https:\/\/www.spaoneandonly.cl\/productos\/?post_type=product&#038;p=860"},"modified":"2025-06-04T12:27:12","modified_gmt":"2025-06-04T16:27:12","slug":"clarifying-cleanser","status":"publish","type":"product","link":"https:\/\/www.spaoneandonly.cl\/productos\/item\/clarifying-cleanser\/","title":{"rendered":"Clarifying Cream Cleanser"},"content":{"rendered":"<p>El limpiador en crema clarificante Murad contiene \u00e1cido salic\u00edlico de liberaci\u00f3n sostenida para ayudar a aclarar la piel sin resecarla. Antienvejecimiento para el acn\u00e9 de alto rendimiento ayuda a tratar los brotes y disminuye los primeros signos del envejecimiento.<br \/>\nIncluye una innovadora tecnolog\u00eda de tratamiento contra el acn\u00e9 que contin\u00faa funcionando incluso despu\u00e9s de enjuagarlo.<br \/>\nAdem\u00e1s, los amino\u00e1cidos y el \u00e1cido hialur\u00f3nico ayudan a unir la humedad a la piel para mantenerla hidratada.<\/p>\n<p>Beneficios: El \u00e1cido salic\u00edlico encapsulado se libera inmediatamente y con el tiempo para extender los beneficios de aclarado m\u00e1s all\u00e1 del enjuague.<br \/>\nCrema sedosa, suave y no espumosa que limpia sin quitar la piel de la hidrataci\u00f3n vital<\/p>\n<p>Tipo de Piel: Piel grasa, mixta, sensible.<\/p>\n<p>Apto para embarazada: Si<\/p>\n<p>Nota o Indicaciones:<br \/>\n&#8211; Lucha contra el acn\u00e9 durante todo el d\u00eda sin resecar la piel.<br \/>\n&#8211; Tratar el acn\u00e9 adulto y la piel propensa a las imperfecciones.<br \/>\n&#8211; Disminuye la apariencia de l\u00edneas finas.<\/p>\n<p>Ingredientes: \u00c1cido salic\u00edlico encapsulado. \u00c1cido hialur\u00f3nico y una mezcla de amino\u00e1cidos. Extractos de semillas y frutas de s\u00e9samo.<\/p>\n<p>Uso: AM\/PM. Limpiar y luego enjuagar con agua.<\/p>\n","protected":false},"excerpt":{"rendered":"<p>Cont. 200 ml.<\/p>\n<p>Crema limpiadora para piel normal a seca, ayuda a controlar los brotes e imperfecciones, dejando la piel hidratada y suave.<\/p>\n","protected":false},"featured_media":2266,"comment_status":"open","ping_status":"closed","template":"","meta":[],"product_cat":[112,113,114,54],"product_tag":[176,177,172,168,167,170,164],"class_list":{"0":"post-860","1":"product","2":"type-product","3":"status-publish","4":"has-post-thumbnail","6":"product_cat-cuidado-facial","7":"product_cat-limpieza","8":"product_cat-tonicos-y-desmaquillantes","9":"product_cat-murad","10":"product_tag-acne-y-puntos-negros","11":"product_tag-anti-edad","12":"product_tag-dia-noche","13":"product_tag-grasa","14":"product_tag-mixta","15":"product_tag-piel-joven","16":"product_tag-sensible","18":"first","19":"outofstock","20":"shipping-taxable","21":"purchasable","22":"product-type-simple"},"_links":{"self":[{"href":"https:\/\/www.spaoneandonly.cl\/productos\/wp-json\/wp\/v2\/product\/860","targetHints":{"allow":["GET"]}}],"collection":[{"href":"https:\/\/www.spaoneandonly.cl\/productos\/wp-json\/wp\/v2\/product"}],"about":[{"href":"https:\/\/www.spaoneandonly.cl\/productos\/wp-json\/wp\/v2\/types\/product"}],"replies":[{"embeddable":true,"href":"https:\/\/www.spaoneandonly.cl\/productos\/wp-json\/wp\/v2\/comments?post=860"}],"wp:featuredmedia":[{"embeddable":true,"href":"https:\/\/www.spaoneandonly.cl\/productos\/wp-json\/wp\/v2\/media\/2266"}],"wp:attachment":[{"href":"https:\/\/www.spaoneandonly.cl\/productos\/wp-json\/wp\/v2\/media?parent=860"}],"wp:term":[{"taxonomy":"product_cat","embeddable":true,"href":"https:\/\/www.spaoneandonly.cl\/productos\/wp-json\/wp\/v2\/product_cat?post=860"},{"taxonomy":"product_tag","embeddable":true,"href":"https:\/\/www.spaoneandonly.cl\/productos\/wp-json\/wp\/v2\/product_tag?post=860"}],"curies":[{"name":"wp","href":"https:\/\/api.w.org\/{rel}","templated":true}]}}