{"id":839,"date":"2020-06-07T22:47:57","date_gmt":"2020-06-08T02:47:57","guid":{"rendered":"https:\/\/www.spaoneandonly.cl\/productos\/?post_type=product&#038;p=839"},"modified":"2026-04-29T10:33:36","modified_gmt":"2026-04-29T14:33:36","slug":"phyto-corrective-gel","status":"publish","type":"product","link":"https:\/\/www.spaoneandonly.cl\/productos\/item\/phyto-corrective-gel\/","title":{"rendered":"Phyto Corrective Gel"},"content":{"rendered":"<p>Perfecto para pieles sensibles o fragilizadas, este s\u00e9rum ligero y no graso contiene extractos bot\u00e1nicos con propiedades anti-inflamatorias y antis\u00e9pticas que ayudan a calmar y aliviar la piel irritada.<\/p>\n","protected":false},"excerpt":{"rendered":"<p>Cont. 30 ml.<\/p>\n<p>Gel hidratante suavizante con ingredientes bot\u00e1nicos.<\/p>\n","protected":false},"featured_media":3171,"comment_status":"open","ping_status":"closed","template":"","meta":[],"product_cat":[126,112,127,27],"product_tag":[177,172,168,167,165,170,171,181,166,164],"class_list":{"0":"post-839","1":"product","2":"type-product","3":"status-publish","4":"has-post-thumbnail","6":"product_cat-anti-edad","7":"product_cat-cuidado-facial","8":"product_cat-serums-anti-edad-cuidado-facial","9":"product_cat-skinceuticals","10":"product_tag-anti-edad","11":"product_tag-dia-noche","12":"product_tag-grasa","13":"product_tag-mixta","14":"product_tag-normal","15":"product_tag-piel-joven","16":"product_tag-piel-madura","17":"product_tag-rosacea","18":"product_tag-seca","19":"product_tag-sensible","21":"first","22":"instock","23":"shipping-taxable","24":"purchasable","25":"product-type-simple"},"_links":{"self":[{"href":"https:\/\/www.spaoneandonly.cl\/productos\/wp-json\/wp\/v2\/product\/839","targetHints":{"allow":["GET"]}}],"collection":[{"href":"https:\/\/www.spaoneandonly.cl\/productos\/wp-json\/wp\/v2\/product"}],"about":[{"href":"https:\/\/www.spaoneandonly.cl\/productos\/wp-json\/wp\/v2\/types\/product"}],"replies":[{"embeddable":true,"href":"https:\/\/www.spaoneandonly.cl\/productos\/wp-json\/wp\/v2\/comments?post=839"}],"wp:featuredmedia":[{"embeddable":true,"href":"https:\/\/www.spaoneandonly.cl\/productos\/wp-json\/wp\/v2\/media\/3171"}],"wp:attachment":[{"href":"https:\/\/www.spaoneandonly.cl\/productos\/wp-json\/wp\/v2\/media?parent=839"}],"wp:term":[{"taxonomy":"product_cat","embeddable":true,"href":"https:\/\/www.spaoneandonly.cl\/productos\/wp-json\/wp\/v2\/product_cat?post=839"},{"taxonomy":"product_tag","embeddable":true,"href":"https:\/\/www.spaoneandonly.cl\/productos\/wp-json\/wp\/v2\/product_tag?post=839"}],"curies":[{"name":"wp","href":"https:\/\/api.w.org\/{rel}","templated":true}]}}