{"id":831,"date":"2020-06-07T21:46:13","date_gmt":"2020-06-08T01:46:13","guid":{"rendered":"https:\/\/www.spaoneandonly.cl\/productos\/?post_type=product&#038;p=831"},"modified":"2026-01-02T21:11:21","modified_gmt":"2026-01-03T00:11:21","slug":"age-eye-complex","status":"publish","type":"product","link":"https:\/\/www.spaoneandonly.cl\/productos\/item\/age-eye-complex\/","title":{"rendered":"A.G.E. Eye Complex"},"content":{"rendered":"<p>Los signos por factores internos como los cambios hormonales y la ralentizaci\u00f3n metab\u00f3lica , son m\u00e1s evidentes en la delicada zona de los ojos. <strong>A.G.E. Eye Complex<\/strong> es un tratamiento avanzado, anti signos de la edad, que contiene una combinaci\u00f3n \u00fanica de ingredientes que mejora los signos severos del envejecimiento intr\u00ednseco del contorno de ojos.<\/p>\n","protected":false},"excerpt":{"rendered":"<p>Cont. 15 ml.<\/p>\n<p>Da firmeza y disminuye la intensidad de las arrugas, la hinchaz\u00f3n y las ojeras. <\/p>\n","protected":false},"featured_media":832,"comment_status":"open","ping_status":"closed","template":"","meta":[],"product_cat":[126,129,112,27],"product_tag":[177,172,168,167,165,171,166,164],"class_list":{"0":"post-831","1":"product","2":"type-product","3":"status-publish","4":"has-post-thumbnail","6":"product_cat-anti-edad","7":"product_cat-contorno-de-ojos-anti-edad-cuidado-facial","8":"product_cat-cuidado-facial","9":"product_cat-skinceuticals","10":"product_tag-anti-edad","11":"product_tag-dia-noche","12":"product_tag-grasa","13":"product_tag-mixta","14":"product_tag-normal","15":"product_tag-piel-madura","16":"product_tag-seca","17":"product_tag-sensible","19":"first","20":"outofstock","21":"shipping-taxable","22":"purchasable","23":"product-type-simple"},"_links":{"self":[{"href":"https:\/\/www.spaoneandonly.cl\/productos\/wp-json\/wp\/v2\/product\/831","targetHints":{"allow":["GET"]}}],"collection":[{"href":"https:\/\/www.spaoneandonly.cl\/productos\/wp-json\/wp\/v2\/product"}],"about":[{"href":"https:\/\/www.spaoneandonly.cl\/productos\/wp-json\/wp\/v2\/types\/product"}],"replies":[{"embeddable":true,"href":"https:\/\/www.spaoneandonly.cl\/productos\/wp-json\/wp\/v2\/comments?post=831"}],"wp:featuredmedia":[{"embeddable":true,"href":"https:\/\/www.spaoneandonly.cl\/productos\/wp-json\/wp\/v2\/media\/832"}],"wp:attachment":[{"href":"https:\/\/www.spaoneandonly.cl\/productos\/wp-json\/wp\/v2\/media?parent=831"}],"wp:term":[{"taxonomy":"product_cat","embeddable":true,"href":"https:\/\/www.spaoneandonly.cl\/productos\/wp-json\/wp\/v2\/product_cat?post=831"},{"taxonomy":"product_tag","embeddable":true,"href":"https:\/\/www.spaoneandonly.cl\/productos\/wp-json\/wp\/v2\/product_tag?post=831"}],"curies":[{"name":"wp","href":"https:\/\/api.w.org\/{rel}","templated":true}]}}