{"id":829,"date":"2020-06-07T21:25:51","date_gmt":"2020-06-08T01:25:51","guid":{"rendered":"https:\/\/www.spaoneandonly.cl\/productos\/?post_type=product&#038;p=829"},"modified":"2026-03-05T05:24:39","modified_gmt":"2026-03-05T08:24:39","slug":"blemish-age-defense","status":"publish","type":"product","link":"https:\/\/www.spaoneandonly.cl\/productos\/item\/blemish-age-defense\/","title":{"rendered":"Blemish + Age Defense"},"content":{"rendered":"<p>Tratamiento no comedog\u00e9nico para tratar las imperfecciones de la piel madura y los signos de la edad. Esta novedosa combinaci\u00f3n de \u00e1cidos, que contiene un 2% de \u00e1cido dioico y una formulaci\u00f3n \u00f3ptima de alfa y beta hidr\u00f3xi\u00e1cidos, est\u00e1 dise\u00f1ada para prevenir y corregir las imperfecciones, minimizar las marcas y reducir el aspecto de l\u00edneas de expresi\u00f3n y las arrugas.<\/p>\n","protected":false},"excerpt":{"rendered":"<p>Cont. 30 ml.<\/p>\n<p>Corrige las imperfecciones y controla el exceso de aceite.<\/p>\n","protected":false},"featured_media":3176,"comment_status":"open","ping_status":"closed","template":"","meta":[],"product_cat":[126,112,127,27],"product_tag":[177,172,168,165,171,166,164],"class_list":{"0":"post-829","1":"product","2":"type-product","3":"status-publish","4":"has-post-thumbnail","6":"product_cat-anti-edad","7":"product_cat-cuidado-facial","8":"product_cat-serums-anti-edad-cuidado-facial","9":"product_cat-skinceuticals","10":"product_tag-anti-edad","11":"product_tag-dia-noche","12":"product_tag-grasa","13":"product_tag-normal","14":"product_tag-piel-madura","15":"product_tag-seca","16":"product_tag-sensible","18":"first","19":"outofstock","20":"shipping-taxable","21":"purchasable","22":"product-type-simple"},"_links":{"self":[{"href":"https:\/\/www.spaoneandonly.cl\/productos\/wp-json\/wp\/v2\/product\/829","targetHints":{"allow":["GET"]}}],"collection":[{"href":"https:\/\/www.spaoneandonly.cl\/productos\/wp-json\/wp\/v2\/product"}],"about":[{"href":"https:\/\/www.spaoneandonly.cl\/productos\/wp-json\/wp\/v2\/types\/product"}],"replies":[{"embeddable":true,"href":"https:\/\/www.spaoneandonly.cl\/productos\/wp-json\/wp\/v2\/comments?post=829"}],"wp:featuredmedia":[{"embeddable":true,"href":"https:\/\/www.spaoneandonly.cl\/productos\/wp-json\/wp\/v2\/media\/3176"}],"wp:attachment":[{"href":"https:\/\/www.spaoneandonly.cl\/productos\/wp-json\/wp\/v2\/media?parent=829"}],"wp:term":[{"taxonomy":"product_cat","embeddable":true,"href":"https:\/\/www.spaoneandonly.cl\/productos\/wp-json\/wp\/v2\/product_cat?post=829"},{"taxonomy":"product_tag","embeddable":true,"href":"https:\/\/www.spaoneandonly.cl\/productos\/wp-json\/wp\/v2\/product_tag?post=829"}],"curies":[{"name":"wp","href":"https:\/\/api.w.org\/{rel}","templated":true}]}}