{"id":823,"date":"2020-06-07T21:03:45","date_gmt":"2020-06-08T01:03:45","guid":{"rendered":"https:\/\/www.spaoneandonly.cl\/productos\/?post_type=product&#038;p=823"},"modified":"2025-03-24T12:54:50","modified_gmt":"2025-03-24T15:54:50","slug":"aox-eye-gel","status":"publish","type":"product","link":"https:\/\/www.spaoneandonly.cl\/productos\/item\/aox-eye-gel\/","title":{"rendered":"AOX + Eye Gel"},"content":{"rendered":"<p>Este avanzado s\u00e9rum en gel contiene una combinaci\u00f3n de antioxidantes sin\u00e9rgicos que ayuda a proteger la delicada piel del contorno de los ojos del estr\u00e9s oxidativo, mientras que sus activos espec\u00edficos reactivan la piel del contorno de ojos y reducen la apariencia de las bolsas y ojeras.<\/p>\n","protected":false},"excerpt":{"rendered":"<p>Cont. 15 ml.<\/p>\n<p>Reduce la apariencia de hinchaz\u00f3n y signos de fatiga.<\/p>\n","protected":false},"featured_media":3119,"comment_status":"open","ping_status":"closed","template":"","meta":[],"product_cat":[126,129,112,27],"product_tag":[177,174,168,167,165,171,166,164],"class_list":{"0":"post-823","1":"product","2":"type-product","3":"status-publish","4":"has-post-thumbnail","6":"product_cat-anti-edad","7":"product_cat-contorno-de-ojos-anti-edad-cuidado-facial","8":"product_cat-cuidado-facial","9":"product_cat-skinceuticals","10":"product_tag-anti-edad","11":"product_tag-dia","12":"product_tag-grasa","13":"product_tag-mixta","14":"product_tag-normal","15":"product_tag-piel-madura","16":"product_tag-seca","17":"product_tag-sensible","19":"first","20":"outofstock","21":"shipping-taxable","22":"purchasable","23":"product-type-simple"},"_links":{"self":[{"href":"https:\/\/www.spaoneandonly.cl\/productos\/wp-json\/wp\/v2\/product\/823","targetHints":{"allow":["GET"]}}],"collection":[{"href":"https:\/\/www.spaoneandonly.cl\/productos\/wp-json\/wp\/v2\/product"}],"about":[{"href":"https:\/\/www.spaoneandonly.cl\/productos\/wp-json\/wp\/v2\/types\/product"}],"replies":[{"embeddable":true,"href":"https:\/\/www.spaoneandonly.cl\/productos\/wp-json\/wp\/v2\/comments?post=823"}],"wp:featuredmedia":[{"embeddable":true,"href":"https:\/\/www.spaoneandonly.cl\/productos\/wp-json\/wp\/v2\/media\/3119"}],"wp:attachment":[{"href":"https:\/\/www.spaoneandonly.cl\/productos\/wp-json\/wp\/v2\/media?parent=823"}],"wp:term":[{"taxonomy":"product_cat","embeddable":true,"href":"https:\/\/www.spaoneandonly.cl\/productos\/wp-json\/wp\/v2\/product_cat?post=823"},{"taxonomy":"product_tag","embeddable":true,"href":"https:\/\/www.spaoneandonly.cl\/productos\/wp-json\/wp\/v2\/product_tag?post=823"}],"curies":[{"name":"wp","href":"https:\/\/api.w.org\/{rel}","templated":true}]}}