{"id":739,"date":"2020-06-06T03:00:30","date_gmt":"2020-06-06T07:00:30","guid":{"rendered":"https:\/\/www.spaoneandonly.cl\/productos\/?post_type=product&#038;p=739"},"modified":"2025-06-04T12:30:40","modified_gmt":"2025-06-04T16:30:40","slug":"retinol-youth-renewal-serum","status":"publish","type":"product","link":"https:\/\/www.spaoneandonly.cl\/productos\/item\/retinol-youth-renewal-serum\/","title":{"rendered":"Retinol Youth Renewal Serum"},"content":{"rendered":"<p>Un Retinoide de acci\u00f3n r\u00e1pida, Retinol liberado por el tiempo , y un Retinol reforzado.\u00a0Es una poderosa y suave f\u00f3rmula que minimiza las arrugas, empareja el tono, mejorando la iluminaci\u00f3n, as\u00ed obteniendo una apariencia m\u00e1s juvenil y vibrante<\/p>\n<p>En dos semanas un:<br \/>\n93% not\u00f3 una importante reducci\u00f3n en l\u00edneas de expresion y arrugas<br \/>\n98% not\u00f3 una piel mucho m\u00e1s suave y brillante<\/p>\n","protected":false},"excerpt":{"rendered":"<p>2 \u2013 Trata | Repara<br \/>\nCont. 30 ML.<\/p>\n<p>Suero revolucionario, impulsado por Retinol Tri-Active Technology.<\/p>\n","protected":false},"featured_media":2965,"comment_status":"open","ping_status":"closed","template":"","meta":[],"product_cat":[126,112,127,54],"product_tag":[177,172,168,167,165,171,166,164],"class_list":{"0":"post-739","1":"product","2":"type-product","3":"status-publish","4":"has-post-thumbnail","6":"product_cat-anti-edad","7":"product_cat-cuidado-facial","8":"product_cat-serums-anti-edad-cuidado-facial","9":"product_cat-murad","10":"product_tag-anti-edad","11":"product_tag-dia-noche","12":"product_tag-grasa","13":"product_tag-mixta","14":"product_tag-normal","15":"product_tag-piel-madura","16":"product_tag-seca","17":"product_tag-sensible","19":"first","20":"outofstock","21":"shipping-taxable","22":"purchasable","23":"product-type-simple"},"_links":{"self":[{"href":"https:\/\/www.spaoneandonly.cl\/productos\/wp-json\/wp\/v2\/product\/739","targetHints":{"allow":["GET"]}}],"collection":[{"href":"https:\/\/www.spaoneandonly.cl\/productos\/wp-json\/wp\/v2\/product"}],"about":[{"href":"https:\/\/www.spaoneandonly.cl\/productos\/wp-json\/wp\/v2\/types\/product"}],"replies":[{"embeddable":true,"href":"https:\/\/www.spaoneandonly.cl\/productos\/wp-json\/wp\/v2\/comments?post=739"}],"wp:featuredmedia":[{"embeddable":true,"href":"https:\/\/www.spaoneandonly.cl\/productos\/wp-json\/wp\/v2\/media\/2965"}],"wp:attachment":[{"href":"https:\/\/www.spaoneandonly.cl\/productos\/wp-json\/wp\/v2\/media?parent=739"}],"wp:term":[{"taxonomy":"product_cat","embeddable":true,"href":"https:\/\/www.spaoneandonly.cl\/productos\/wp-json\/wp\/v2\/product_cat?post=739"},{"taxonomy":"product_tag","embeddable":true,"href":"https:\/\/www.spaoneandonly.cl\/productos\/wp-json\/wp\/v2\/product_tag?post=739"}],"curies":[{"name":"wp","href":"https:\/\/api.w.org\/{rel}","templated":true}]}}