{"id":737,"date":"2020-06-06T02:54:36","date_gmt":"2020-06-06T06:54:36","guid":{"rendered":"https:\/\/www.spaoneandonly.cl\/productos\/?post_type=product&#038;p=737"},"modified":"2025-06-04T12:31:12","modified_gmt":"2025-06-04T16:31:12","slug":"retinol-youth-renewal-night-cream","status":"publish","type":"product","link":"https:\/\/www.spaoneandonly.cl\/productos\/item\/retinol-youth-renewal-night-cream\/","title":{"rendered":"Retinol Youth Renewal Night Cream"},"content":{"rendered":"<p>Esta maravillosa crema nocturna de Retinol, impulsada por la avanzada tecnolog\u00eda Retinol Tri-Active, ofrece resultados transformadores al minimizar visiblemente las l\u00edneas y arrugas. Suaviza la textura de la piel. Un extracto de algas rojas rico en p\u00e9ptidos ayuda a mejorar la firmeza y la elasticidad. Esta crema nocturna intensamente nutritiva se derrite en la piel logrando una tez flexible y vibrante.<\/p>\n","protected":false},"excerpt":{"rendered":"<p>Cont. 30 ml.<\/p>\n<p>Activa a la juventud mientras duermes.<\/p>\n","protected":false},"featured_media":2963,"comment_status":"open","ping_status":"closed","template":"","meta":[],"product_cat":[126,128,112,54],"product_tag":[177,168,167,178,165,171,166,164],"class_list":{"0":"post-737","1":"product","2":"type-product","3":"status-publish","4":"has-post-thumbnail","6":"product_cat-anti-edad","7":"product_cat-cremas-anti-edad-cuidado-facial","8":"product_cat-cuidado-facial","9":"product_cat-murad","10":"product_tag-anti-edad","11":"product_tag-grasa","12":"product_tag-mixta","13":"product_tag-noche","14":"product_tag-normal","15":"product_tag-piel-madura","16":"product_tag-seca","17":"product_tag-sensible","19":"first","20":"outofstock","21":"shipping-taxable","22":"purchasable","23":"product-type-simple"},"_links":{"self":[{"href":"https:\/\/www.spaoneandonly.cl\/productos\/wp-json\/wp\/v2\/product\/737","targetHints":{"allow":["GET"]}}],"collection":[{"href":"https:\/\/www.spaoneandonly.cl\/productos\/wp-json\/wp\/v2\/product"}],"about":[{"href":"https:\/\/www.spaoneandonly.cl\/productos\/wp-json\/wp\/v2\/types\/product"}],"replies":[{"embeddable":true,"href":"https:\/\/www.spaoneandonly.cl\/productos\/wp-json\/wp\/v2\/comments?post=737"}],"wp:featuredmedia":[{"embeddable":true,"href":"https:\/\/www.spaoneandonly.cl\/productos\/wp-json\/wp\/v2\/media\/2963"}],"wp:attachment":[{"href":"https:\/\/www.spaoneandonly.cl\/productos\/wp-json\/wp\/v2\/media?parent=737"}],"wp:term":[{"taxonomy":"product_cat","embeddable":true,"href":"https:\/\/www.spaoneandonly.cl\/productos\/wp-json\/wp\/v2\/product_cat?post=737"},{"taxonomy":"product_tag","embeddable":true,"href":"https:\/\/www.spaoneandonly.cl\/productos\/wp-json\/wp\/v2\/product_tag?post=737"}],"curies":[{"name":"wp","href":"https:\/\/api.w.org\/{rel}","templated":true}]}}