{"id":733,"date":"2020-06-06T02:43:14","date_gmt":"2020-06-06T06:43:14","guid":{"rendered":"https:\/\/www.spaoneandonly.cl\/productos\/?post_type=product&#038;p=733"},"modified":"2025-01-20T15:52:17","modified_gmt":"2025-01-20T18:52:17","slug":"renewing-eye-cream","status":"publish","type":"product","link":"https:\/\/www.spaoneandonly.cl\/productos\/item\/renewing-eye-cream\/","title":{"rendered":"Renewing Eye Cream"},"content":{"rendered":"<p>Ilumina, hidrata y reduce al m\u00ednimo la aparici\u00f3n del envejecimiento prematuro y las ojeras. Palmitoil pentap\u00e9ptido-4 reduce de medio a profundo las l\u00edneas de expresi\u00f3n, y disminuye la hinchaz\u00f3n del contorno de los ojo y los hace lucir mucho m\u00e1s brillante e iluminadas.<\/p>\n<p>Renewing Eye Cream de Murad se sugiere para personas que buscan:<\/p>\n<p>&#8211; Minimizar las ojeras<br \/>\n&#8211; Reducir la hinchaz\u00f3n<br \/>\n&#8211; Reducir las l\u00edneas de expresi\u00f3n de los ojos<\/p>\n","protected":false},"excerpt":{"rendered":"<p>2 \u2013 Trata | Repara<br \/>\nCont. 30 ml.<\/p>\n<p>Tratamiento multi-activo y anti-edad que reafirma toda el \u00e1rea del ojo.<\/p>\n","protected":false},"featured_media":2972,"comment_status":"open","ping_status":"closed","template":"","meta":[],"product_cat":[126,120,129,112,117,54],"product_tag":[177,172,168,167,165,170,171,166,164],"class_list":{"0":"post-733","1":"product","2":"type-product","3":"status-publish","4":"has-post-thumbnail","6":"product_cat-anti-edad","7":"product_cat-contorno-de-ojos-hidratacion","8":"product_cat-contorno-de-ojos-anti-edad-cuidado-facial","9":"product_cat-cuidado-facial","10":"product_cat-hidratacion","11":"product_cat-murad","12":"product_tag-anti-edad","13":"product_tag-dia-noche","14":"product_tag-grasa","15":"product_tag-mixta","16":"product_tag-normal","17":"product_tag-piel-joven","18":"product_tag-piel-madura","19":"product_tag-seca","20":"product_tag-sensible","22":"first","23":"outofstock","24":"shipping-taxable","25":"purchasable","26":"product-type-simple"},"_links":{"self":[{"href":"https:\/\/www.spaoneandonly.cl\/productos\/wp-json\/wp\/v2\/product\/733","targetHints":{"allow":["GET"]}}],"collection":[{"href":"https:\/\/www.spaoneandonly.cl\/productos\/wp-json\/wp\/v2\/product"}],"about":[{"href":"https:\/\/www.spaoneandonly.cl\/productos\/wp-json\/wp\/v2\/types\/product"}],"replies":[{"embeddable":true,"href":"https:\/\/www.spaoneandonly.cl\/productos\/wp-json\/wp\/v2\/comments?post=733"}],"wp:featuredmedia":[{"embeddable":true,"href":"https:\/\/www.spaoneandonly.cl\/productos\/wp-json\/wp\/v2\/media\/2972"}],"wp:attachment":[{"href":"https:\/\/www.spaoneandonly.cl\/productos\/wp-json\/wp\/v2\/media?parent=733"}],"wp:term":[{"taxonomy":"product_cat","embeddable":true,"href":"https:\/\/www.spaoneandonly.cl\/productos\/wp-json\/wp\/v2\/product_cat?post=733"},{"taxonomy":"product_tag","embeddable":true,"href":"https:\/\/www.spaoneandonly.cl\/productos\/wp-json\/wp\/v2\/product_tag?post=733"}],"curies":[{"name":"wp","href":"https:\/\/api.w.org\/{rel}","templated":true}]}}