{"id":729,"date":"2020-06-06T00:07:12","date_gmt":"2020-06-06T04:07:12","guid":{"rendered":"https:\/\/www.spaoneandonly.cl\/productos\/?post_type=product&#038;p=729"},"modified":"2025-01-20T15:45:58","modified_gmt":"2025-01-20T18:45:58","slug":"retinol-youth-renewal-eye-serum","status":"publish","type":"product","link":"https:\/\/www.spaoneandonly.cl\/productos\/item\/retinol-youth-renewal-eye-serum\/","title":{"rendered":"Retinol Youth Renewal Eye Serum"},"content":{"rendered":"<p>Minimiza la apariencia de arrugas y l\u00edneas de expresi\u00f3n,\u00a0y a la vez infunde a la piel un Complejo de Kelp Marina rico en nutrientes para levantar,\u00a0reafirmar y aclarar notoriamente las ojeras.\u00a0Notar\u00e1s ojos revitalizados y de aspecto juvenil comenzando en solo una semana. *<\/p>\n<p>Soluci\u00f3n para:\u00a0<strong>L\u00edneas y arrugas,\u00a0L\u00edneas de expresi\u00f3n,\u00a0Ojeras,\u00a0P\u00e9rdida de firmeza<\/strong><\/p>\n<p>El 93% observ\u00f3 una reducci\u00f3n en las l\u00edneas y las arrugas, y el 87% not\u00f3 una piel del \u00e1rea de los ojos m\u00e1s firme en 4 semanas. *<\/p>\n","protected":false},"excerpt":{"rendered":"<p>Cont. 15 ml.<\/p>\n<p>Potente tratamiento que minimiza la apariencia de arrugas y l\u00edneas de expresi\u00f3n.<\/p>\n","protected":false},"featured_media":2966,"comment_status":"open","ping_status":"closed","template":"","meta":[],"product_cat":[126,129,112,127,54],"product_tag":[177,172,168,167,165,171,166,164],"class_list":{"0":"post-729","1":"product","2":"type-product","3":"status-publish","4":"has-post-thumbnail","6":"product_cat-anti-edad","7":"product_cat-contorno-de-ojos-anti-edad-cuidado-facial","8":"product_cat-cuidado-facial","9":"product_cat-serums-anti-edad-cuidado-facial","10":"product_cat-murad","11":"product_tag-anti-edad","12":"product_tag-dia-noche","13":"product_tag-grasa","14":"product_tag-mixta","15":"product_tag-normal","16":"product_tag-piel-madura","17":"product_tag-seca","18":"product_tag-sensible","20":"first","21":"outofstock","22":"shipping-taxable","23":"purchasable","24":"product-type-simple"},"_links":{"self":[{"href":"https:\/\/www.spaoneandonly.cl\/productos\/wp-json\/wp\/v2\/product\/729","targetHints":{"allow":["GET"]}}],"collection":[{"href":"https:\/\/www.spaoneandonly.cl\/productos\/wp-json\/wp\/v2\/product"}],"about":[{"href":"https:\/\/www.spaoneandonly.cl\/productos\/wp-json\/wp\/v2\/types\/product"}],"replies":[{"embeddable":true,"href":"https:\/\/www.spaoneandonly.cl\/productos\/wp-json\/wp\/v2\/comments?post=729"}],"wp:featuredmedia":[{"embeddable":true,"href":"https:\/\/www.spaoneandonly.cl\/productos\/wp-json\/wp\/v2\/media\/2966"}],"wp:attachment":[{"href":"https:\/\/www.spaoneandonly.cl\/productos\/wp-json\/wp\/v2\/media?parent=729"}],"wp:term":[{"taxonomy":"product_cat","embeddable":true,"href":"https:\/\/www.spaoneandonly.cl\/productos\/wp-json\/wp\/v2\/product_cat?post=729"},{"taxonomy":"product_tag","embeddable":true,"href":"https:\/\/www.spaoneandonly.cl\/productos\/wp-json\/wp\/v2\/product_tag?post=729"}],"curies":[{"name":"wp","href":"https:\/\/api.w.org\/{rel}","templated":true}]}}