{"id":679,"date":"2020-06-05T05:32:58","date_gmt":"2020-06-05T09:32:58","guid":{"rendered":"https:\/\/www.spaoneandonly.cl\/productos\/?post_type=product&#038;p=679"},"modified":"2026-01-07T13:52:05","modified_gmt":"2026-01-07T16:52:05","slug":"repair-night-progress-eye","status":"publish","type":"product","link":"https:\/\/www.spaoneandonly.cl\/productos\/item\/repair-night-progress-eye\/","title":{"rendered":"Repair Night Progress Eye"},"content":{"rendered":"<p>Refuerza poderosamente la barrera de protecci\u00f3n de la piel en esta zona durante el d\u00eda, evitando el da\u00f1o cut\u00e1neo y activa su capacidad de auto-recuperaci\u00f3n durante la noche. Repair Night Progress Eye act\u00faa de forma precisa, de d\u00eda y de noche, reduciendo los signos del envejecimiento (finas l\u00edneas, flacidez, arrugas) y mitigando los signos de cansancio propios de esta zona como bolsas y ojeras.<\/p>\n","protected":false},"excerpt":{"rendered":"<p>Cont. 15 ml.<\/p>\n<p>S\u00e9rum recuperador intensivo contorno de ojos.<\/p>\n","protected":false},"featured_media":680,"comment_status":"open","ping_status":"closed","template":"","meta":[],"product_cat":[126,129,112,127,16],"product_tag":[177,172,168,167,165,170,171,166,164],"class_list":{"0":"post-679","1":"product","2":"type-product","3":"status-publish","4":"has-post-thumbnail","6":"product_cat-anti-edad","7":"product_cat-contorno-de-ojos-anti-edad-cuidado-facial","8":"product_cat-cuidado-facial","9":"product_cat-serums-anti-edad-cuidado-facial","10":"product_cat-germaine-de-capuccini","11":"product_tag-anti-edad","12":"product_tag-dia-noche","13":"product_tag-grasa","14":"product_tag-mixta","15":"product_tag-normal","16":"product_tag-piel-joven","17":"product_tag-piel-madura","18":"product_tag-seca","19":"product_tag-sensible","21":"first","22":"outofstock","23":"shipping-taxable","24":"purchasable","25":"product-type-simple"},"_links":{"self":[{"href":"https:\/\/www.spaoneandonly.cl\/productos\/wp-json\/wp\/v2\/product\/679","targetHints":{"allow":["GET"]}}],"collection":[{"href":"https:\/\/www.spaoneandonly.cl\/productos\/wp-json\/wp\/v2\/product"}],"about":[{"href":"https:\/\/www.spaoneandonly.cl\/productos\/wp-json\/wp\/v2\/types\/product"}],"replies":[{"embeddable":true,"href":"https:\/\/www.spaoneandonly.cl\/productos\/wp-json\/wp\/v2\/comments?post=679"}],"wp:featuredmedia":[{"embeddable":true,"href":"https:\/\/www.spaoneandonly.cl\/productos\/wp-json\/wp\/v2\/media\/680"}],"wp:attachment":[{"href":"https:\/\/www.spaoneandonly.cl\/productos\/wp-json\/wp\/v2\/media?parent=679"}],"wp:term":[{"taxonomy":"product_cat","embeddable":true,"href":"https:\/\/www.spaoneandonly.cl\/productos\/wp-json\/wp\/v2\/product_cat?post=679"},{"taxonomy":"product_tag","embeddable":true,"href":"https:\/\/www.spaoneandonly.cl\/productos\/wp-json\/wp\/v2\/product_tag?post=679"}],"curies":[{"name":"wp","href":"https:\/\/api.w.org\/{rel}","templated":true}]}}