{"id":653,"date":"2020-06-05T03:47:03","date_gmt":"2020-06-05T07:47:03","guid":{"rendered":"https:\/\/www.spaoneandonly.cl\/productos\/?post_type=product&#038;p=653"},"modified":"2025-01-20T15:59:13","modified_gmt":"2025-01-20T18:59:13","slug":"vector-lift-master-serum-de-firmeza","status":"publish","type":"product","link":"https:\/\/www.spaoneandonly.cl\/productos\/item\/vector-lift-master-serum-de-firmeza\/","title":{"rendered":"Vector Lift M\u00e1ster S\u00e9rum de Firmeza"},"content":{"rendered":"<p>Vector Lift M\u00e1ster S\u00e9rum de Firmeza corrige de forma espectacular los signos m\u00e1s evidentes de la edad. Reconstruye la estructura de soporte, reposiciona los vol\u00famenes faciales y define los contornos. Desarrollado con V-Matrix. Biotecnolog\u00eda y naturaleza unidas para reforzar la malla que subyace bajo la piel d\u00e1ndole soporte y volumen. El lifting se genera en el interior para hacerse visible en el exterior. Eleva, rellena y tensa.<\/p>\n","protected":false},"excerpt":{"rendered":"<p>Cont. 50 ml.<\/p>\n<p>Poderoso concentrado que aporta firmeza y redefine el \u00f3valo facial.<\/p>\n","protected":false},"featured_media":654,"comment_status":"open","ping_status":"closed","template":"","meta":[],"product_cat":[126,112,127,16],"product_tag":[177,172,168,167,165,171,166,164],"class_list":{"0":"post-653","1":"product","2":"type-product","3":"status-publish","4":"has-post-thumbnail","6":"product_cat-anti-edad","7":"product_cat-cuidado-facial","8":"product_cat-serums-anti-edad-cuidado-facial","9":"product_cat-germaine-de-capuccini","10":"product_tag-anti-edad","11":"product_tag-dia-noche","12":"product_tag-grasa","13":"product_tag-mixta","14":"product_tag-normal","15":"product_tag-piel-madura","16":"product_tag-seca","17":"product_tag-sensible","19":"first","20":"outofstock","21":"shipping-taxable","22":"purchasable","23":"product-type-simple"},"_links":{"self":[{"href":"https:\/\/www.spaoneandonly.cl\/productos\/wp-json\/wp\/v2\/product\/653","targetHints":{"allow":["GET"]}}],"collection":[{"href":"https:\/\/www.spaoneandonly.cl\/productos\/wp-json\/wp\/v2\/product"}],"about":[{"href":"https:\/\/www.spaoneandonly.cl\/productos\/wp-json\/wp\/v2\/types\/product"}],"replies":[{"embeddable":true,"href":"https:\/\/www.spaoneandonly.cl\/productos\/wp-json\/wp\/v2\/comments?post=653"}],"wp:featuredmedia":[{"embeddable":true,"href":"https:\/\/www.spaoneandonly.cl\/productos\/wp-json\/wp\/v2\/media\/654"}],"wp:attachment":[{"href":"https:\/\/www.spaoneandonly.cl\/productos\/wp-json\/wp\/v2\/media?parent=653"}],"wp:term":[{"taxonomy":"product_cat","embeddable":true,"href":"https:\/\/www.spaoneandonly.cl\/productos\/wp-json\/wp\/v2\/product_cat?post=653"},{"taxonomy":"product_tag","embeddable":true,"href":"https:\/\/www.spaoneandonly.cl\/productos\/wp-json\/wp\/v2\/product_tag?post=653"}],"curies":[{"name":"wp","href":"https:\/\/api.w.org\/{rel}","templated":true}]}}