{"id":651,"date":"2020-06-05T03:41:30","date_gmt":"2020-06-05T07:41:30","guid":{"rendered":"https:\/\/www.spaoneandonly.cl\/productos\/?post_type=product&#038;p=651"},"modified":"2024-11-11T13:08:34","modified_gmt":"2024-11-11T16:08:34","slug":"crema-tenso-reafirmante-cuello-y-escote","status":"publish","type":"product","link":"https:\/\/www.spaoneandonly.cl\/productos\/item\/crema-tenso-reafirmante-cuello-y-escote\/","title":{"rendered":"Crema Tenso-Reafirmante Cuello y Escote"},"content":{"rendered":"<p>La piel del cuello es m\u00e1s fr\u00e1gil que la del rostro y, por tanto, m\u00e1s vulnerable a la p\u00e9rdida de firmeza. La estrategia antienvejecimiento requiere en este caso cuidados y activos muy espec\u00edficos que otros tratamientos no ofrecen.<\/p>\n","protected":false},"excerpt":{"rendered":"<p>Cont. 50 ml.<\/p>\n<p>Cuidado espec\u00edfico para la zona de cuello y escote de poderosa acci\u00f3n lifting y anti-oxidante.<\/p>\n","protected":false},"featured_media":652,"comment_status":"open","ping_status":"closed","template":"","meta":[],"product_cat":[126,128,112,16],"product_tag":[177,172,168,167,165,171,166,164],"class_list":{"0":"post-651","1":"product","2":"type-product","3":"status-publish","4":"has-post-thumbnail","6":"product_cat-anti-edad","7":"product_cat-cremas-anti-edad-cuidado-facial","8":"product_cat-cuidado-facial","9":"product_cat-germaine-de-capuccini","10":"product_tag-anti-edad","11":"product_tag-dia-noche","12":"product_tag-grasa","13":"product_tag-mixta","14":"product_tag-normal","15":"product_tag-piel-madura","16":"product_tag-seca","17":"product_tag-sensible","19":"first","20":"outofstock","21":"shipping-taxable","22":"purchasable","23":"product-type-simple"},"_links":{"self":[{"href":"https:\/\/www.spaoneandonly.cl\/productos\/wp-json\/wp\/v2\/product\/651","targetHints":{"allow":["GET"]}}],"collection":[{"href":"https:\/\/www.spaoneandonly.cl\/productos\/wp-json\/wp\/v2\/product"}],"about":[{"href":"https:\/\/www.spaoneandonly.cl\/productos\/wp-json\/wp\/v2\/types\/product"}],"replies":[{"embeddable":true,"href":"https:\/\/www.spaoneandonly.cl\/productos\/wp-json\/wp\/v2\/comments?post=651"}],"wp:featuredmedia":[{"embeddable":true,"href":"https:\/\/www.spaoneandonly.cl\/productos\/wp-json\/wp\/v2\/media\/652"}],"wp:attachment":[{"href":"https:\/\/www.spaoneandonly.cl\/productos\/wp-json\/wp\/v2\/media?parent=651"}],"wp:term":[{"taxonomy":"product_cat","embeddable":true,"href":"https:\/\/www.spaoneandonly.cl\/productos\/wp-json\/wp\/v2\/product_cat?post=651"},{"taxonomy":"product_tag","embeddable":true,"href":"https:\/\/www.spaoneandonly.cl\/productos\/wp-json\/wp\/v2\/product_tag?post=651"}],"curies":[{"name":"wp","href":"https:\/\/api.w.org\/{rel}","templated":true}]}}