{"id":619,"date":"2020-06-04T00:38:06","date_gmt":"2020-06-04T04:38:06","guid":{"rendered":"https:\/\/www.spaoneandonly.cl\/productos\/?post_type=product&#038;p=619"},"modified":"2025-11-05T15:49:44","modified_gmt":"2025-11-05T18:49:44","slug":"crema-suprema-definicion","status":"publish","type":"product","link":"https:\/\/www.spaoneandonly.cl\/productos\/item\/crema-suprema-definicion\/","title":{"rendered":"Crema Suprema Definici\u00f3n"},"content":{"rendered":"<p>Con extraordinarias propiedades anti-edad, aporta una profunda hidrataci\u00f3n, mejorando de manera instant\u00e1nea la textura y el relieve de la piel y creando una pel\u00edcula protectora que la a\u00edsla y la defiende de la contaminaci\u00f3n ambiental.<\/p>\n","protected":false},"excerpt":{"rendered":"<p>Cont. 50 ml.<\/p>\n<p>Crema anti-edad que trabaja en profundidad la piel, dot\u00e1ndola de una nueva firmeza.<\/p>\n","protected":false},"featured_media":620,"comment_status":"open","ping_status":"closed","template":"","meta":[],"product_cat":[126,119,128,112,117,16],"product_tag":[177,172,168,167,165,171,166,164],"class_list":{"0":"post-619","1":"product","2":"type-product","3":"status-publish","4":"has-post-thumbnail","6":"product_cat-anti-edad","7":"product_cat-cremas-hidratacion","8":"product_cat-cremas-anti-edad-cuidado-facial","9":"product_cat-cuidado-facial","10":"product_cat-hidratacion","11":"product_cat-germaine-de-capuccini","12":"product_tag-anti-edad","13":"product_tag-dia-noche","14":"product_tag-grasa","15":"product_tag-mixta","16":"product_tag-normal","17":"product_tag-piel-madura","18":"product_tag-seca","19":"product_tag-sensible","21":"first","22":"outofstock","23":"shipping-taxable","24":"purchasable","25":"product-type-simple"},"_links":{"self":[{"href":"https:\/\/www.spaoneandonly.cl\/productos\/wp-json\/wp\/v2\/product\/619","targetHints":{"allow":["GET"]}}],"collection":[{"href":"https:\/\/www.spaoneandonly.cl\/productos\/wp-json\/wp\/v2\/product"}],"about":[{"href":"https:\/\/www.spaoneandonly.cl\/productos\/wp-json\/wp\/v2\/types\/product"}],"replies":[{"embeddable":true,"href":"https:\/\/www.spaoneandonly.cl\/productos\/wp-json\/wp\/v2\/comments?post=619"}],"wp:featuredmedia":[{"embeddable":true,"href":"https:\/\/www.spaoneandonly.cl\/productos\/wp-json\/wp\/v2\/media\/620"}],"wp:attachment":[{"href":"https:\/\/www.spaoneandonly.cl\/productos\/wp-json\/wp\/v2\/media?parent=619"}],"wp:term":[{"taxonomy":"product_cat","embeddable":true,"href":"https:\/\/www.spaoneandonly.cl\/productos\/wp-json\/wp\/v2\/product_cat?post=619"},{"taxonomy":"product_tag","embeddable":true,"href":"https:\/\/www.spaoneandonly.cl\/productos\/wp-json\/wp\/v2\/product_tag?post=619"}],"curies":[{"name":"wp","href":"https:\/\/api.w.org\/{rel}","templated":true}]}}