{"id":608,"date":"2020-06-03T19:10:32","date_gmt":"2020-06-03T23:10:32","guid":{"rendered":"https:\/\/www.spaoneandonly.cl\/productos\/?post_type=product&#038;p=608"},"modified":"2025-11-05T15:50:33","modified_gmt":"2025-11-05T18:50:33","slug":"emulsion-multi-correccion-intensiva","status":"publish","type":"product","link":"https:\/\/www.spaoneandonly.cl\/productos\/item\/emulsion-multi-correccion-intensiva\/","title":{"rendered":"Emulsi\u00f3n Multi-Correcci\u00f3n Intensiva"},"content":{"rendered":"<p>Sensacional tratamiento de potente acci\u00f3n antioxidante que asocia la novedosa acci\u00f3n \u201canti-glicaci\u00f3n\u201d: inhibe y retrasa la formaci\u00f3n de los A.G.E.\u2019s, retrasando el envejecimiento cut\u00e1neo. Un magn\u00edfico aporte de firmeza y elasticidad que mejora el color, la luminosidad y la hidrataci\u00f3n de la piel.<\/p>\n","protected":false},"excerpt":{"rendered":"<p>Cont. 50 ml.<\/p>\n<p>Magn\u00edfico aporte de firmeza y elasticidad que mejora el color, la luminosidad y la hidrataci\u00f3n para pieles mixtas.<\/p>\n","protected":false},"featured_media":609,"comment_status":"open","ping_status":"closed","template":"","meta":[],"product_cat":[126,119,128,112,117,16],"product_tag":[177,172,167,170,171],"class_list":{"0":"post-608","1":"product","2":"type-product","3":"status-publish","4":"has-post-thumbnail","6":"product_cat-anti-edad","7":"product_cat-cremas-hidratacion","8":"product_cat-cremas-anti-edad-cuidado-facial","9":"product_cat-cuidado-facial","10":"product_cat-hidratacion","11":"product_cat-germaine-de-capuccini","12":"product_tag-anti-edad","13":"product_tag-dia-noche","14":"product_tag-mixta","15":"product_tag-piel-joven","16":"product_tag-piel-madura","18":"first","19":"outofstock","20":"shipping-taxable","21":"purchasable","22":"product-type-simple"},"_links":{"self":[{"href":"https:\/\/www.spaoneandonly.cl\/productos\/wp-json\/wp\/v2\/product\/608","targetHints":{"allow":["GET"]}}],"collection":[{"href":"https:\/\/www.spaoneandonly.cl\/productos\/wp-json\/wp\/v2\/product"}],"about":[{"href":"https:\/\/www.spaoneandonly.cl\/productos\/wp-json\/wp\/v2\/types\/product"}],"replies":[{"embeddable":true,"href":"https:\/\/www.spaoneandonly.cl\/productos\/wp-json\/wp\/v2\/comments?post=608"}],"wp:featuredmedia":[{"embeddable":true,"href":"https:\/\/www.spaoneandonly.cl\/productos\/wp-json\/wp\/v2\/media\/609"}],"wp:attachment":[{"href":"https:\/\/www.spaoneandonly.cl\/productos\/wp-json\/wp\/v2\/media?parent=608"}],"wp:term":[{"taxonomy":"product_cat","embeddable":true,"href":"https:\/\/www.spaoneandonly.cl\/productos\/wp-json\/wp\/v2\/product_cat?post=608"},{"taxonomy":"product_tag","embeddable":true,"href":"https:\/\/www.spaoneandonly.cl\/productos\/wp-json\/wp\/v2\/product_tag?post=608"}],"curies":[{"name":"wp","href":"https:\/\/api.w.org\/{rel}","templated":true}]}}