{"id":552,"date":"2020-06-01T05:57:06","date_gmt":"2020-06-01T09:57:06","guid":{"rendered":"http:\/\/208.85.243.100\/~spaonea\/productos\/?post_type=product&#038;p=552"},"modified":"2026-02-18T13:37:35","modified_gmt":"2026-02-18T16:37:35","slug":"hyaluronic-force-serum-de-hidratacion-profunda","status":"publish","type":"product","link":"https:\/\/www.spaoneandonly.cl\/productos\/item\/hyaluronic-force-serum-de-hidratacion-profunda\/","title":{"rendered":"Hyaluronic Force 3d S\u00e9rum de Hidrataci\u00f3n Profunda"},"content":{"rendered":"<p>Por primera vez, una f\u00f3rmula concentrada que combina \u00c1cido Hialur\u00f3nico de alto, medio y bajo peso molecular con el nanopol\u00edmero HLG. Ahora, epidermis y dermis son m\u00e1s permeables y m\u00e1s receptivas a la introducci\u00f3n<br \/>\ndel hialur\u00f3nico y, por la tanto, esta uni\u00f3n de ingredientes consigue una eficacia \u00fanica:<\/p>\n<p>M\u00e1xima hidrataci\u00f3n en todas las capas de la piel.<br \/>\nHidrataci\u00f3n 24 horas*.<br \/>\nEfecto \u201cfiller\u201d<br \/>\nDermatol\u00f3gicamente testado en pieles sensibles y pacientes oncol\u00f3gicos. Adem\u00e1s,<\/p>\n<p>Sin perfume<br \/>\nSin siliconas<br \/>\nNo contiene frutos secos ni derivados l\u00e1cteos<br \/>\nEs apto para veganos<br \/>\nSin gluten<br \/>\nDermatol\u00f3gicamente testado en pieles sensibles<br \/>\n*Test cl\u00ednico 31 voluntarios HYALURONIC 3D FORCE + CREMA HIDRATACI\u00d3N REDENSIFICANTE<\/p>\n","protected":false},"excerpt":{"rendered":"<p>Cont. 30 ml.<\/p>\n<p>Imprescindible para pieles que necesitan un plus de hidrataci\u00f3n.<\/p>\n","protected":false},"featured_media":2181,"comment_status":"open","ping_status":"closed","template":"","meta":[],"product_cat":[126,112,117,118,127,16],"product_tag":[177,172,168,167,165,170,171,166,164],"class_list":{"0":"post-552","1":"product","2":"type-product","3":"status-publish","4":"has-post-thumbnail","6":"product_cat-anti-edad","7":"product_cat-cuidado-facial","8":"product_cat-hidratacion","9":"product_cat-serums-hidratacion","10":"product_cat-serums-anti-edad-cuidado-facial","11":"product_cat-germaine-de-capuccini","12":"product_tag-anti-edad","13":"product_tag-dia-noche","14":"product_tag-grasa","15":"product_tag-mixta","16":"product_tag-normal","17":"product_tag-piel-joven","18":"product_tag-piel-madura","19":"product_tag-seca","20":"product_tag-sensible","22":"first","23":"instock","24":"shipping-taxable","25":"purchasable","26":"product-type-simple"},"_links":{"self":[{"href":"https:\/\/www.spaoneandonly.cl\/productos\/wp-json\/wp\/v2\/product\/552","targetHints":{"allow":["GET"]}}],"collection":[{"href":"https:\/\/www.spaoneandonly.cl\/productos\/wp-json\/wp\/v2\/product"}],"about":[{"href":"https:\/\/www.spaoneandonly.cl\/productos\/wp-json\/wp\/v2\/types\/product"}],"replies":[{"embeddable":true,"href":"https:\/\/www.spaoneandonly.cl\/productos\/wp-json\/wp\/v2\/comments?post=552"}],"wp:featuredmedia":[{"embeddable":true,"href":"https:\/\/www.spaoneandonly.cl\/productos\/wp-json\/wp\/v2\/media\/2181"}],"wp:attachment":[{"href":"https:\/\/www.spaoneandonly.cl\/productos\/wp-json\/wp\/v2\/media?parent=552"}],"wp:term":[{"taxonomy":"product_cat","embeddable":true,"href":"https:\/\/www.spaoneandonly.cl\/productos\/wp-json\/wp\/v2\/product_cat?post=552"},{"taxonomy":"product_tag","embeddable":true,"href":"https:\/\/www.spaoneandonly.cl\/productos\/wp-json\/wp\/v2\/product_tag?post=552"}],"curies":[{"name":"wp","href":"https:\/\/api.w.org\/{rel}","templated":true}]}}