{"id":531,"date":"2020-06-01T02:02:36","date_gmt":"2020-06-01T06:02:36","guid":{"rendered":"http:\/\/208.85.243.100\/~spaonea\/productos\/?post_type=product&#038;p=531"},"modified":"2025-11-05T15:21:39","modified_gmt":"2025-11-05T18:21:39","slug":"crema-oxigenante-activadora-de-juventud","status":"publish","type":"product","link":"https:\/\/www.spaoneandonly.cl\/productos\/item\/crema-oxigenante-activadora-de-juventud\/","title":{"rendered":"Crema Oxigenante Activadora de Juventud"},"content":{"rendered":"<p>El tratamiento anti-edad que blinda la piel frente a los 4 tipos de contaminaci\u00f3n: atmosf\u00e9rica, solar, dom\u00e9stica y digital. La impecable fusi\u00f3n de sus potentes activos aporta una alta dosis de ox\u00edgeno al rostro, fortaleciendo sus defensas y reactivando su capacidad interna de auto-regeneraci\u00f3n.<\/p>\n","protected":false},"excerpt":{"rendered":"<p>Cont. 50 ml.<\/p>\n<p>Crema nutritiva y fundente, aporta inmediatamente una sensaci\u00f3n de tersura y suavidad para pieles secas.<\/p>\n","protected":false},"featured_media":532,"comment_status":"open","ping_status":"closed","template":"","meta":[],"product_cat":[126,119,128,112,117,16],"product_tag":[177,172,170,171,166],"class_list":{"0":"post-531","1":"product","2":"type-product","3":"status-publish","4":"has-post-thumbnail","6":"product_cat-anti-edad","7":"product_cat-cremas-hidratacion","8":"product_cat-cremas-anti-edad-cuidado-facial","9":"product_cat-cuidado-facial","10":"product_cat-hidratacion","11":"product_cat-germaine-de-capuccini","12":"product_tag-anti-edad","13":"product_tag-dia-noche","14":"product_tag-piel-joven","15":"product_tag-piel-madura","16":"product_tag-seca","18":"first","19":"instock","20":"shipping-taxable","21":"purchasable","22":"product-type-simple"},"_links":{"self":[{"href":"https:\/\/www.spaoneandonly.cl\/productos\/wp-json\/wp\/v2\/product\/531","targetHints":{"allow":["GET"]}}],"collection":[{"href":"https:\/\/www.spaoneandonly.cl\/productos\/wp-json\/wp\/v2\/product"}],"about":[{"href":"https:\/\/www.spaoneandonly.cl\/productos\/wp-json\/wp\/v2\/types\/product"}],"replies":[{"embeddable":true,"href":"https:\/\/www.spaoneandonly.cl\/productos\/wp-json\/wp\/v2\/comments?post=531"}],"wp:featuredmedia":[{"embeddable":true,"href":"https:\/\/www.spaoneandonly.cl\/productos\/wp-json\/wp\/v2\/media\/532"}],"wp:attachment":[{"href":"https:\/\/www.spaoneandonly.cl\/productos\/wp-json\/wp\/v2\/media?parent=531"}],"wp:term":[{"taxonomy":"product_cat","embeddable":true,"href":"https:\/\/www.spaoneandonly.cl\/productos\/wp-json\/wp\/v2\/product_cat?post=531"},{"taxonomy":"product_tag","embeddable":true,"href":"https:\/\/www.spaoneandonly.cl\/productos\/wp-json\/wp\/v2\/product_tag?post=531"}],"curies":[{"name":"wp","href":"https:\/\/api.w.org\/{rel}","templated":true}]}}