{"id":528,"date":"2020-06-01T01:51:01","date_gmt":"2020-06-01T05:51:01","guid":{"rendered":"http:\/\/208.85.243.100\/~spaonea\/productos\/?post_type=product&#038;p=528"},"modified":"2026-01-07T13:51:52","modified_gmt":"2026-01-07T16:51:52","slug":"locion-tonificante-confort-juventud","status":"publish","type":"product","link":"https:\/\/www.spaoneandonly.cl\/productos\/item\/locion-tonificante-confort-juventud\/","title":{"rendered":"Loci\u00f3n Tonificante Confort &amp; Juventud"},"content":{"rendered":"<p>Loci\u00f3n destinada a todo tipo de pieles, que proporciona a la piel un verdadero y placentero tratamiento de auto-defensa. Un aut\u00e9ntico tratamiento de hidrataci\u00f3n, detoxificaci\u00f3n y protecci\u00f3n.<\/p>\n","protected":false},"excerpt":{"rendered":"<p>Cont. 200 ml.<\/p>\n<p>Un aut\u00e9ntico tratamiento de hidrataci\u00f3n, detoxificaci\u00f3n y protecci\u00f3n.<\/p>\n","protected":false},"featured_media":529,"comment_status":"open","ping_status":"closed","template":"","meta":[],"product_cat":[126,112,117,123,130,16],"product_tag":[172,168,167,165,170,171,166,164],"class_list":{"0":"post-528","1":"product","2":"type-product","3":"status-publish","4":"has-post-thumbnail","6":"product_cat-anti-edad","7":"product_cat-cuidado-facial","8":"product_cat-hidratacion","9":"product_cat-lociones-hidratacion","10":"product_cat-lociones-anti-edad-cuidado-facial","11":"product_cat-germaine-de-capuccini","12":"product_tag-dia-noche","13":"product_tag-grasa","14":"product_tag-mixta","15":"product_tag-normal","16":"product_tag-piel-joven","17":"product_tag-piel-madura","18":"product_tag-seca","19":"product_tag-sensible","21":"first","22":"outofstock","23":"shipping-taxable","24":"purchasable","25":"product-type-simple"},"_links":{"self":[{"href":"https:\/\/www.spaoneandonly.cl\/productos\/wp-json\/wp\/v2\/product\/528","targetHints":{"allow":["GET"]}}],"collection":[{"href":"https:\/\/www.spaoneandonly.cl\/productos\/wp-json\/wp\/v2\/product"}],"about":[{"href":"https:\/\/www.spaoneandonly.cl\/productos\/wp-json\/wp\/v2\/types\/product"}],"replies":[{"embeddable":true,"href":"https:\/\/www.spaoneandonly.cl\/productos\/wp-json\/wp\/v2\/comments?post=528"}],"wp:featuredmedia":[{"embeddable":true,"href":"https:\/\/www.spaoneandonly.cl\/productos\/wp-json\/wp\/v2\/media\/529"}],"wp:attachment":[{"href":"https:\/\/www.spaoneandonly.cl\/productos\/wp-json\/wp\/v2\/media?parent=528"}],"wp:term":[{"taxonomy":"product_cat","embeddable":true,"href":"https:\/\/www.spaoneandonly.cl\/productos\/wp-json\/wp\/v2\/product_cat?post=528"},{"taxonomy":"product_tag","embeddable":true,"href":"https:\/\/www.spaoneandonly.cl\/productos\/wp-json\/wp\/v2\/product_tag?post=528"}],"curies":[{"name":"wp","href":"https:\/\/api.w.org\/{rel}","templated":true}]}}