{"id":523,"date":"2020-06-01T01:30:43","date_gmt":"2020-06-01T05:30:43","guid":{"rendered":"http:\/\/208.85.243.100\/~spaonea\/productos\/?post_type=product&#038;p=523"},"modified":"2025-11-05T15:49:27","modified_gmt":"2025-11-05T18:49:27","slug":"contorno-de-ojos-oxigenante-activador-de-juventud","status":"publish","type":"product","link":"https:\/\/www.spaoneandonly.cl\/productos\/item\/contorno-de-ojos-oxigenante-activador-de-juventud\/","title":{"rendered":"Contorno de Ojos Oxigenante Activador de Juventud"},"content":{"rendered":"<p>Gel-crema ligero y refrescante que alisa el contorno, minimiza bolsas y ojeras, e ilumina la mirada. Con 3 importantes acciones: Defensa frente a los 4 tipos de contaminaci\u00f3n (la contaminaci\u00f3n atmosf\u00e9rica, solar, dom\u00e9stica y digital), regeneraci\u00f3n y correcci\u00f3n: acci\u00f3n correctora frente a ojeras drenando y descongestionando la zona y frente a bolsas protegiendo el col\u00e1geno y la elastina.<\/p>\n","protected":false},"excerpt":{"rendered":"<p>Cont. 15 ml.<\/p>\n<p>Refresca y descansa la mirada fatigada, manteni\u00e9ndola protegida.<\/p>\n","protected":false},"featured_media":524,"comment_status":"open","ping_status":"closed","template":"","meta":[],"product_cat":[126,129,112,16],"product_tag":[177,172,168,167,165,170,171,166,164],"class_list":{"0":"post-523","1":"product","2":"type-product","3":"status-publish","4":"has-post-thumbnail","6":"product_cat-anti-edad","7":"product_cat-contorno-de-ojos-anti-edad-cuidado-facial","8":"product_cat-cuidado-facial","9":"product_cat-germaine-de-capuccini","10":"product_tag-anti-edad","11":"product_tag-dia-noche","12":"product_tag-grasa","13":"product_tag-mixta","14":"product_tag-normal","15":"product_tag-piel-joven","16":"product_tag-piel-madura","17":"product_tag-seca","18":"product_tag-sensible","20":"first","21":"outofstock","22":"shipping-taxable","23":"purchasable","24":"product-type-simple"},"_links":{"self":[{"href":"https:\/\/www.spaoneandonly.cl\/productos\/wp-json\/wp\/v2\/product\/523","targetHints":{"allow":["GET"]}}],"collection":[{"href":"https:\/\/www.spaoneandonly.cl\/productos\/wp-json\/wp\/v2\/product"}],"about":[{"href":"https:\/\/www.spaoneandonly.cl\/productos\/wp-json\/wp\/v2\/types\/product"}],"replies":[{"embeddable":true,"href":"https:\/\/www.spaoneandonly.cl\/productos\/wp-json\/wp\/v2\/comments?post=523"}],"wp:featuredmedia":[{"embeddable":true,"href":"https:\/\/www.spaoneandonly.cl\/productos\/wp-json\/wp\/v2\/media\/524"}],"wp:attachment":[{"href":"https:\/\/www.spaoneandonly.cl\/productos\/wp-json\/wp\/v2\/media?parent=523"}],"wp:term":[{"taxonomy":"product_cat","embeddable":true,"href":"https:\/\/www.spaoneandonly.cl\/productos\/wp-json\/wp\/v2\/product_cat?post=523"},{"taxonomy":"product_tag","embeddable":true,"href":"https:\/\/www.spaoneandonly.cl\/productos\/wp-json\/wp\/v2\/product_tag?post=523"}],"curies":[{"name":"wp","href":"https:\/\/api.w.org\/{rel}","templated":true}]}}