{"id":428,"date":"2020-05-31T14:25:37","date_gmt":"2020-05-31T18:25:37","guid":{"rendered":"http:\/\/208.85.243.100\/~spaonea\/productos\/?post_type=product&#038;p=428"},"modified":"2026-04-29T09:44:07","modified_gmt":"2026-04-29T13:44:07","slug":"jabon-liquido-higo-leche-de-almendra-500-ml","status":"publish","type":"product","link":"https:\/\/www.spaoneandonly.cl\/productos\/item\/jabon-liquido-higo-leche-de-almendra-500-ml\/","title":{"rendered":"Jab\u00f3n L\u00edquido Higo &amp; Leche de Almendra 500 ml"},"content":{"rendered":"<p>Magia olfativa de un jab\u00f3n enriquecido con prote\u00ednas de almendra como precioso suavizante de la piel. La almendra es rica en antioxidantes, en vitamina E, vitamina D, grasas y prote\u00ednas, adem\u00e1s de poseer muchos nutrientes esenciales. Tambi\u00e9n es rico en \u00e1cido oleico y linoleico.<\/p>\n","protected":false},"excerpt":{"rendered":"<p>Cont. 500 ml.<\/p>\n<div class=\"info-holder\">\n<p>Jab\u00f3n l\u00edquido en botella cil\u00edndrica<\/p>\n<\/div>\n","protected":false},"featured_media":430,"comment_status":"open","ping_status":"closed","template":"","meta":[],"product_cat":[143,147,160,156,53],"product_tag":[],"class_list":{"0":"post-428","1":"product","2":"type-product","3":"status-publish","4":"has-post-thumbnail","6":"product_cat-cuidado-cuerpo","7":"product_cat-jabones","8":"product_cat-jabones-spa-en-casa","9":"product_cat-spa-en-casa","10":"product_cat-nesti-dante-jabones-aromaticos","12":"first","13":"instock","14":"shipping-taxable","15":"purchasable","16":"product-type-simple"},"_links":{"self":[{"href":"https:\/\/www.spaoneandonly.cl\/productos\/wp-json\/wp\/v2\/product\/428","targetHints":{"allow":["GET"]}}],"collection":[{"href":"https:\/\/www.spaoneandonly.cl\/productos\/wp-json\/wp\/v2\/product"}],"about":[{"href":"https:\/\/www.spaoneandonly.cl\/productos\/wp-json\/wp\/v2\/types\/product"}],"replies":[{"embeddable":true,"href":"https:\/\/www.spaoneandonly.cl\/productos\/wp-json\/wp\/v2\/comments?post=428"}],"wp:featuredmedia":[{"embeddable":true,"href":"https:\/\/www.spaoneandonly.cl\/productos\/wp-json\/wp\/v2\/media\/430"}],"wp:attachment":[{"href":"https:\/\/www.spaoneandonly.cl\/productos\/wp-json\/wp\/v2\/media?parent=428"}],"wp:term":[{"taxonomy":"product_cat","embeddable":true,"href":"https:\/\/www.spaoneandonly.cl\/productos\/wp-json\/wp\/v2\/product_cat?post=428"},{"taxonomy":"product_tag","embeddable":true,"href":"https:\/\/www.spaoneandonly.cl\/productos\/wp-json\/wp\/v2\/product_tag?post=428"}],"curies":[{"name":"wp","href":"https:\/\/api.w.org\/{rel}","templated":true}]}}