{"id":376,"date":"2020-05-25T03:03:20","date_gmt":"2020-05-25T07:03:20","guid":{"rendered":"http:\/\/208.85.243.100\/~spaonea\/productos\/?post_type=product&#038;p=376"},"modified":"2026-04-30T12:42:53","modified_gmt":"2026-04-30T16:42:53","slug":"dei-colli-fiorentini-lavanda-relaxing-500-ml","status":"publish","type":"product","link":"https:\/\/www.spaoneandonly.cl\/productos\/item\/dei-colli-fiorentini-lavanda-relaxing-500-ml\/","title":{"rendered":"Dei Colli Fiorentini Lavanda Relaxing 500 ml"},"content":{"rendered":"<p>Jab\u00f3n vegetal l\u00edquido enriquecido con ingrediente activo de Lavanda Angustifolia, acci\u00f3n calmante.<br \/>\nLa lavanda es una planta excepcional de la flora mediterr\u00e1nea,\u00a0 con una esencia muy placentera y estimulante, adem\u00e1s de\u00a0 propiedades vigorizantes y refrescante.\u00a0\u00a0Sumergirse en un sugestivo paisaje de lavanda, de una simplicidad cautivadora y de un atractivo irresistible.\u00a0 Ideal para obtener serenidad y equilibrio, adem\u00e1s\u00a0 de disipar la tensi\u00f3n y el estres.<\/p>\n","protected":false},"excerpt":{"rendered":"<p>Cont. 500 ml.<br \/>\nDei Colli Fiorentini. Linea inspirada en los inesperables y originales perfumes de flores y coniferas tipicas de las lomas de Florencia.<\/p>\n","protected":false},"featured_media":377,"comment_status":"open","ping_status":"closed","template":"","meta":[],"product_cat":[143,147,160,156,53],"product_tag":[],"class_list":{"0":"post-376","1":"product","2":"type-product","3":"status-publish","4":"has-post-thumbnail","6":"product_cat-cuidado-cuerpo","7":"product_cat-jabones","8":"product_cat-jabones-spa-en-casa","9":"product_cat-spa-en-casa","10":"product_cat-nesti-dante-jabones-aromaticos","12":"first","13":"instock","14":"shipping-taxable","15":"purchasable","16":"product-type-simple"},"_links":{"self":[{"href":"https:\/\/www.spaoneandonly.cl\/productos\/wp-json\/wp\/v2\/product\/376","targetHints":{"allow":["GET"]}}],"collection":[{"href":"https:\/\/www.spaoneandonly.cl\/productos\/wp-json\/wp\/v2\/product"}],"about":[{"href":"https:\/\/www.spaoneandonly.cl\/productos\/wp-json\/wp\/v2\/types\/product"}],"replies":[{"embeddable":true,"href":"https:\/\/www.spaoneandonly.cl\/productos\/wp-json\/wp\/v2\/comments?post=376"}],"wp:featuredmedia":[{"embeddable":true,"href":"https:\/\/www.spaoneandonly.cl\/productos\/wp-json\/wp\/v2\/media\/377"}],"wp:attachment":[{"href":"https:\/\/www.spaoneandonly.cl\/productos\/wp-json\/wp\/v2\/media?parent=376"}],"wp:term":[{"taxonomy":"product_cat","embeddable":true,"href":"https:\/\/www.spaoneandonly.cl\/productos\/wp-json\/wp\/v2\/product_cat?post=376"},{"taxonomy":"product_tag","embeddable":true,"href":"https:\/\/www.spaoneandonly.cl\/productos\/wp-json\/wp\/v2\/product_tag?post=376"}],"curies":[{"name":"wp","href":"https:\/\/api.w.org\/{rel}","templated":true}]}}