{"id":344,"date":"2020-05-25T01:22:02","date_gmt":"2020-05-25T05:22:02","guid":{"rendered":"http:\/\/208.85.243.100\/~spaonea\/productos\/?post_type=product&#038;p=344"},"modified":"2024-10-07T18:20:38","modified_gmt":"2024-10-07T21:20:38","slug":"hydro-dynamic-ultimate-moisture","status":"publish","type":"product","link":"https:\/\/www.spaoneandonly.cl\/productos\/item\/hydro-dynamic-ultimate-moisture\/","title":{"rendered":"Hydro-Dynamic Ultimate Moisture"},"content":{"rendered":"<p>* Es lo suficientemente suave para la piel sensible. La f\u00f3rmula de esta crema facial mantiene la hidrataci\u00f3n en condiciones \u00f3ptimas gracias al aceite de oliva.<\/p>\n<p>Hydro-Dynamic Ultimate Moisture de Murad se sugiere para personas que buscan:<\/p>\n<ul>\n<li class=\"bullet-checkmark\">Aliviar la piel reseca y deshidratada<\/li>\n<li class=\"bullet-checkmark\">Restaurar resilencia juvenil<\/li>\n<li class=\"bullet-checkmark\">Mantener la hidrataci\u00f3n en \u00f3ptimas condiciones con una f\u00f3rmula lo suficientemente suave para la piel sensible.<\/li>\n<\/ul>\n<p><em>Mantiene los niveles \u00f3ptimos de humedad durante 8 horas basado en un estudio patrocinado por Murad.<\/em><\/p>\n","protected":false},"excerpt":{"rendered":"<div class=\"product-short-description\">\n<p>3 \u2013 Hidrata | Protege<br \/>\nCont. 50 ml.<\/p>\n<p>Una super-crema rica en hidratantes antiedad formulado para aliviar la piel reseca, deshidratada y restaura la elasticidad y otorga un tono juvenil en tan solo 8 horas.<\/p>\n<\/div>\n","protected":false},"featured_media":2968,"comment_status":"open","ping_status":"closed","template":"","meta":[],"product_cat":[126,119,128,112,117,54],"product_tag":[177,174,168,167,165,170,171,166,164],"class_list":{"0":"post-344","1":"product","2":"type-product","3":"status-publish","4":"has-post-thumbnail","6":"product_cat-anti-edad","7":"product_cat-cremas-hidratacion","8":"product_cat-cremas-anti-edad-cuidado-facial","9":"product_cat-cuidado-facial","10":"product_cat-hidratacion","11":"product_cat-murad","12":"product_tag-anti-edad","13":"product_tag-dia","14":"product_tag-grasa","15":"product_tag-mixta","16":"product_tag-normal","17":"product_tag-piel-joven","18":"product_tag-piel-madura","19":"product_tag-seca","20":"product_tag-sensible","22":"first","23":"outofstock","24":"shipping-taxable","25":"purchasable","26":"product-type-simple"},"_links":{"self":[{"href":"https:\/\/www.spaoneandonly.cl\/productos\/wp-json\/wp\/v2\/product\/344","targetHints":{"allow":["GET"]}}],"collection":[{"href":"https:\/\/www.spaoneandonly.cl\/productos\/wp-json\/wp\/v2\/product"}],"about":[{"href":"https:\/\/www.spaoneandonly.cl\/productos\/wp-json\/wp\/v2\/types\/product"}],"replies":[{"embeddable":true,"href":"https:\/\/www.spaoneandonly.cl\/productos\/wp-json\/wp\/v2\/comments?post=344"}],"wp:featuredmedia":[{"embeddable":true,"href":"https:\/\/www.spaoneandonly.cl\/productos\/wp-json\/wp\/v2\/media\/2968"}],"wp:attachment":[{"href":"https:\/\/www.spaoneandonly.cl\/productos\/wp-json\/wp\/v2\/media?parent=344"}],"wp:term":[{"taxonomy":"product_cat","embeddable":true,"href":"https:\/\/www.spaoneandonly.cl\/productos\/wp-json\/wp\/v2\/product_cat?post=344"},{"taxonomy":"product_tag","embeddable":true,"href":"https:\/\/www.spaoneandonly.cl\/productos\/wp-json\/wp\/v2\/product_tag?post=344"}],"curies":[{"name":"wp","href":"https:\/\/api.w.org\/{rel}","templated":true}]}}