{"id":342,"date":"2020-05-25T01:17:19","date_gmt":"2020-05-25T05:17:19","guid":{"rendered":"http:\/\/208.85.243.100\/~spaonea\/productos\/?post_type=product&#038;p=342"},"modified":"2025-01-20T16:00:16","modified_gmt":"2025-01-20T19:00:16","slug":"aha-bha-exfoliating-cleanser","status":"publish","type":"product","link":"https:\/\/www.spaoneandonly.cl\/productos\/item\/aha-bha-exfoliating-cleanser\/","title":{"rendered":"AHA\/BHA Exfoliating Cleanser"},"content":{"rendered":"<p>AHA\/BHA Exfoliating Cleanser de Murad se sugiere para personas que buscan:<\/p>\n<ul>\n<li class=\"bullet-checkmark\">Pulir las durezas e impurezas de la piel<\/li>\n<li class=\"bullet-checkmark\">Mejorar significativamente la apariencia de la piel<\/li>\n<\/ul>\n","protected":false},"excerpt":{"rendered":"<div class=\"product-short-description\">\n<p>1 \u2013 Limpia | Tonifica<br \/>\nCont. 200 ml.<\/p>\n<p>Este limpiador intensivo pule las durezas e impurezas con tres agentes exfoliantes; \u00e1cido salic\u00edlico, \u00e1cido l\u00e1ctico y \u00e1cido glic\u00f3lico y Jojoba, dejando una piel mucho m\u00e1s suave y joven.<\/p>\n<\/div>\n","protected":false},"featured_media":343,"comment_status":"open","ping_status":"closed","template":"","meta":[],"product_cat":[112,115,113,54],"product_tag":[177,174,167,165,170,171,166,164],"class_list":{"0":"post-342","1":"product","2":"type-product","3":"status-publish","4":"has-post-thumbnail","6":"product_cat-cuidado-facial","7":"product_cat-exfoliantes","8":"product_cat-limpieza","9":"product_cat-murad","10":"product_tag-anti-edad","11":"product_tag-dia","12":"product_tag-mixta","13":"product_tag-normal","14":"product_tag-piel-joven","15":"product_tag-piel-madura","16":"product_tag-seca","17":"product_tag-sensible","19":"first","20":"outofstock","21":"shipping-taxable","22":"purchasable","23":"product-type-simple"},"_links":{"self":[{"href":"https:\/\/www.spaoneandonly.cl\/productos\/wp-json\/wp\/v2\/product\/342","targetHints":{"allow":["GET"]}}],"collection":[{"href":"https:\/\/www.spaoneandonly.cl\/productos\/wp-json\/wp\/v2\/product"}],"about":[{"href":"https:\/\/www.spaoneandonly.cl\/productos\/wp-json\/wp\/v2\/types\/product"}],"replies":[{"embeddable":true,"href":"https:\/\/www.spaoneandonly.cl\/productos\/wp-json\/wp\/v2\/comments?post=342"}],"wp:featuredmedia":[{"embeddable":true,"href":"https:\/\/www.spaoneandonly.cl\/productos\/wp-json\/wp\/v2\/media\/343"}],"wp:attachment":[{"href":"https:\/\/www.spaoneandonly.cl\/productos\/wp-json\/wp\/v2\/media?parent=342"}],"wp:term":[{"taxonomy":"product_cat","embeddable":true,"href":"https:\/\/www.spaoneandonly.cl\/productos\/wp-json\/wp\/v2\/product_cat?post=342"},{"taxonomy":"product_tag","embeddable":true,"href":"https:\/\/www.spaoneandonly.cl\/productos\/wp-json\/wp\/v2\/product_tag?post=342"}],"curies":[{"name":"wp","href":"https:\/\/api.w.org\/{rel}","templated":true}]}}