{"id":3418,"date":"2025-07-22T11:57:58","date_gmt":"2025-07-22T15:57:58","guid":{"rendered":"https:\/\/www.spaoneandonly.cl\/productos\/?post_type=product&#038;p=3418"},"modified":"2026-05-01T10:50:20","modified_gmt":"2026-05-01T14:50:20","slug":"almond-touch-oil","status":"publish","type":"product","link":"https:\/\/www.spaoneandonly.cl\/productos\/item\/almond-touch-oil\/","title":{"rendered":"Almond Touch Oil"},"content":{"rendered":"<p>Sum\u00e9rgete en una experiencia sensorial \u00fanica con nuestro ic\u00f3nico Almond Touch Oil, aceite corporal (que utilizamos en nuestros masajes) que tiene un delicado y envolvente aroma a almendra que calma, hidrata y revitaliza tu piel.<\/p>\n<p>Su f\u00f3rmula sedosa y de r\u00e1pida absorci\u00f3n nutre profundamente, dejando la piel suave, luminosa y deliciosamente perfumada. <\/p>\n<p>Ideal para todo tipo de piel.<\/p>\n<p>Modo de uso:<br \/>\nAplica sobre la piel limpia, masajeando suavemente con movimientos circulares en todo el cuerpo. \u00dasalo solo o m\u00e9zclalo con tu crema corporal para potenciar la hidrataci\u00f3n.<\/p>\n<p>Consejo:<br \/>\nConserva el producto en un lugar fresco y seco para mantener sus propiedades intactas.<\/p>\n","protected":false},"excerpt":{"rendered":"<p>Aceite corporal con aroma a almendra \u2013 300 ml<\/p>\n","protected":false},"featured_media":3419,"comment_status":"open","ping_status":"closed","template":"","meta":[],"product_cat":[145,161,143,156,185,29],"product_tag":[],"class_list":{"0":"post-3418","1":"product","2":"type-product","3":"status-publish","4":"has-post-thumbnail","6":"product_cat-aceites-y-cremas","7":"product_cat-aceites-y-cremas-spa-en-casa","8":"product_cat-cuidado-cuerpo","9":"product_cat-spa-en-casa","10":"product_cat-marcas","11":"product_cat-one-only","13":"first","14":"instock","15":"shipping-taxable","16":"purchasable","17":"product-type-simple"},"_links":{"self":[{"href":"https:\/\/www.spaoneandonly.cl\/productos\/wp-json\/wp\/v2\/product\/3418","targetHints":{"allow":["GET"]}}],"collection":[{"href":"https:\/\/www.spaoneandonly.cl\/productos\/wp-json\/wp\/v2\/product"}],"about":[{"href":"https:\/\/www.spaoneandonly.cl\/productos\/wp-json\/wp\/v2\/types\/product"}],"replies":[{"embeddable":true,"href":"https:\/\/www.spaoneandonly.cl\/productos\/wp-json\/wp\/v2\/comments?post=3418"}],"wp:featuredmedia":[{"embeddable":true,"href":"https:\/\/www.spaoneandonly.cl\/productos\/wp-json\/wp\/v2\/media\/3419"}],"wp:attachment":[{"href":"https:\/\/www.spaoneandonly.cl\/productos\/wp-json\/wp\/v2\/media?parent=3418"}],"wp:term":[{"taxonomy":"product_cat","embeddable":true,"href":"https:\/\/www.spaoneandonly.cl\/productos\/wp-json\/wp\/v2\/product_cat?post=3418"},{"taxonomy":"product_tag","embeddable":true,"href":"https:\/\/www.spaoneandonly.cl\/productos\/wp-json\/wp\/v2\/product_tag?post=3418"}],"curies":[{"name":"wp","href":"https:\/\/api.w.org\/{rel}","templated":true}]}}