{"id":3391,"date":"2025-06-09T17:52:44","date_gmt":"2025-06-09T21:52:44","guid":{"rendered":"https:\/\/www.spaoneandonly.cl\/productos\/?post_type=product&#038;p=3391"},"modified":"2026-04-11T18:43:59","modified_gmt":"2026-04-11T22:43:59","slug":"sahumo-salvia-blanca","status":"publish","type":"product","link":"https:\/\/www.spaoneandonly.cl\/productos\/item\/sahumo-salvia-blanca\/","title":{"rendered":"Sahumo de Salvia Blanca"},"content":{"rendered":"<p>La Salvia Blanca es una excelente ayuda para mantener el alma y esp\u00edritu limpios, para poder realizar sesiones de meditaci\u00f3n con m\u00e1s serenidad y tranquilidad. Adem\u00e1s, significa o simboliza la inmortalidad, la longevidad, la sabidur\u00eda, la protecci\u00f3n y los deseos.<\/p>\n<p>Unidad: 1 Medida:  17 cm aproximadamente Hecho en Argentina<br \/>\n*Los productos con los que trabajamos son 100% naturales y de calidad. Comprometidos con la naturaleza, el ecosistema y la sustentabilidad.<\/p>\n","protected":false},"excerpt":{"rendered":"<p>El Sah\u00famo es un antiguo ritual que, por medio de la quema de plantas medicinales, trabaja sobre la limpieza, curaci\u00f3n, protecci\u00f3n y alineaci\u00f3n del esp\u00edritu.<\/p>\n","protected":false},"featured_media":0,"comment_status":"open","ping_status":"closed","template":"","meta":[],"product_cat":[112],"product_tag":[],"class_list":{"0":"post-3391","1":"product","2":"type-product","3":"status-publish","5":"product_cat-cuidado-facial","7":"first","8":"instock","9":"shipping-taxable","10":"purchasable","11":"product-type-simple"},"_links":{"self":[{"href":"https:\/\/www.spaoneandonly.cl\/productos\/wp-json\/wp\/v2\/product\/3391","targetHints":{"allow":["GET"]}}],"collection":[{"href":"https:\/\/www.spaoneandonly.cl\/productos\/wp-json\/wp\/v2\/product"}],"about":[{"href":"https:\/\/www.spaoneandonly.cl\/productos\/wp-json\/wp\/v2\/types\/product"}],"replies":[{"embeddable":true,"href":"https:\/\/www.spaoneandonly.cl\/productos\/wp-json\/wp\/v2\/comments?post=3391"}],"wp:attachment":[{"href":"https:\/\/www.spaoneandonly.cl\/productos\/wp-json\/wp\/v2\/media?parent=3391"}],"wp:term":[{"taxonomy":"product_cat","embeddable":true,"href":"https:\/\/www.spaoneandonly.cl\/productos\/wp-json\/wp\/v2\/product_cat?post=3391"},{"taxonomy":"product_tag","embeddable":true,"href":"https:\/\/www.spaoneandonly.cl\/productos\/wp-json\/wp\/v2\/product_tag?post=3391"}],"curies":[{"name":"wp","href":"https:\/\/api.w.org\/{rel}","templated":true}]}}