{"id":3390,"date":"2025-06-09T17:52:44","date_gmt":"2025-06-09T21:52:44","guid":{"rendered":"https:\/\/www.spaoneandonly.cl\/productos\/?post_type=product&#038;p=3390"},"modified":"2025-11-05T15:22:25","modified_gmt":"2025-11-05T18:22:25","slug":"sahumito-salvia-blanca","status":"publish","type":"product","link":"https:\/\/www.spaoneandonly.cl\/productos\/item\/sahumito-salvia-blanca\/","title":{"rendered":"Sahumito Salvia blanca"},"content":{"rendered":"<p>Son sahumitos de tama\u00f1o peque\u00f1o, ideales para acompa\u00f1ar rituales o sahumados cortos. Pueden conseguirlos por unidad.<br \/>\nSah\u00famo ba\u00f1ado de Salvia Blanca combinaci\u00f3n energ\u00e9ticamente fuerte y armoniosa para Sanaci\u00f3n &#8211; Reduce el estr\u00e9s &#8211; Limpieza energ\u00e9tica.<\/p>\n<p>Unidades: 1<br \/>\nDuraci\u00f3n Sahumito: 2 horas<br \/>\nHecho en Argentina<\/p>\n<p>*Los productos con los que trabajamos son 100% naturales, de calidad y hecho a mano. Comprometidos con la naturaleza, el ecosistema y la sustentabilidad.<\/p>\n","protected":false},"excerpt":{"rendered":"<p>El Sah\u00famo es un antiguo ritual que, por medio de la quema de plantas medicinales, trabaja sobre la limpieza, curaci\u00f3n, protecci\u00f3n y alineaci\u00f3n del esp\u00edritu.<\/p>\n","protected":false},"featured_media":0,"comment_status":"open","ping_status":"closed","template":"","meta":[],"product_cat":[112],"product_tag":[],"class_list":{"0":"post-3390","1":"product","2":"type-product","3":"status-publish","5":"product_cat-cuidado-facial","7":"first","8":"outofstock","9":"shipping-taxable","10":"purchasable","11":"product-type-simple"},"_links":{"self":[{"href":"https:\/\/www.spaoneandonly.cl\/productos\/wp-json\/wp\/v2\/product\/3390","targetHints":{"allow":["GET"]}}],"collection":[{"href":"https:\/\/www.spaoneandonly.cl\/productos\/wp-json\/wp\/v2\/product"}],"about":[{"href":"https:\/\/www.spaoneandonly.cl\/productos\/wp-json\/wp\/v2\/types\/product"}],"replies":[{"embeddable":true,"href":"https:\/\/www.spaoneandonly.cl\/productos\/wp-json\/wp\/v2\/comments?post=3390"}],"wp:attachment":[{"href":"https:\/\/www.spaoneandonly.cl\/productos\/wp-json\/wp\/v2\/media?parent=3390"}],"wp:term":[{"taxonomy":"product_cat","embeddable":true,"href":"https:\/\/www.spaoneandonly.cl\/productos\/wp-json\/wp\/v2\/product_cat?post=3390"},{"taxonomy":"product_tag","embeddable":true,"href":"https:\/\/www.spaoneandonly.cl\/productos\/wp-json\/wp\/v2\/product_tag?post=3390"}],"curies":[{"name":"wp","href":"https:\/\/api.w.org\/{rel}","templated":true}]}}