{"id":3389,"date":"2025-06-09T17:52:43","date_gmt":"2025-06-09T21:52:43","guid":{"rendered":"https:\/\/www.spaoneandonly.cl\/productos\/?post_type=product&#038;p=3389"},"modified":"2025-12-09T14:37:33","modified_gmt":"2025-12-09T17:37:33","slug":"sahumerio-herbal-mix","status":"publish","type":"product","link":"https:\/\/www.spaoneandonly.cl\/productos\/item\/sahumerio-herbal-mix\/","title":{"rendered":"Sahumerio herbal mix"},"content":{"rendered":"<p>Estos bellos sahumerios elaborados con hierbas y flores naturales, poseen adorables combinaciones de aromas y sus org\u00e1nicas fragancias son una caricia para los ambientes.<\/p>\n<p>Mix Herbal<br \/>\nLos aromas de ol\u00edbano blanco, canela, cal\u00e9ndula, lavanda, laurel y eucalipto inspiran relajaci\u00f3n, energ\u00eda, sanaci\u00f3n y claridad, revitalizan espacios y promueven bienestar con sus propiedades calmantes y estimulantes.<br \/>\nComposici\u00f3n:<br \/>\nHierbas, flores, resinas, aceites esenciales arom\u00e1ticos, biomasa de fruta, carb\u00f3n vegetal, aglutinante natural y sal.<\/p>\n<p>Contenido 10 varillas extra gruesas<br \/>\nDuraci\u00f3n 1 hrs aprox.<\/p>\n","protected":false},"excerpt":{"rendered":"<p>Sahumerios artesanales, ecol\u00f3gicos, hechos 100% madera de palo santo y resinas naturales, sin arom\u00e1ticos.<\/p>\n","protected":false},"featured_media":3436,"comment_status":"open","ping_status":"closed","template":"","meta":[],"product_cat":[112],"product_tag":[],"class_list":{"0":"post-3389","1":"product","2":"type-product","3":"status-publish","4":"has-post-thumbnail","6":"product_cat-cuidado-facial","8":"first","9":"outofstock","10":"shipping-taxable","11":"purchasable","12":"product-type-simple"},"_links":{"self":[{"href":"https:\/\/www.spaoneandonly.cl\/productos\/wp-json\/wp\/v2\/product\/3389","targetHints":{"allow":["GET"]}}],"collection":[{"href":"https:\/\/www.spaoneandonly.cl\/productos\/wp-json\/wp\/v2\/product"}],"about":[{"href":"https:\/\/www.spaoneandonly.cl\/productos\/wp-json\/wp\/v2\/types\/product"}],"replies":[{"embeddable":true,"href":"https:\/\/www.spaoneandonly.cl\/productos\/wp-json\/wp\/v2\/comments?post=3389"}],"wp:featuredmedia":[{"embeddable":true,"href":"https:\/\/www.spaoneandonly.cl\/productos\/wp-json\/wp\/v2\/media\/3436"}],"wp:attachment":[{"href":"https:\/\/www.spaoneandonly.cl\/productos\/wp-json\/wp\/v2\/media?parent=3389"}],"wp:term":[{"taxonomy":"product_cat","embeddable":true,"href":"https:\/\/www.spaoneandonly.cl\/productos\/wp-json\/wp\/v2\/product_cat?post=3389"},{"taxonomy":"product_tag","embeddable":true,"href":"https:\/\/www.spaoneandonly.cl\/productos\/wp-json\/wp\/v2\/product_tag?post=3389"}],"curies":[{"name":"wp","href":"https:\/\/api.w.org\/{rel}","templated":true}]}}