{"id":338,"date":"2020-05-25T01:06:54","date_gmt":"2020-05-25T05:06:54","guid":{"rendered":"http:\/\/208.85.243.100\/~spaonea\/productos\/?post_type=product&#038;p=338"},"modified":"2025-01-20T16:04:55","modified_gmt":"2025-01-20T19:04:55","slug":"revitalixir-recovery-serum","status":"publish","type":"product","link":"https:\/\/www.spaoneandonly.cl\/productos\/item\/revitalixir-recovery-serum\/","title":{"rendered":"Revitalixir Recovery Serum\u2122"},"content":{"rendered":"<p><span title=\"Did you know: \"><strong>Sab\u00edas:<\/strong><br \/>\n<\/span><span title=\"A high stress lifestyle makes you look up to 3.5 years older.* While there are many products for aging, the visible damaging effects of stress have largely been ignored.\">Que un estilo de vida con alto nivel de estr\u00e9s hace que parezcas hasta 3,5 a\u00f1os mayor. * Si bien hay muchos productos para el envejecimiento, los efectos da\u00f1inos visibles del estr\u00e9s se han ignorado en gran medida. <\/span><span title=\"Murad has combined top-performing relaxing and reviving ingredients to target the visible premature aging effects of stress. \">Murad ha combinado ingredientes relajantes y revitalizadores de alto rendimiento para atacar los efectos visibles del envejecimiento prematuro del estr\u00e9s.<br \/>\n<\/span><span title=\"Why is Revitalixir Recovery Serum separated into spheres and a gel? \"><br \/>\n\u00bfPor qu\u00e9 <strong>Revitalixir Recovery Serum<\/strong> se separa en esferas y en un gel?<br \/>\n<\/span><span title=\"By separating the oil-based spheres and the water-based gel, we eliminated traditional binders to allow for a more potent, concentrated formula and a higher delivery of actives with each use. \">Al separar las esferas a base de aceite y el gel a base de agua, eliminamos los aglutinantes tradicionales y que permiten una f\u00f3rmula m\u00e1s potente, concentrada y una mayor entrega de activos con cada uso.<\/span><\/p>\n","protected":false},"excerpt":{"rendered":"<div class=\"product-short-description\">\n<p>Cont. 40 ml.<\/p>\n<p>Es un suero facial y ocular que aborda el envejecimiento inducido por el estr\u00e9s, <span id=\"result_box\" class=\"\" lang=\"es\"><span class=\"\">la deshidrataci\u00f3n, las arrugas, las ojeras y la hinchaz\u00f3n.<br \/>\n<\/span><\/span><\/p>\n<\/div>\n","protected":false},"featured_media":339,"comment_status":"open","ping_status":"closed","template":"","meta":[],"product_cat":[126,112,117,118,127,54],"product_tag":[177,172,168,167,165,170,171,166,164],"class_list":{"0":"post-338","1":"product","2":"type-product","3":"status-publish","4":"has-post-thumbnail","6":"product_cat-anti-edad","7":"product_cat-cuidado-facial","8":"product_cat-hidratacion","9":"product_cat-serums-hidratacion","10":"product_cat-serums-anti-edad-cuidado-facial","11":"product_cat-murad","12":"product_tag-anti-edad","13":"product_tag-dia-noche","14":"product_tag-grasa","15":"product_tag-mixta","16":"product_tag-normal","17":"product_tag-piel-joven","18":"product_tag-piel-madura","19":"product_tag-seca","20":"product_tag-sensible","22":"first","23":"outofstock","24":"shipping-taxable","25":"purchasable","26":"product-type-simple"},"_links":{"self":[{"href":"https:\/\/www.spaoneandonly.cl\/productos\/wp-json\/wp\/v2\/product\/338","targetHints":{"allow":["GET"]}}],"collection":[{"href":"https:\/\/www.spaoneandonly.cl\/productos\/wp-json\/wp\/v2\/product"}],"about":[{"href":"https:\/\/www.spaoneandonly.cl\/productos\/wp-json\/wp\/v2\/types\/product"}],"replies":[{"embeddable":true,"href":"https:\/\/www.spaoneandonly.cl\/productos\/wp-json\/wp\/v2\/comments?post=338"}],"wp:featuredmedia":[{"embeddable":true,"href":"https:\/\/www.spaoneandonly.cl\/productos\/wp-json\/wp\/v2\/media\/339"}],"wp:attachment":[{"href":"https:\/\/www.spaoneandonly.cl\/productos\/wp-json\/wp\/v2\/media?parent=338"}],"wp:term":[{"taxonomy":"product_cat","embeddable":true,"href":"https:\/\/www.spaoneandonly.cl\/productos\/wp-json\/wp\/v2\/product_cat?post=338"},{"taxonomy":"product_tag","embeddable":true,"href":"https:\/\/www.spaoneandonly.cl\/productos\/wp-json\/wp\/v2\/product_tag?post=338"}],"curies":[{"name":"wp","href":"https:\/\/api.w.org\/{rel}","templated":true}]}}