{"id":3369,"date":"2025-05-16T19:46:08","date_gmt":"2025-05-16T23:46:08","guid":{"rendered":"https:\/\/www.spaoneandonly.cl\/productos\/?post_type=product&#038;p=3369"},"modified":"2026-01-07T13:50:41","modified_gmt":"2026-01-07T16:50:41","slug":"n03-home-spray-oriental-fig-500cc","status":"publish","type":"product","link":"https:\/\/www.spaoneandonly.cl\/productos\/item\/n03-home-spray-oriental-fig-500cc\/","title":{"rendered":"N03 &#8211; Home Spray Oriental Fig 500cc"},"content":{"rendered":"<p>Especificaciones: El Home Spray te permitir\u00e1 aromatizar tus espacios mas peque\u00f1os de manera inmediata, controlando la intensidad seg\u00fan la cantidad de pulverizaciones que hagas.<\/p>\n<p>Modo de Uso: Aplicar en el interior del hogar, todos los d\u00edas.<\/p>\n","protected":false},"excerpt":{"rendered":"<p>Cont. 500 cc.<br \/>\nHome Spray.<br \/>\nOriental Fig &#8211; aroma Higo.<\/p>\n","protected":false},"featured_media":3379,"comment_status":"open","ping_status":"closed","template":"","meta":[],"product_cat":[157,156,185,110],"product_tag":[],"class_list":{"0":"post-3369","1":"product","2":"type-product","3":"status-publish","4":"has-post-thumbnail","6":"product_cat-aromatizadores-y-difusores","7":"product_cat-spa-en-casa","8":"product_cat-marcas","9":"product_cat-sense-y-ce","11":"first","12":"outofstock","13":"shipping-taxable","14":"purchasable","15":"product-type-simple"},"_links":{"self":[{"href":"https:\/\/www.spaoneandonly.cl\/productos\/wp-json\/wp\/v2\/product\/3369","targetHints":{"allow":["GET"]}}],"collection":[{"href":"https:\/\/www.spaoneandonly.cl\/productos\/wp-json\/wp\/v2\/product"}],"about":[{"href":"https:\/\/www.spaoneandonly.cl\/productos\/wp-json\/wp\/v2\/types\/product"}],"replies":[{"embeddable":true,"href":"https:\/\/www.spaoneandonly.cl\/productos\/wp-json\/wp\/v2\/comments?post=3369"}],"wp:featuredmedia":[{"embeddable":true,"href":"https:\/\/www.spaoneandonly.cl\/productos\/wp-json\/wp\/v2\/media\/3379"}],"wp:attachment":[{"href":"https:\/\/www.spaoneandonly.cl\/productos\/wp-json\/wp\/v2\/media?parent=3369"}],"wp:term":[{"taxonomy":"product_cat","embeddable":true,"href":"https:\/\/www.spaoneandonly.cl\/productos\/wp-json\/wp\/v2\/product_cat?post=3369"},{"taxonomy":"product_tag","embeddable":true,"href":"https:\/\/www.spaoneandonly.cl\/productos\/wp-json\/wp\/v2\/product_tag?post=3369"}],"curies":[{"name":"wp","href":"https:\/\/api.w.org\/{rel}","templated":true}]}}