{"id":3348,"date":"2025-04-23T14:56:06","date_gmt":"2025-04-23T18:56:06","guid":{"rendered":"https:\/\/www.spaoneandonly.cl\/productos\/?post_type=product&#038;p=3348"},"modified":"2026-01-02T21:04:37","modified_gmt":"2026-01-03T00:04:37","slug":"room-spray-passion-fig","status":"publish","type":"product","link":"https:\/\/www.spaoneandonly.cl\/productos\/item\/room-spray-passion-fig\/","title":{"rendered":"Room Spray Passion Fig"},"content":{"rendered":"<p>Spray ambiental y textil, con mayor fragancia, concentraci\u00f3n y fijaci\u00f3n.<br \/>\nUna versi\u00f3n m\u00e1s est\u00e9tica, el Room Spray lleg\u00f3 para darle importancia a los espacios de tu casa. <\/p>\n<p>\u00b7  Mayor fragancia.<br \/>\n\u00b7  Mayor concentraci\u00f3n.<br \/>\n\u00b7  Mayor fijaci\u00f3n.<\/p>\n","protected":false},"excerpt":{"rendered":"<p>Cont. 150 ml<br \/>\nColor Envase (Vidrio): Transparente<br \/>\nUso: Ambiental y textil<\/p>\n","protected":false},"featured_media":3365,"comment_status":"open","ping_status":"closed","template":"","meta":[],"product_cat":[157,156,185,99],"product_tag":[],"class_list":{"0":"post-3348","1":"product","2":"type-product","3":"status-publish","4":"has-post-thumbnail","6":"product_cat-aromatizadores-y-difusores","7":"product_cat-spa-en-casa","8":"product_cat-marcas","9":"product_cat-madison-y-co","11":"first","12":"outofstock","13":"shipping-taxable","14":"purchasable","15":"product-type-simple"},"_links":{"self":[{"href":"https:\/\/www.spaoneandonly.cl\/productos\/wp-json\/wp\/v2\/product\/3348","targetHints":{"allow":["GET"]}}],"collection":[{"href":"https:\/\/www.spaoneandonly.cl\/productos\/wp-json\/wp\/v2\/product"}],"about":[{"href":"https:\/\/www.spaoneandonly.cl\/productos\/wp-json\/wp\/v2\/types\/product"}],"replies":[{"embeddable":true,"href":"https:\/\/www.spaoneandonly.cl\/productos\/wp-json\/wp\/v2\/comments?post=3348"}],"wp:featuredmedia":[{"embeddable":true,"href":"https:\/\/www.spaoneandonly.cl\/productos\/wp-json\/wp\/v2\/media\/3365"}],"wp:attachment":[{"href":"https:\/\/www.spaoneandonly.cl\/productos\/wp-json\/wp\/v2\/media?parent=3348"}],"wp:term":[{"taxonomy":"product_cat","embeddable":true,"href":"https:\/\/www.spaoneandonly.cl\/productos\/wp-json\/wp\/v2\/product_cat?post=3348"},{"taxonomy":"product_tag","embeddable":true,"href":"https:\/\/www.spaoneandonly.cl\/productos\/wp-json\/wp\/v2\/product_tag?post=3348"}],"curies":[{"name":"wp","href":"https:\/\/api.w.org\/{rel}","templated":true}]}}