{"id":3343,"date":"2025-04-23T14:56:04","date_gmt":"2025-04-23T18:56:04","guid":{"rendered":"https:\/\/www.spaoneandonly.cl\/productos\/?post_type=product&#038;p=3343"},"modified":"2026-03-30T15:47:35","modified_gmt":"2026-03-30T18:47:35","slug":"n4-home-diffuser-antropoly-200cc","status":"publish","type":"product","link":"https:\/\/www.spaoneandonly.cl\/productos\/item\/n4-home-diffuser-antropoly-200cc\/","title":{"rendered":"N4 HOME DIFFUSER &#8211; Antropoly 200cc"},"content":{"rendered":"<p>Especificaciones: Perfume ambiental que dejara tu ambiente con un aroma constante.<\/p>\n<p>Modo de Uso: Insertar las varillas dentro del l\u00edquido del envase. A las 48 horas dar vueltas las varillas hasta que est\u00e9n impregnadas de la esencia. Cada 5 d\u00edas darlas vueltas dependiendo de la intensidad deseada.<\/p>\n","protected":false},"excerpt":{"rendered":"<p>Cont. 200 cc.<br \/>\nHome Diffuser<br \/>\nAroma Antropoly: notas c\u00edtricas con madera<\/p>\n","protected":false},"featured_media":3356,"comment_status":"open","ping_status":"closed","template":"","meta":[],"product_cat":[157,156,185,110],"product_tag":[],"class_list":{"0":"post-3343","1":"product","2":"type-product","3":"status-publish","4":"has-post-thumbnail","6":"product_cat-aromatizadores-y-difusores","7":"product_cat-spa-en-casa","8":"product_cat-marcas","9":"product_cat-sense-y-ce","11":"first","12":"instock","13":"shipping-taxable","14":"purchasable","15":"product-type-simple"},"_links":{"self":[{"href":"https:\/\/www.spaoneandonly.cl\/productos\/wp-json\/wp\/v2\/product\/3343","targetHints":{"allow":["GET"]}}],"collection":[{"href":"https:\/\/www.spaoneandonly.cl\/productos\/wp-json\/wp\/v2\/product"}],"about":[{"href":"https:\/\/www.spaoneandonly.cl\/productos\/wp-json\/wp\/v2\/types\/product"}],"replies":[{"embeddable":true,"href":"https:\/\/www.spaoneandonly.cl\/productos\/wp-json\/wp\/v2\/comments?post=3343"}],"wp:featuredmedia":[{"embeddable":true,"href":"https:\/\/www.spaoneandonly.cl\/productos\/wp-json\/wp\/v2\/media\/3356"}],"wp:attachment":[{"href":"https:\/\/www.spaoneandonly.cl\/productos\/wp-json\/wp\/v2\/media?parent=3343"}],"wp:term":[{"taxonomy":"product_cat","embeddable":true,"href":"https:\/\/www.spaoneandonly.cl\/productos\/wp-json\/wp\/v2\/product_cat?post=3343"},{"taxonomy":"product_tag","embeddable":true,"href":"https:\/\/www.spaoneandonly.cl\/productos\/wp-json\/wp\/v2\/product_tag?post=3343"}],"curies":[{"name":"wp","href":"https:\/\/api.w.org\/{rel}","templated":true}]}}