{"id":3228,"date":"2024-10-14T17:50:11","date_gmt":"2024-10-14T20:50:11","guid":{"rendered":"https:\/\/www.spaoneandonly.cl\/productos\/?post_type=product&#038;p=3228"},"modified":"2026-01-02T20:33:33","modified_gmt":"2026-01-02T23:33:33","slug":"crema-facial-intense-night-repair","status":"publish","type":"product","link":"https:\/\/www.spaoneandonly.cl\/productos\/item\/crema-facial-intense-night-repair\/","title":{"rendered":"Crema Facial Intense Night Repair"},"content":{"rendered":"<p>Nuestro Intense Night Repair de Saya utiliza el poder de Bakuchiol, una alternativa natural al retinol no irritante, para suavizar los signos del envejecimiento, la hiperpigmentaci\u00f3n y las cicatrices. Una crema rica y elegante para la noche, suaviza la textura de la piel y mejorar\u00e1 la firmeza para una piel m\u00e1s sana y radiante. Los poderosos ingredientes hidratantes que incluyen \u00e1cido hialur\u00f3nico y Pentavitin\u00ae brindan una hidrataci\u00f3n duradera y fortalecen la barrera de la piel. La onagra, la manteca de karit\u00e9 y el aceite de rosa mosqueta trabajan en sinergia para iluminar, nutrir y rejuvenecer.<br \/>\nApto para todo tipo de pieles. <\/p>\n<p>C\u00d3MO USAR EL INTENSE NIGHT REPAIR 50ML<br \/>\n1. Masajee un poco de Intense Night Repair en rostro, cuello y escote.<br \/>\n2. Difuminar presionando sobre la piel.<br \/>\n3. Aplicar por la noche.<\/p>\n<p>INGREDIENTES:<br \/>\n\u2022 Producto org\u00e1nico certificado.<br \/>\n\u2022 Fabricado con ingredientes org\u00e1nicos nativos australianos y certificados.<br \/>\n\u2022 100% vegano y cruelty-free.<br \/>\n\u2022 Hecho en Australia.<br \/>\n\u2022 Formulado sin sulfatos, parabenos y ftalatos.<br \/>\n\u2022 pH equilibrado.<br \/>\n\u2022 Formato: 50ml.<br \/>\nAqua (agua), jugo de hoja de aloe barbadensis*, mantequilla de butyrospermum parkii (karit\u00e9)*, aceite de cocos nucifera (coco)*, aceite de prunus dulcis (almendra dulce), cetearil olivato, Glicerina, olivato de sorbit\u00e1n, alcohol cetear\u00edlico, aceite de semilla de argania spinosa (arg\u00e1n)*, aceite de semilla de simmondsia chinensis (jojoba)*, aceite de semilla de borago officinalis (borraja), aceite de fruta de rosa canina, laurato de isoamilo, isomerato de sac\u00e1rido, bakuchiol, pelargonium graveolens ( Bourbon de geranio), alcohol benc\u00edlico, gluconolactona, sorbato de potasio, goma xantana, citrato de sodio, benzoato de sodio, hialuronato de sodio, extracto de flor de Chamomilla Recutita (Matricaria)*, tocoferol, \u00e1cido salic\u00edlico, extracto de Leontopodium Alpinum (Edelweiss), Terminalia Ferdinandiana ( Extracto de fruta de ciruela Kakadu), extracto de fruta de Podocarpus Elatus (ciruela de Illawarra), extracto de fruta de Pleiogynium Timorense (ciruela de Burdekin), aceite de flor de rosa damascena, aceite de glicina de soja (soja), extracto de camelia sinensis (t\u00e9 blanco), flor de chamomilla recutita (matricaria) Aceite*, \u00e1cido s\u00f3rbico, gluconato de calcio,Benzoato de sodio, \u00e1cido c\u00edtrico. *Producto org\u00e1nico certificado.\u00bb<\/p>\n","protected":false},"excerpt":{"rendered":"<p>Crema Facial Intense Night Repair 50ml.<\/p>\n<p>Bakuchiol &amp; Shea Butter.<\/p>\n<p>Restaurar, Renovar y Nutrir.<\/p>\n","protected":false},"featured_media":3251,"comment_status":"open","ping_status":"closed","template":"","meta":[],"product_cat":[135,136,112,185,190],"product_tag":[],"class_list":{"0":"post-3228","1":"product","2":"type-product","3":"status-publish","4":"has-post-thumbnail","6":"product_cat-acne","7":"product_cat-cremas","8":"product_cat-cuidado-facial","9":"product_cat-marcas","10":"product_cat-saya","12":"first","13":"instock","14":"sale","15":"shipping-taxable","16":"purchasable","17":"product-type-simple"},"_links":{"self":[{"href":"https:\/\/www.spaoneandonly.cl\/productos\/wp-json\/wp\/v2\/product\/3228","targetHints":{"allow":["GET"]}}],"collection":[{"href":"https:\/\/www.spaoneandonly.cl\/productos\/wp-json\/wp\/v2\/product"}],"about":[{"href":"https:\/\/www.spaoneandonly.cl\/productos\/wp-json\/wp\/v2\/types\/product"}],"replies":[{"embeddable":true,"href":"https:\/\/www.spaoneandonly.cl\/productos\/wp-json\/wp\/v2\/comments?post=3228"}],"wp:featuredmedia":[{"embeddable":true,"href":"https:\/\/www.spaoneandonly.cl\/productos\/wp-json\/wp\/v2\/media\/3251"}],"wp:attachment":[{"href":"https:\/\/www.spaoneandonly.cl\/productos\/wp-json\/wp\/v2\/media?parent=3228"}],"wp:term":[{"taxonomy":"product_cat","embeddable":true,"href":"https:\/\/www.spaoneandonly.cl\/productos\/wp-json\/wp\/v2\/product_cat?post=3228"},{"taxonomy":"product_tag","embeddable":true,"href":"https:\/\/www.spaoneandonly.cl\/productos\/wp-json\/wp\/v2\/product_tag?post=3228"}],"curies":[{"name":"wp","href":"https:\/\/api.w.org\/{rel}","templated":true}]}}