{"id":3226,"date":"2024-10-14T17:45:11","date_gmt":"2024-10-14T20:45:11","guid":{"rendered":"https:\/\/www.spaoneandonly.cl\/productos\/?post_type=product&#038;p=3226"},"modified":"2026-05-02T12:28:22","modified_gmt":"2026-05-02T16:28:22","slug":"crema-facial-balance-moisture","status":"publish","type":"product","link":"https:\/\/www.spaoneandonly.cl\/productos\/item\/crema-facial-balance-moisture\/","title":{"rendered":"Crema Facial Balance Moisture"},"content":{"rendered":"<p>Balance Moisture de Saya es ligera, sedosa y de r\u00e1pida absorci\u00f3n. Formulada con \u00e1cido hialur\u00f3nico y aceite de arg\u00e1n para potenciar la hidrataci\u00f3n y equilibrar el cutis. Kakadu Plum y Aloe Vera iluminar\u00e1n y calmar\u00e1n la piel, dejando un brillo natural.<br \/>\nIndicado para pieles Normales, Grasas y Mixtas.<br \/>\nProducto org\u00e1nico certificado. <\/p>\n<p>C\u00d3MO USAR EL BALANCE MOISTURE 100ML<br \/>\n1. Aplicaci\u00f3n: Masajee Balance Moisture sobre la piel seca.<br \/>\n2. Deje que se absorba antes de aplicar los aceites faciales.<br \/>\n3. Aplicar ma\u00f1ana y noche.<\/p>\n<p>INGREDIENTES:<br \/>\n\u2022 Producto org\u00e1nico certificado.<br \/>\n\u2022 Fabricado con ingredientes org\u00e1nicos nativos australianos y certificados.<br \/>\n\u2022 100% vegano y cruelty-free.<br \/>\n\u2022 Hecho en Australia.<br \/>\n\u2022 Formulado sin sulfatos, parabenos y ftalatos.<br \/>\n\u2022 pH equilibrado.<br \/>\n\u2022 Tama\u00f1o de la botella: 100ml.<\/p>\n<p>Aceite de Matricaria Chamomilla (Manzanilla)*, Sorbato de Potasio, Goma Xantana, \u00c1cido Salic\u00edlico, Glicina Aceite de Soja, \u00c1cido S\u00f3rbico, \u00c1cido C\u00edtrico. *Producto organico certificado.\u00bb<\/p>\n","protected":false},"excerpt":{"rendered":"<p>Crema Facial Balance Moisture  75ml.<\/p>\n<p>Hyaluronic Acid, Kakadu Plum, Argan Oil &amp; Aloe Vera.<\/p>\n<p>Hidrata, Calma y Equilibra.<\/p>\n","protected":false},"featured_media":3247,"comment_status":"open","ping_status":"closed","template":"","meta":[],"product_cat":[119,112,117,185,190],"product_tag":[],"class_list":{"0":"post-3226","1":"product","2":"type-product","3":"status-publish","4":"has-post-thumbnail","6":"product_cat-cremas-hidratacion","7":"product_cat-cuidado-facial","8":"product_cat-hidratacion","9":"product_cat-marcas","10":"product_cat-saya","12":"first","13":"instock","14":"sale","15":"shipping-taxable","16":"purchasable","17":"product-type-simple"},"_links":{"self":[{"href":"https:\/\/www.spaoneandonly.cl\/productos\/wp-json\/wp\/v2\/product\/3226","targetHints":{"allow":["GET"]}}],"collection":[{"href":"https:\/\/www.spaoneandonly.cl\/productos\/wp-json\/wp\/v2\/product"}],"about":[{"href":"https:\/\/www.spaoneandonly.cl\/productos\/wp-json\/wp\/v2\/types\/product"}],"replies":[{"embeddable":true,"href":"https:\/\/www.spaoneandonly.cl\/productos\/wp-json\/wp\/v2\/comments?post=3226"}],"wp:featuredmedia":[{"embeddable":true,"href":"https:\/\/www.spaoneandonly.cl\/productos\/wp-json\/wp\/v2\/media\/3247"}],"wp:attachment":[{"href":"https:\/\/www.spaoneandonly.cl\/productos\/wp-json\/wp\/v2\/media?parent=3226"}],"wp:term":[{"taxonomy":"product_cat","embeddable":true,"href":"https:\/\/www.spaoneandonly.cl\/productos\/wp-json\/wp\/v2\/product_cat?post=3226"},{"taxonomy":"product_tag","embeddable":true,"href":"https:\/\/www.spaoneandonly.cl\/productos\/wp-json\/wp\/v2\/product_tag?post=3226"}],"curies":[{"name":"wp","href":"https:\/\/api.w.org\/{rel}","templated":true}]}}