{"id":3224,"date":"2024-10-14T17:40:26","date_gmt":"2024-10-14T20:40:26","guid":{"rendered":"https:\/\/www.spaoneandonly.cl\/productos\/?post_type=product&#038;p=3224"},"modified":"2026-02-13T15:00:09","modified_gmt":"2026-02-13T18:00:09","slug":"renew-serum","status":"publish","type":"product","link":"https:\/\/www.spaoneandonly.cl\/productos\/item\/renew-serum\/","title":{"rendered":"Renew Serum"},"content":{"rendered":"<p>\u00a1Un serum facial antioxidante a base de aceite de ensue\u00f1o que refinar\u00e1 y renovar\u00e1 tu piel!<br \/>\nSuavizar\u00e1 la apariencia del envejecimiento, promover el col\u00e1geno y estimular la renovaci\u00f3n celular de la piel. Notar\u00e1s una mejora visible de la hiperpigmentaci\u00f3n, retroceso en signos de envejecimiento y cicatrices. Hemos formulado esto con una mezcla de 15 productos bot\u00e1nicos que trabajan en sinergia para hidratar, rejuvenecer y proteger la piel. Bakuchiol, una alternativa natural al retinol y Kakadu Plum para renovar e iluminar la piel, as\u00ed como los siguientes ingredientes bot\u00e1nicos incre\u00edbles para brindar protecci\u00f3n, equilibrio e hidrataci\u00f3n: aceite de arg\u00e1n, semilla de uva, semilla de c\u00e1rtamo, aguacate, semilla de frambuesa, semilla de borraja, semilla de granada, Rosa Mosqueta, Onagra, Semilla De C\u00e1\u00f1amo, Lavanda, Geranio Borb\u00f3n y Rosa Damascena.<br \/>\n*Bakuchiol es adecuado para mujeres embarazadas y lactantes, sin embargo, si tiene dudas, consulte a su profesional de la salud antes de usar este producto.<\/p>\n<p>Apto para todo tipo de pieles. <\/p>\n<p>C\u00d3MO USAR EL RENEW SERUM 30ML<br \/>\n1- \u00daselo diariamente en la ma\u00f1ana y\/o en la tarde.<br \/>\n2-Despu\u00e9s del limpiador, masajee el suero renovador de Saya en la cara, el cuello y el escote. Si est\u00e1 aplicando capas de suero, apl\u00edquelo al final. Funciona bien cuando se mezcla con la crema hidratante tambi\u00e9n.<\/p>\n<p>INGREDIENTES:<\/p>\n<p>\u2022 Fabricado con ingredientes org\u00e1nicos nativos australianos y certificados.<br \/>\n\u2022 100% vegano y cruelty-free.<br \/>\n\u2022 Hecho en Australia.<br \/>\n\u2022 Formulado sin sulfatos, parabenos y ftalatos.<br \/>\n\u2022 pH equilibrado.<br \/>\n\u2022 Tama\u00f1o de la botella: 30ml.<\/p>\n<p>Aceite de semilla de Vitis Vinifera (uva), aceite de semilla de Carthamus Tinctorius (c\u00e1rtamo), aceite de semilla de Argania Spinosa (arg\u00e1n)*, aceite de Persea Gratissima (aguacate), aceite de semilla de Rubus Idaeus (frambuesa), aceite de semilla de Borago Officinalis (borraja), Punica Granatum (Granada) Aceite de semilla*, Cannabis Sativa (C\u00e1\u00f1amo) Aceite de semilla*, Terminalia Ferdinandiana (Ciruela Kakadu) Aceite de semilla, Bakuchiol, Pelargonium Graveolens (Geranium Bourbon) Aceite de flor, Rosa Canina Fruit Oil, Oenothera Biennis (Evening Primrose) Oil, Tocoferol , Aceite de Flor de Lavandula Angustifolia (Lavanda)*, Aceite de Flor de Rosa Damascena. *Org\u00e1nico.\u00bb<\/p>\n","protected":false},"excerpt":{"rendered":"<p>Renew Serum 30ml.<\/p>\n<p>Bakuchiol &amp; Kakadu Plum.<\/p>\n","protected":false},"featured_media":3242,"comment_status":"open","ping_status":"closed","template":"","meta":[],"product_cat":[126,112,127,185,190],"product_tag":[],"class_list":{"0":"post-3224","1":"product","2":"type-product","3":"status-publish","4":"has-post-thumbnail","6":"product_cat-anti-edad","7":"product_cat-cuidado-facial","8":"product_cat-serums-anti-edad-cuidado-facial","9":"product_cat-marcas","10":"product_cat-saya","12":"first","13":"outofstock","14":"sale","15":"shipping-taxable","16":"purchasable","17":"product-type-simple"},"_links":{"self":[{"href":"https:\/\/www.spaoneandonly.cl\/productos\/wp-json\/wp\/v2\/product\/3224","targetHints":{"allow":["GET"]}}],"collection":[{"href":"https:\/\/www.spaoneandonly.cl\/productos\/wp-json\/wp\/v2\/product"}],"about":[{"href":"https:\/\/www.spaoneandonly.cl\/productos\/wp-json\/wp\/v2\/types\/product"}],"replies":[{"embeddable":true,"href":"https:\/\/www.spaoneandonly.cl\/productos\/wp-json\/wp\/v2\/comments?post=3224"}],"wp:featuredmedia":[{"embeddable":true,"href":"https:\/\/www.spaoneandonly.cl\/productos\/wp-json\/wp\/v2\/media\/3242"}],"wp:attachment":[{"href":"https:\/\/www.spaoneandonly.cl\/productos\/wp-json\/wp\/v2\/media?parent=3224"}],"wp:term":[{"taxonomy":"product_cat","embeddable":true,"href":"https:\/\/www.spaoneandonly.cl\/productos\/wp-json\/wp\/v2\/product_cat?post=3224"},{"taxonomy":"product_tag","embeddable":true,"href":"https:\/\/www.spaoneandonly.cl\/productos\/wp-json\/wp\/v2\/product_tag?post=3224"}],"curies":[{"name":"wp","href":"https:\/\/api.w.org\/{rel}","templated":true}]}}