{"id":3223,"date":"2024-10-14T17:40:17","date_gmt":"2024-10-14T20:40:17","guid":{"rendered":"https:\/\/www.spaoneandonly.cl\/productos\/?post_type=product&#038;p=3223"},"modified":"2026-02-13T15:00:29","modified_gmt":"2026-02-13T18:00:29","slug":"rose-toning-mist","status":"publish","type":"product","link":"https:\/\/www.spaoneandonly.cl\/productos\/item\/rose-toning-mist\/","title":{"rendered":"Rose Toning Mist"},"content":{"rendered":"<p>Tu Rose Toning Mist de Saya equilibrar\u00e1 y refrescar\u00e1 la piel, proporcionando una hidrataci\u00f3n duradera. Una mezcla de agua de rosas y \u00e1cido hialur\u00f3nico ayuda a mantener una hidrataci\u00f3n duradera y ofrece beneficios tonificantes. El aloe vera, el hamamelis y el pepino calman y suavizan la piel.<br \/>\nApto para todo tipo de pieles.<br \/>\nProducto org\u00e1nico certificado.<\/p>\n<p>C\u00d3MO USAR EL ROSE HYDRATING MIST 200ML<\/p>\n<p>1. Aplicaci\u00f3n: Roc\u00eda tu Rose Toning Mist sobre la cara despu\u00e9s de limpiar, exfoliar y enmascarar, deja secar.<br \/>\n2. Usar ma\u00f1ana y noche.<\/p>\n<p>INGREDIENTES:<\/p>\n<p>\u2022 Producto org\u00e1nico certificado.<br \/>\n\u2022 Fabricado con ingredientes org\u00e1nicos nativos australianos y certificados.<br \/>\n\u2022 100 % vegano y Cruelty- Free, fabricado en Australia.<br \/>\n\u2022 Formulado sin sulfatos, parabenos y ftalatos.<br \/>\n\u2022 pH equilibrado.<br \/>\n\u2022 Tama\u00f1o de la botella: 200ml.<\/p>\n<p>Jugo de hoja de aloe barbadensis*, agua de flor de rosa damascena*, glicerina*, destilado de hamamelis virginiana (hamamelis)*, levulinato de sodio, anisato de sodio, sorbato de potasio, hialuronato de sodio, extracto de ra\u00edz de althea officinalis (malvavisco)*, cucumis sativus (pepino) Extracto de fruta*, extracto de fruta de Terminalia Ferdinandiana (ciruela Kakadu)*, extracto de Barklya Syringifolia (corona de oro)*, extracto de Brachychiton Acerifolius (\u00e1rbol de llamas)*, \u00e1cido c\u00edtrico.\u00bb<\/p>\n","protected":false},"excerpt":{"rendered":"<p>Rose Toning Mist 150ml.<\/p>\n<p>Hidratar, calmar y suavizar<\/p>\n","protected":false},"featured_media":3240,"comment_status":"open","ping_status":"closed","template":"","meta":[],"product_cat":[112,117,124,185,190],"product_tag":[],"class_list":{"0":"post-3223","1":"product","2":"type-product","3":"status-publish","4":"has-post-thumbnail","6":"product_cat-cuidado-facial","7":"product_cat-hidratacion","8":"product_cat-tonicos-y-desmaquillantes-hidratacion","9":"product_cat-marcas","10":"product_cat-saya","12":"first","13":"outofstock","14":"sale","15":"shipping-taxable","16":"purchasable","17":"product-type-simple"},"_links":{"self":[{"href":"https:\/\/www.spaoneandonly.cl\/productos\/wp-json\/wp\/v2\/product\/3223","targetHints":{"allow":["GET"]}}],"collection":[{"href":"https:\/\/www.spaoneandonly.cl\/productos\/wp-json\/wp\/v2\/product"}],"about":[{"href":"https:\/\/www.spaoneandonly.cl\/productos\/wp-json\/wp\/v2\/types\/product"}],"replies":[{"embeddable":true,"href":"https:\/\/www.spaoneandonly.cl\/productos\/wp-json\/wp\/v2\/comments?post=3223"}],"wp:featuredmedia":[{"embeddable":true,"href":"https:\/\/www.spaoneandonly.cl\/productos\/wp-json\/wp\/v2\/media\/3240"}],"wp:attachment":[{"href":"https:\/\/www.spaoneandonly.cl\/productos\/wp-json\/wp\/v2\/media?parent=3223"}],"wp:term":[{"taxonomy":"product_cat","embeddable":true,"href":"https:\/\/www.spaoneandonly.cl\/productos\/wp-json\/wp\/v2\/product_cat?post=3223"},{"taxonomy":"product_tag","embeddable":true,"href":"https:\/\/www.spaoneandonly.cl\/productos\/wp-json\/wp\/v2\/product_tag?post=3223"}],"curies":[{"name":"wp","href":"https:\/\/api.w.org\/{rel}","templated":true}]}}