{"id":3222,"date":"2024-10-14T17:40:10","date_gmt":"2024-10-14T20:40:10","guid":{"rendered":"https:\/\/www.spaoneandonly.cl\/productos\/?post_type=product&#038;p=3222"},"modified":"2026-02-13T15:00:49","modified_gmt":"2026-02-13T18:00:49","slug":"super-serum","status":"publish","type":"product","link":"https:\/\/www.spaoneandonly.cl\/productos\/item\/super-serum\/","title":{"rendered":"Super Serum"},"content":{"rendered":"<p>El Super Serum de Saya es una potente formulaci\u00f3n de niacinamida, lipop\u00e9ptido ChroNOline\u2122, \u00e1cido hialur\u00f3nico multipeso, pentavitin\u24c7 y complejo de vitamina B.<br \/>\nLa niacinamida multitarea (10%) fortalece, mejora la textura de la piel y regula la producci\u00f3n de aceite, pero \u00bfpor qu\u00e9 quedarse ah\u00ed? Impulsado con un complejo B de alto rendimiento, que incluye B5 (patenol), B7 (biotina) y B2 (riboflavina) para hidratar profundamente, ayuda con la producci\u00f3n de col\u00e1geno y aumenta la renovaci\u00f3n celular. Es la respuesta para reponer la piel seca, da\u00f1ada y propensa al acn\u00e9.<br \/>\nEl \u00e1cido hialur\u00f3nico multipeso restaura el equilibrio h\u00eddrico en m\u00faltiples niveles de la superficie de la piel, mejorando la s\u00edntesis de col\u00e1geno y la cohesi\u00f3n celular, lo que da como resultado una piel tersa y llena de vitalidad. El Super Serum est\u00e1 reforzado con Pentavitin\u24c7, para fortalecer la funci\u00f3n de barrera de la piel e hidratar hasta por 72 horas, devolviendo la vida a la piel seca y opaca.<br \/>\nUno de los ingredientes antienvejecimiento m\u00e1s poderosos, el lipop\u00e9ptido ChroNoline\u2122, aumenta la producci\u00f3n de col\u00e1geno y \u00e1cido hialur\u00f3nico dentro de las capas de la piel, manteniendo la cohesi\u00f3n de la piel para reducir la apariencia de deterioro de la piel.<br \/>\nUna mezcla de frutos silvestres nativas australianas recolectadas en la naturaleza, que incluyen Emu Apple, Pepperberry y Lilli Pilli, act\u00faa como un poderoso antioxidante, protegiendo la piel del da\u00f1o extremo. Hidrata instant\u00e1neamente la piel con beneficios inmediatos y a largo plazo. <\/p>\n<p>C\u00d3MO USAR EL SUPER SERUM 30ML.<br \/>\n1. Aplicar 4 gotas sobre la piel limpia y h\u00fameda.<br \/>\n2. Masajear en rostro, cuello y escote.<br \/>\n3. Aplicar antes de cremas hidratantes y aceites.<\/p>\n<p>INGREDIENTES:<\/p>\n<p>\u2022 F\u00f3rmula sin fragancia<br \/>\n\u2022 Fabricado con ingredientes org\u00e1nicos nativos australianos y certificados.<br \/>\n\u2022 100% vegano y cruelty-free.<br \/>\n\u2022 Hecho en Australia.<br \/>\n\u2022 pH equilibrado.<br \/>\n\u2022 Botella de vidrio.<br \/>\n\u2022 Tama\u00f1o de la botella: 30ml.<\/p>\n<p>Aqua (agua), niacinamida, jugo de hoja de aloe barbadensis*, citrato de sodio, isomerato de sac\u00e1rido, glicerina, hialuronato de sodio, gluconolactona, sorbato de potasio, benzoato de sodio, caprooil tetrap\u00e9ptido\u20103, dextrano, extracto de fruta de Kunzea pomifera (Muntries), Syzygium luehmanii ( Extracto de fruta de Riberry, extracto de fruta de Tasmannia Lanceolata (baya de pimienta), extracto de Faex (levadura), gluconato de calcio, \u00e1cido c\u00edtrico, extracto de piel de vitis vinifera (uva), pantenol, riboflavina, biotina, inositol, piridoxina HCL, tiamina HCL, cianocobalamina. *Producto org\u00e1nico certificado.\u00bb<\/p>\n","protected":false},"excerpt":{"rendered":"<p>Super Serum 30ml.<\/p>\n<p>Niacinamide 10% &amp; Emu Apple.<\/p>\n<p>Hidrata, Fortalece y Repara.<\/p>\n","protected":false},"featured_media":3244,"comment_status":"open","ping_status":"closed","template":"","meta":[],"product_cat":[112,117,118,185,190],"product_tag":[],"class_list":{"0":"post-3222","1":"product","2":"type-product","3":"status-publish","4":"has-post-thumbnail","6":"product_cat-cuidado-facial","7":"product_cat-hidratacion","8":"product_cat-serums-hidratacion","9":"product_cat-marcas","10":"product_cat-saya","12":"first","13":"outofstock","14":"sale","15":"shipping-taxable","16":"purchasable","17":"product-type-simple"},"_links":{"self":[{"href":"https:\/\/www.spaoneandonly.cl\/productos\/wp-json\/wp\/v2\/product\/3222","targetHints":{"allow":["GET"]}}],"collection":[{"href":"https:\/\/www.spaoneandonly.cl\/productos\/wp-json\/wp\/v2\/product"}],"about":[{"href":"https:\/\/www.spaoneandonly.cl\/productos\/wp-json\/wp\/v2\/types\/product"}],"replies":[{"embeddable":true,"href":"https:\/\/www.spaoneandonly.cl\/productos\/wp-json\/wp\/v2\/comments?post=3222"}],"wp:featuredmedia":[{"embeddable":true,"href":"https:\/\/www.spaoneandonly.cl\/productos\/wp-json\/wp\/v2\/media\/3244"}],"wp:attachment":[{"href":"https:\/\/www.spaoneandonly.cl\/productos\/wp-json\/wp\/v2\/media?parent=3222"}],"wp:term":[{"taxonomy":"product_cat","embeddable":true,"href":"https:\/\/www.spaoneandonly.cl\/productos\/wp-json\/wp\/v2\/product_cat?post=3222"},{"taxonomy":"product_tag","embeddable":true,"href":"https:\/\/www.spaoneandonly.cl\/productos\/wp-json\/wp\/v2\/product_tag?post=3222"}],"curies":[{"name":"wp","href":"https:\/\/api.w.org\/{rel}","templated":true}]}}