{"id":3221,"date":"2024-10-14T17:35:11","date_gmt":"2024-10-14T20:35:11","guid":{"rendered":"https:\/\/www.spaoneandonly.cl\/productos\/?post_type=product&#038;p=3221"},"modified":"2026-04-07T19:04:46","modified_gmt":"2026-04-07T23:04:46","slug":"exfoliante-brightening-peel","status":"publish","type":"product","link":"https:\/\/www.spaoneandonly.cl\/productos\/item\/exfoliante-brightening-peel\/","title":{"rendered":"Exfoliante Brightening Peel"},"content":{"rendered":"<p>Despierta con una tez m\u00e1s brillante, suave y refinada con el peeling iluminador de Saya , un poderoso tratamiento nocturno dise\u00f1ado para exfoliar suavemente, ayudando a retardar el deterioro de la piel y mejorar la hidrataci\u00f3n.<br \/>\nUna poderosa formulaci\u00f3n de \u00e1cido l\u00e1ctico (7.5%) y complejo de \u00e1cido de frutas trabaja para descomponer suavemente las c\u00e9lulas muertas de la piel y aumentar la renovaci\u00f3n celular para revelar una piel fresca y vibrante. Se mejora la barrera de humedad natural de la piel, manteni\u00e9ndola hidratada y suave.<br \/>\nAborda las cicatrices persistentes con la ra\u00edz de regaliz antiinflamatoria, considerada uno de los remedios herbales m\u00e1s antiguos del mundo. Al actuar como un potente antioxidante, la ra\u00edz de regaliz inhibe la enzima necesaria para producir melanina en la piel, lo que ayuda a combatir y reducir la pigmentaci\u00f3n, lo que da como resultado una apariencia m\u00e1s brillante y uniforme.<br \/>\nLos extractos de lima nativa australiana con ciruela Kakadu, rica en vitamina C, ayudan a reducir la aparici\u00f3n de l\u00edneas finas, arrugas y manchas oscuras. Penetra profundamente en la piel para aumentar la producci\u00f3n de col\u00e1geno y proporcionar beneficios antioxidantes esenciales, protegiendo la piel de factores externos agresivos.<br \/>\nApto para todo tipo de pieles. Seguro para las madres embarazadas y lactantes. Para aquellos con piel sensible, recomendamos probar el parche primero.<br \/>\nADVERTENCIA: Este producto contiene Alpha-Hydroxy Acids (AHA) que pueden aumentar la sensibilidad de su piel al sol. Proteja su piel con protector solar y evite la exposici\u00f3n al sol cuando use este producto. Use un protector solar SPF y limite la exposici\u00f3n al sol mientras usa este producto.<\/p>\n<p>C\u00d3MO USAR EL BRIGHTENING PEEL 125ML<br \/>\n1. Aplique Brightening Peel sobre la piel limpia por la noche.<br \/>\n2. Humedezca una almohadilla reutilizable y frote suavemente sobre la piel evitando el \u00e1rea de los ojos. Para una exfoliaci\u00f3n m\u00e1s intensa, no apliques nada encima. Para una exfoliaci\u00f3n suave, siga con una crema hidratante.<br \/>\n3. Use 1-3 veces a la semana, seg\u00fan sea necesario. Puede producirse una sensaci\u00f3n de hormigueo cuando se aplica sobre la piel.<\/p>\n<p>INGREDIENTES: Aqua (agua), agua de Hamamelis Virginiana (hamamelis)*, lactato de sodio, \u00e1cido l\u00e1ctico, alcohol, extracto de fruta Vaccinium Myrtillus (ar\u00e1ndano), glicerina*, extracto de Saccharum Officinarum (ca\u00f1a de az\u00facar), alcohol benc\u00edlico, Citrus Aurantium Dulcis (naranja) Extracto de fruta, Citrus Medica Limonum (lim\u00f3n), extracto de fruta, extracto de Acer Saccharinum (arce azucarero), extracto de flor de Chamomilla Recutita (Matricaria), extracto de Glycyrrhiza Glabra (regaliz), \u00e1cido salic\u00edlico, extracto de fruta de Citrus Glauca (lima del desierto), microcitrus Extracto de fruta de Australasica (lima de caviar), extracto de fruta de Microcitrus Australis (lima de la selva tropical), extracto de fruta de Terminalia Ferdinandiana (ciruela de Kakadu)*, \u00e1cido s\u00f3rbico. *Org\u00e1nico.\u00bb<\/p>\n","protected":false},"excerpt":{"rendered":"<p>Exfoliante Brightening Peel 100ml. <\/p>\n<p>Lactic Acid, Kakadu Plum &amp; Liquorice.<\/p>\n<p>Ilumina, Renueva e Hidrata.<\/p>\n","protected":false},"featured_media":3254,"comment_status":"open","ping_status":"closed","template":"","meta":[],"product_cat":[126,112,115,131,113,185,190],"product_tag":[],"class_list":{"0":"post-3221","1":"product","2":"type-product","3":"status-publish","4":"has-post-thumbnail","6":"product_cat-anti-edad","7":"product_cat-cuidado-facial","8":"product_cat-exfoliantes","9":"product_cat-exfoliantes-anti-edad-cuidado-facial","10":"product_cat-limpieza","11":"product_cat-marcas","12":"product_cat-saya","14":"first","15":"instock","16":"sale","17":"shipping-taxable","18":"purchasable","19":"product-type-simple"},"_links":{"self":[{"href":"https:\/\/www.spaoneandonly.cl\/productos\/wp-json\/wp\/v2\/product\/3221","targetHints":{"allow":["GET"]}}],"collection":[{"href":"https:\/\/www.spaoneandonly.cl\/productos\/wp-json\/wp\/v2\/product"}],"about":[{"href":"https:\/\/www.spaoneandonly.cl\/productos\/wp-json\/wp\/v2\/types\/product"}],"replies":[{"embeddable":true,"href":"https:\/\/www.spaoneandonly.cl\/productos\/wp-json\/wp\/v2\/comments?post=3221"}],"wp:featuredmedia":[{"embeddable":true,"href":"https:\/\/www.spaoneandonly.cl\/productos\/wp-json\/wp\/v2\/media\/3254"}],"wp:attachment":[{"href":"https:\/\/www.spaoneandonly.cl\/productos\/wp-json\/wp\/v2\/media?parent=3221"}],"wp:term":[{"taxonomy":"product_cat","embeddable":true,"href":"https:\/\/www.spaoneandonly.cl\/productos\/wp-json\/wp\/v2\/product_cat?post=3221"},{"taxonomy":"product_tag","embeddable":true,"href":"https:\/\/www.spaoneandonly.cl\/productos\/wp-json\/wp\/v2\/product_tag?post=3221"}],"curies":[{"name":"wp","href":"https:\/\/api.w.org\/{rel}","templated":true}]}}