{"id":3220,"date":"2024-10-14T17:25:22","date_gmt":"2024-10-14T20:25:22","guid":{"rendered":"https:\/\/www.spaoneandonly.cl\/productos\/?post_type=product&#038;p=3220"},"modified":"2026-01-02T20:38:08","modified_gmt":"2026-01-02T23:38:08","slug":"cleansing-balm","status":"publish","type":"product","link":"https:\/\/www.spaoneandonly.cl\/productos\/item\/cleansing-balm\/","title":{"rendered":"Cleansing Balm"},"content":{"rendered":"<p>Cleansing Balm, dise\u00f1ado para eliminar sin esfuerzo el maquillaje, el protector solar y las impurezas. Esta f\u00f3rmula de b\u00e1lsamo se transforma en una textura de aceite suave cuando se aplica sobre la piel, enjuag\u00e1ndose como una emulsi\u00f3n de leche.<br \/>\nShea Butter y Macadamia Oil dejan la piel suave y profundamente hidratada. Chamomille y Kakadu plum ricas en vitamina C ayudan a calmar y promover luminosidad. Ser\u00e1 la \u00fanica forma en que querr\u00e1s comenzar tu rutina de cuidado de la piel, ma\u00f1ana y noche. <\/p>\n<p>C\u00d3MO USAR EL CLEANSING BALM.<br \/>\n1- Masajee una peque\u00f1a cantidad sobre la piel seca, con movimientos circulares.<br \/>\n2- Siga durante 60 segundo, permitiendo que el Cleansing Balm descomponga el maquillaje y el bloqueador solar.<br \/>\n3- Enjuagar con agua.<br \/>\n4- Para una limpieza doble m\u00e1s profunda, sigue con nuestro Gel limpiador.<\/p>\n<p>INGREDIENTES: &#8211; F\u00f3rmula sin fragancia.<br \/>\n&#8211; Fabricado con ingredientes org\u00e1nicos nativos australianos y certificados.<br \/>\n&#8211; 100% vegano y cruelty-free.<br \/>\n&#8211; hecho en Australia.<br \/>\n&#8211; pH equilibrado.<br \/>\n&#8211; Tubo derivado de la ca\u00f1a de az\u00facar 100% reciclable.<br \/>\n&#8211; Tama\u00f1o del tubo: 75ml.<\/p>\n<p>Triglic\u00e9rido capr\u00edlico\/c\u00e1prico, aceite de semilla de Helianthus Annuus (girasol), estearato de glicerilo SE, aceite de semilla de Macadamia Integrifolia, mantequilla de Butyrospermum Parkii (karit\u00e9)*, mantequilla de semilla de Theobroma Cacao*, cera de semilla de Helianthus Annuus (girasol), decil gluc\u00f3sido, Aqua (agua), insaponificables de aceite de Olea Europaea (oliva), aceite de semilla de Terminalia Ferdinandiana (ciruela de Kakadu), tocoferol, cera de c\u00e1scara de Rhus Verniciflua\/cera de fruta de Rhus Succedanea, resina de Shorea Robusta (sal), aceite de glicina Soja (soja), Pelargonium graveolens (geranio), aceite de lav\u00e1ndula angustifolia (lavanda), aceite de hoja de cinnamomum camphora linalloliferum (ho wood), aceite de flor de chamomilla recutita (matricaria)*. * Producto organico certificado.\u00bb<\/p>\n","protected":false},"excerpt":{"rendered":"<p>Cleansing Balm 100ml.<\/p>\n<p>Macadamia &amp; Chamomile.<\/p>\n<p>Limpiar, Nutrir y Calmar.<\/p>\n","protected":false},"featured_media":3235,"comment_status":"open","ping_status":"closed","template":"","meta":[],"product_cat":[112,113,116,185,190],"product_tag":[],"class_list":{"0":"post-3220","1":"product","2":"type-product","3":"status-publish","4":"has-post-thumbnail","6":"product_cat-cuidado-facial","7":"product_cat-limpieza","8":"product_cat-lociones","9":"product_cat-marcas","10":"product_cat-saya","12":"first","13":"instock","14":"sale","15":"shipping-taxable","16":"purchasable","17":"product-type-simple"},"_links":{"self":[{"href":"https:\/\/www.spaoneandonly.cl\/productos\/wp-json\/wp\/v2\/product\/3220","targetHints":{"allow":["GET"]}}],"collection":[{"href":"https:\/\/www.spaoneandonly.cl\/productos\/wp-json\/wp\/v2\/product"}],"about":[{"href":"https:\/\/www.spaoneandonly.cl\/productos\/wp-json\/wp\/v2\/types\/product"}],"replies":[{"embeddable":true,"href":"https:\/\/www.spaoneandonly.cl\/productos\/wp-json\/wp\/v2\/comments?post=3220"}],"wp:featuredmedia":[{"embeddable":true,"href":"https:\/\/www.spaoneandonly.cl\/productos\/wp-json\/wp\/v2\/media\/3235"}],"wp:attachment":[{"href":"https:\/\/www.spaoneandonly.cl\/productos\/wp-json\/wp\/v2\/media?parent=3220"}],"wp:term":[{"taxonomy":"product_cat","embeddable":true,"href":"https:\/\/www.spaoneandonly.cl\/productos\/wp-json\/wp\/v2\/product_cat?post=3220"},{"taxonomy":"product_tag","embeddable":true,"href":"https:\/\/www.spaoneandonly.cl\/productos\/wp-json\/wp\/v2\/product_tag?post=3220"}],"curies":[{"name":"wp","href":"https:\/\/api.w.org\/{rel}","templated":true}]}}