{"id":3219,"date":"2024-10-14T17:25:11","date_gmt":"2024-10-14T20:25:11","guid":{"rendered":"https:\/\/www.spaoneandonly.cl\/productos\/?post_type=product&#038;p=3219"},"modified":"2026-01-02T20:30:28","modified_gmt":"2026-01-02T23:30:28","slug":"cleasing-gel","status":"publish","type":"product","link":"https:\/\/www.spaoneandonly.cl\/productos\/item\/cleasing-gel\/","title":{"rendered":"Cleasing Gel"},"content":{"rendered":"<p>Esta f\u00f3rmula de PH equilibrado limpia en profundidad, elimina eficazmente el maquillaje, el bloqueador solar SPF y las impurezas; y garantiza que el cutis permanezca equilibrado e hidratado. Una f\u00f3rmula de Marshmallow Chamomile y una mezcla de ciruelas silvestres nativas de Australia ayuda a iluminar, calmar y purificar, dejando la piel limpia y fresca. Recomendable para todo tipo de pieles. Este producto presenta nuestra mezcla exclusiva de nativos australianos de Kakadu Plum, Illawarra Plum y Burdekin Plum. Estas superfrutas mejoran la hidrataci\u00f3n de la piel y aportan antioxidantes para luchar contra los signos del envejecimiento.<br \/>\nProducto org\u00e1nico certificado. <\/p>\n<p>C\u00d3MO USAR NUESTRO CLEANSING GEL 150ML.<br \/>\n1- Masajee dos dosis de Cleansing Gel haciendo espuma.<br \/>\n2- Enjuague bien con agua. Repetir.<br \/>\n3- Usar ma\u00f1ana y noche.<br \/>\n4- Para una limpieza m\u00e1s profunda, \u00fasalo despu\u00e9s de nuestro Cleasing Balm como una segunda limpieza.<\/p>\n<p>INGREDIENTES:<\/p>\n<p>\u2022 Fabricado con ingredientes org\u00e1nicos nativos australianos y certificados.<br \/>\n\u2022 100 % vegano y libre de crueldad animal, fabricado en Australia.<br \/>\n\u2022 Formulado sin sulfatos, parabenos y ftalatos.<br \/>\n\u2022 pH equilibrado.<br \/>\n\u2022 Tama\u00f1o del tubo: 150ml.<br \/>\n\u2022 Envases totalmente reciclables derivados de la ca\u00f1a de az\u00facar.<\/p>\n<p>Jugo de hoja de aloe barbadensis*, glicerina, decil gluc\u00f3sido, lauril gluc\u00f3sido, caprilil\/capril gluc\u00f3sido, coco gluc\u00f3sido, alcohol benc\u00edlico, goma de xantano, goma de cyamopsis tetragonoloba, sorbato de potasio, aceite de pelargoniun graveolens (geranio), glutamato de coco y sodio, althea officinalis (malvavisco) ) Extracto de ra\u00edz*, \u00e1cido salic\u00edlico, caprilato de glicerilo, oleato de poliglicerilo-6, \u00e1cido s\u00f3rbico, extracto de fruta de Terminalia Ferdinandiana (ciruela Kakadu), extracto de flor de Chamomilla Recutita (Matricaria)*, aceite de flor de Citrus Aurantium Amara (naranja amarga)*, Boswellia Carterii (Incienso)*, Aceite de flor de Chamomilla Recutita (Matricaria)*, Extracto de fruta de Pleiogynium Timorense (Ciruela de Burdekin), Extracto de fruta de Podocarpus Elatus (Ciruela de Illawarra), Surfactina de sodio, \u00c1cido c\u00edtrico. *Producto org\u00e1nico certificado.\u00bb<\/p>\n","protected":false},"excerpt":{"rendered":"<p>Cleasing Gel 150ml.<br \/>\nLimpia, Purifica y Refresca.<\/p>\n","protected":false},"featured_media":3372,"comment_status":"open","ping_status":"closed","template":"","meta":[],"product_cat":[112,113,116,185,190],"product_tag":[],"class_list":{"0":"post-3219","1":"product","2":"type-product","3":"status-publish","4":"has-post-thumbnail","6":"product_cat-cuidado-facial","7":"product_cat-limpieza","8":"product_cat-lociones","9":"product_cat-marcas","10":"product_cat-saya","12":"first","13":"outofstock","14":"shipping-taxable","15":"purchasable","16":"product-type-simple"},"_links":{"self":[{"href":"https:\/\/www.spaoneandonly.cl\/productos\/wp-json\/wp\/v2\/product\/3219","targetHints":{"allow":["GET"]}}],"collection":[{"href":"https:\/\/www.spaoneandonly.cl\/productos\/wp-json\/wp\/v2\/product"}],"about":[{"href":"https:\/\/www.spaoneandonly.cl\/productos\/wp-json\/wp\/v2\/types\/product"}],"replies":[{"embeddable":true,"href":"https:\/\/www.spaoneandonly.cl\/productos\/wp-json\/wp\/v2\/comments?post=3219"}],"wp:featuredmedia":[{"embeddable":true,"href":"https:\/\/www.spaoneandonly.cl\/productos\/wp-json\/wp\/v2\/media\/3372"}],"wp:attachment":[{"href":"https:\/\/www.spaoneandonly.cl\/productos\/wp-json\/wp\/v2\/media?parent=3219"}],"wp:term":[{"taxonomy":"product_cat","embeddable":true,"href":"https:\/\/www.spaoneandonly.cl\/productos\/wp-json\/wp\/v2\/product_cat?post=3219"},{"taxonomy":"product_tag","embeddable":true,"href":"https:\/\/www.spaoneandonly.cl\/productos\/wp-json\/wp\/v2\/product_tag?post=3219"}],"curies":[{"name":"wp","href":"https:\/\/api.w.org\/{rel}","templated":true}]}}