{"id":3211,"date":"2024-10-08T16:45:11","date_gmt":"2024-10-08T19:45:11","guid":{"rendered":"https:\/\/www.spaoneandonly.cl\/productos\/?post_type=product&#038;p=3211"},"modified":"2026-05-06T11:29:27","modified_gmt":"2026-05-06T15:29:27","slug":"porta-sahumerio-wood","status":"publish","type":"product","link":"https:\/\/www.spaoneandonly.cl\/productos\/item\/porta-sahumerio-wood\/","title":{"rendered":"Porta Incienso Wood"},"content":{"rendered":"<p>Si vas a quemar incienso en varilla lo ideal es tener un soporte de incienso. De esta forma tendr\u00e1s toda la ceniza que vaya dejando la combusti\u00f3n de la varita en un mismo sitio. Este hermoso porta incienso, permite quemar perfectamente tus inciensos en varillas, conitos, pir\u00e1mides energ\u00e9ticas y tambi\u00e9n sahumos.<\/p>\n<p>*Importante tomar en consideraci\u00f3n que el dise\u00f1o puede variar ya que est\u00e1n hechos a mano<\/p>\n","protected":false},"excerpt":{"rendered":"<p>Soporte de incienso.<\/p>\n","protected":false},"featured_media":3217,"comment_status":"open","ping_status":"closed","template":"","meta":[],"product_cat":[156,187,185,188],"product_tag":[],"class_list":{"0":"post-3211","1":"product","2":"type-product","3":"status-publish","4":"has-post-thumbnail","6":"product_cat-spa-en-casa","7":"product_cat-inciensos-y-sahumos","8":"product_cat-marcas","9":"product_cat-sagrada-madre","11":"first","12":"instock","13":"shipping-taxable","14":"purchasable","15":"product-type-simple"},"_links":{"self":[{"href":"https:\/\/www.spaoneandonly.cl\/productos\/wp-json\/wp\/v2\/product\/3211","targetHints":{"allow":["GET"]}}],"collection":[{"href":"https:\/\/www.spaoneandonly.cl\/productos\/wp-json\/wp\/v2\/product"}],"about":[{"href":"https:\/\/www.spaoneandonly.cl\/productos\/wp-json\/wp\/v2\/types\/product"}],"replies":[{"embeddable":true,"href":"https:\/\/www.spaoneandonly.cl\/productos\/wp-json\/wp\/v2\/comments?post=3211"}],"wp:featuredmedia":[{"embeddable":true,"href":"https:\/\/www.spaoneandonly.cl\/productos\/wp-json\/wp\/v2\/media\/3217"}],"wp:attachment":[{"href":"https:\/\/www.spaoneandonly.cl\/productos\/wp-json\/wp\/v2\/media?parent=3211"}],"wp:term":[{"taxonomy":"product_cat","embeddable":true,"href":"https:\/\/www.spaoneandonly.cl\/productos\/wp-json\/wp\/v2\/product_cat?post=3211"},{"taxonomy":"product_tag","embeddable":true,"href":"https:\/\/www.spaoneandonly.cl\/productos\/wp-json\/wp\/v2\/product_tag?post=3211"}],"curies":[{"name":"wp","href":"https:\/\/api.w.org\/{rel}","templated":true}]}}