{"id":3209,"date":"2024-10-08T16:35:10","date_gmt":"2024-10-08T19:35:10","guid":{"rendered":"https:\/\/www.spaoneandonly.cl\/productos\/?post_type=product&#038;p=3209"},"modified":"2026-05-08T12:30:21","modified_gmt":"2026-05-08T16:30:21","slug":"sahumito-de-mirra-y-palo-santo","status":"publish","type":"product","link":"https:\/\/www.spaoneandonly.cl\/productos\/item\/sahumito-de-mirra-y-palo-santo\/","title":{"rendered":"Sahumito de Mirra y Palo Santo"},"content":{"rendered":"<p>Son sahumitos de tama\u00f1o peque\u00f1o, ideales para acompa\u00f1ar rituales o sahumados cortos. <\/p>\n<p>Sah\u00famo ba\u00f1ado de Mirra y Palo santo, una combinaci\u00f3n energ\u00e9ticamente fuerte y armoniosa para Renovaci\u00f3n &#8211; Transformaci\u00f3n energ\u00e9tica &#8211; Materializar deseos.<\/p>\n<p>Unidades: 1<br \/>\nDuraci\u00f3n Sahumito: 2 horas<br \/>\nHecho en Argentina<\/p>\n","protected":false},"excerpt":{"rendered":"<p>El Sah\u00famo es un antiguo ritual que, por medio de la quema de plantas medicinales, trabaja sobre la limpieza, curaci\u00f3n, protecci\u00f3n y alineaci\u00f3n del esp\u00edritu. <\/p>\n","protected":false},"featured_media":3214,"comment_status":"open","ping_status":"closed","template":"","meta":[],"product_cat":[156,187,185,188],"product_tag":[],"class_list":{"0":"post-3209","1":"product","2":"type-product","3":"status-publish","4":"has-post-thumbnail","6":"product_cat-spa-en-casa","7":"product_cat-inciensos-y-sahumos","8":"product_cat-marcas","9":"product_cat-sagrada-madre","11":"first","12":"instock","13":"shipping-taxable","14":"purchasable","15":"product-type-simple"},"_links":{"self":[{"href":"https:\/\/www.spaoneandonly.cl\/productos\/wp-json\/wp\/v2\/product\/3209","targetHints":{"allow":["GET"]}}],"collection":[{"href":"https:\/\/www.spaoneandonly.cl\/productos\/wp-json\/wp\/v2\/product"}],"about":[{"href":"https:\/\/www.spaoneandonly.cl\/productos\/wp-json\/wp\/v2\/types\/product"}],"replies":[{"embeddable":true,"href":"https:\/\/www.spaoneandonly.cl\/productos\/wp-json\/wp\/v2\/comments?post=3209"}],"wp:featuredmedia":[{"embeddable":true,"href":"https:\/\/www.spaoneandonly.cl\/productos\/wp-json\/wp\/v2\/media\/3214"}],"wp:attachment":[{"href":"https:\/\/www.spaoneandonly.cl\/productos\/wp-json\/wp\/v2\/media?parent=3209"}],"wp:term":[{"taxonomy":"product_cat","embeddable":true,"href":"https:\/\/www.spaoneandonly.cl\/productos\/wp-json\/wp\/v2\/product_cat?post=3209"},{"taxonomy":"product_tag","embeddable":true,"href":"https:\/\/www.spaoneandonly.cl\/productos\/wp-json\/wp\/v2\/product_tag?post=3209"}],"curies":[{"name":"wp","href":"https:\/\/api.w.org\/{rel}","templated":true}]}}