{"id":3041,"date":"2024-05-10T12:14:48","date_gmt":"2024-05-10T16:14:48","guid":{"rendered":"https:\/\/www.spaoneandonly.cl\/productos\/?post_type=product&#038;p=3041"},"modified":"2026-01-02T20:30:46","modified_gmt":"2026-01-02T23:30:46","slug":"shampoo-argan-475-ml","status":"publish","type":"product","link":"https:\/\/www.spaoneandonly.cl\/productos\/item\/shampoo-argan-475-ml\/","title":{"rendered":"Argan Shampoo"},"content":{"rendered":"<p>Shea Butter, Carrot Seed, Bergamot &amp; Geranium<\/p>\n<p>Un elegante shampoo libre de sulfatos y parabenos que controla el encrespamiento, trata las puntas abiertas y deja el cabello suave e hidratado. Lo hemos formulado con aceite de arg\u00e1n para tratar las puntas abiertas y controlar el encrespamiento, el Kangaroo Apple Extract y el extracto de Quandong acondicionan, fortalecen e hidratan el cabello, dej\u00e1ndolo brillante y suave. Extracto de Banksia proporciona volumen y protecci\u00f3n UV.<\/p>\n<p>C\u00d3MO USAR ARGAN SHAMPOO 475ML<br \/>\nMasajee sobre el cabello h\u00famedo y forme espuma antes de enjuagar bien. Repita si lo desea. Siga con el Argan Conditioner de Saya.<\/p>\n<p>INGREDIENTES<br \/>\nJugo de hoja de aloe barbadensis*, cocoamidopropil beta\u00edna, lauroil metil isetionato de sodio, glicerina, metil cocoil taurato de sodio, lauril gluc\u00f3sido, beta\u00edna, cloruro de sodio, aceite de flor de Pelargonium Graveolens (geranio bourbon)*, aceite de c\u00e1scara de bergamia (bergamota) de Citrus Aurantium, guar hidroxipropiltrimonio. Cloruro, aceite de flor de Canaga Odorata (Ylang Ylang), aceite de semilla de Argania Spinosa (arg\u00e1n)*, aceite de semilla de Daucus carota sativa (zanahoria), aceite de semilla de Butyrospermum Parkii (manteca de karit\u00e9)*, aceite de semilla de Macadamia Ternifolia (nuez de macadamia), Vetiveria Zizaniodes (vetiver) ) Aceite de ra\u00edz, tocoferol, extracto de flor de Banksia Serrata*, extracto de fruta de Santalum acuminatum (Quandong)*, extracto de fruta de Solanum Aviculare (manzana canguro)*, sorbato de potasio, alcohol benc\u00edlico, \u00e1cido benzoico, \u00e1cido s\u00f3rbico, aceite de glicina de soja, \u00e1cido c\u00edtrico. *Org\u00e1nico<\/p>\n","protected":false},"excerpt":{"rendered":"<p>Argan Shampoo &#8211; 475ml.<br \/>\nNutre, Protege y Limpia<\/p>\n","protected":false},"featured_media":2993,"comment_status":"open","ping_status":"closed","template":"","meta":[],"product_cat":[145,143,185,190],"product_tag":[],"class_list":{"0":"post-3041","1":"product","2":"type-product","3":"status-publish","4":"has-post-thumbnail","6":"product_cat-aceites-y-cremas","7":"product_cat-cuidado-cuerpo","8":"product_cat-marcas","9":"product_cat-saya","11":"first","12":"outofstock","13":"shipping-taxable","14":"purchasable","15":"product-type-simple"},"_links":{"self":[{"href":"https:\/\/www.spaoneandonly.cl\/productos\/wp-json\/wp\/v2\/product\/3041","targetHints":{"allow":["GET"]}}],"collection":[{"href":"https:\/\/www.spaoneandonly.cl\/productos\/wp-json\/wp\/v2\/product"}],"about":[{"href":"https:\/\/www.spaoneandonly.cl\/productos\/wp-json\/wp\/v2\/types\/product"}],"replies":[{"embeddable":true,"href":"https:\/\/www.spaoneandonly.cl\/productos\/wp-json\/wp\/v2\/comments?post=3041"}],"wp:featuredmedia":[{"embeddable":true,"href":"https:\/\/www.spaoneandonly.cl\/productos\/wp-json\/wp\/v2\/media\/2993"}],"wp:attachment":[{"href":"https:\/\/www.spaoneandonly.cl\/productos\/wp-json\/wp\/v2\/media?parent=3041"}],"wp:term":[{"taxonomy":"product_cat","embeddable":true,"href":"https:\/\/www.spaoneandonly.cl\/productos\/wp-json\/wp\/v2\/product_cat?post=3041"},{"taxonomy":"product_tag","embeddable":true,"href":"https:\/\/www.spaoneandonly.cl\/productos\/wp-json\/wp\/v2\/product_tag?post=3041"}],"curies":[{"name":"wp","href":"https:\/\/api.w.org\/{rel}","templated":true}]}}