{"id":2959,"date":"2024-05-06T21:21:29","date_gmt":"2024-05-07T01:21:29","guid":{"rendered":"https:\/\/www.spaoneandonly.cl\/productos\/?post_type=product&#038;p=2959"},"modified":"2025-11-05T15:39:54","modified_gmt":"2025-11-05T18:39:54","slug":"argan-conditioner","status":"publish","type":"product","link":"https:\/\/www.spaoneandonly.cl\/productos\/item\/argan-conditioner\/","title":{"rendered":"Argan Conditioner"},"content":{"rendered":"<p>Shea Butter, Carrot Seed, Bergamot &amp; Geranium<\/p>\n<p>Un acondicionador nutritivo sin sulfatos que deja el cabello suave y brillante.<\/p>\n<p>Lo hemos formulado con aceite de arg\u00e1n y aceite de macadamia para tratar y nutrir las puntas abiertas y controlar el encrespamiento. La manteca de karit\u00e9, el extracto de Kangaroo Apple Extract y el extracto de Quandong fortalecen, acondicionan e hidratan el cabello, dej\u00e1ndolo suave y brillante. Banksia Extract proporciona volumen y protecci\u00f3n UV.<\/p>\n<p>C\u00d3MO USAR ARGAN CONDITIONER <\/p>\n<p>1. Despu\u00e9s de enjuagar el Shampoo de arg\u00e1n de Saya, aplique dos dosis de acondicionador de arg\u00e1n de Saya.<\/p>\n<p>2. Deje actuar de 5 a 10 minutos, luego enjuague bien y peine como desee.<\/p>\n","protected":false},"excerpt":{"rendered":"<p>Argan Conditioner &#8211; 475 ml.<br \/>\nNutre, Protege y Acondiciona.<\/p>\n","protected":false},"featured_media":3204,"comment_status":"open","ping_status":"closed","template":"","meta":[],"product_cat":[145,143,185,190],"product_tag":[],"class_list":{"0":"post-2959","1":"product","2":"type-product","3":"status-publish","4":"has-post-thumbnail","6":"product_cat-aceites-y-cremas","7":"product_cat-cuidado-cuerpo","8":"product_cat-marcas","9":"product_cat-saya","11":"first","12":"outofstock","13":"shipping-taxable","14":"purchasable","15":"product-type-simple"},"_links":{"self":[{"href":"https:\/\/www.spaoneandonly.cl\/productos\/wp-json\/wp\/v2\/product\/2959","targetHints":{"allow":["GET"]}}],"collection":[{"href":"https:\/\/www.spaoneandonly.cl\/productos\/wp-json\/wp\/v2\/product"}],"about":[{"href":"https:\/\/www.spaoneandonly.cl\/productos\/wp-json\/wp\/v2\/types\/product"}],"replies":[{"embeddable":true,"href":"https:\/\/www.spaoneandonly.cl\/productos\/wp-json\/wp\/v2\/comments?post=2959"}],"wp:featuredmedia":[{"embeddable":true,"href":"https:\/\/www.spaoneandonly.cl\/productos\/wp-json\/wp\/v2\/media\/3204"}],"wp:attachment":[{"href":"https:\/\/www.spaoneandonly.cl\/productos\/wp-json\/wp\/v2\/media?parent=2959"}],"wp:term":[{"taxonomy":"product_cat","embeddable":true,"href":"https:\/\/www.spaoneandonly.cl\/productos\/wp-json\/wp\/v2\/product_cat?post=2959"},{"taxonomy":"product_tag","embeddable":true,"href":"https:\/\/www.spaoneandonly.cl\/productos\/wp-json\/wp\/v2\/product_tag?post=2959"}],"curies":[{"name":"wp","href":"https:\/\/api.w.org\/{rel}","templated":true}]}}