{"id":2844,"date":"2024-04-03T20:18:31","date_gmt":"2024-04-03T23:18:31","guid":{"rendered":"https:\/\/www.spaoneandonly.cl\/productos\/?post_type=product&#038;p=2844"},"modified":"2026-01-02T20:31:11","modified_gmt":"2026-01-02T23:31:11","slug":"argan-body-oil","status":"publish","type":"product","link":"https:\/\/www.spaoneandonly.cl\/productos\/item\/argan-body-oil\/","title":{"rendered":"Argan Body Oil"},"content":{"rendered":"<p>El Argan Body Oil de Saya nutre, protege y proporciona la m\u00e1xima hidrataci\u00f3n a la piel. Formulado con una mezcla de aceite de arg\u00e1n, vitamina E y \u00e1cidos grasos esenciales. La jojoba, la almendra dulce, la macadamia, la onagra y el aceite de coco prensados en fr\u00edo hidratan y suavizan la piel de forma eficaz. Delicadamente perfumado con una mezcla ex\u00f3tica de aceites esenciales de ylang ylang, c\u00e1scara de mandarina, borb\u00f3n de geranio, madera de cedro y pachul\u00ed.<\/p>\n<p>Apto para todo tipo de pieles.<\/p>\n<p>Producto org\u00e1nico certificado.<\/p>\n<p>C\u00d3MO USAR NUESTRO ARGAN BODY OIL 150ML<br \/>\nEl Argan Body Oil de Saya se puede usar como tratamiento corporal y\/o capilar.<\/p>\n<p>Tratamiento Corporal Diario:<\/p>\n<p>1. Aplicar el Body Argan Oil de Saya sobre la piel h\u00fameda inmediatamente despu\u00e9s de la exposici\u00f3n. Se puede mezclar con tu crema hidratante diaria.<br \/>\n2. Usar todos los d\u00edas.<\/p>\n<p>Tratamiento capilar<br \/>\n1. Aplicaci\u00f3n: Aplicar el Argan Body Oil de Saya sobre el cabello h\u00famedo.<br \/>\n2. Envu\u00e9lvalo en una toalla para el cabello y deje que se absorba durante 30 minutos o toda la noche.<br \/>\n3. Usar Champ\u00fa y acondicionador de cabello para eliminar el exceso de grasa.<br \/>\n4. Usar semanalmente.<\/p>\n<p>INGREDIENTES<br \/>\n\u2022 Producto org\u00e1nico certificado<br \/>\n\u2022 Fabricado con ingredientes org\u00e1nicos nativos australianos y certificados.<br \/>\n\u2022 100% vegano y cruelty-free<br \/>\n\u2022 Hecho en Australia<br \/>\n\u2022 Formulado sin sulfatos, parabenos y ftalatos.<br \/>\n\u2022 pH equilibrado<br \/>\n\u2022 Tama\u00f1o de la botella: 200ml<\/p>\n<p>Aceite de semilla de Helianthus Annuus (girasol)*, aceite de coco (Cocos nucifera)*, aceite de semilla de Argania Spinosa (arg\u00e1n)*, aceite de semilla de Simmondsia Chinensis (jojoba)*, aceite de semilla de Macadamia Ternifolia (nuez de macadamia)*, aceite de semilla de Prunus Dulcis (almendra dulce) )*, aceite de c\u00e1scara de Citrus Reticulata (mandarina), semilla de Terminalia Ferdinandiana (ciruela Kakadu)*, aceite de Pogostemon Cablin (pachul\u00ed), aceite de semilla de Carthamus Tinetorius (c\u00e1rtamo)*, aceite de flor de Pelargonium Graveolens (geranio borb\u00f3n)*, Oenothera biennis ( Aceite de onagra*, aceite de cedro atl\u00e1ntica (madera de cedro), aceite de flor de canaga odorata (ylang ylang), tocoferol. *Producto org\u00e1nico certificado<\/p>\n","protected":false},"excerpt":{"rendered":"<p>Argan Body Oil.<br \/>\nMandarin Peel, Geranium Bourbon, Evening Primrose &amp; Macadamia oil.<\/p>\n<p>Nutre y Suaviza.<\/p>\n","protected":false},"featured_media":2938,"comment_status":"open","ping_status":"closed","template":"","meta":[],"product_cat":[145,161,143,156,185,190],"product_tag":[],"class_list":{"0":"post-2844","1":"product","2":"type-product","3":"status-publish","4":"has-post-thumbnail","6":"product_cat-aceites-y-cremas","7":"product_cat-aceites-y-cremas-spa-en-casa","8":"product_cat-cuidado-cuerpo","9":"product_cat-spa-en-casa","10":"product_cat-marcas","11":"product_cat-saya","13":"first","14":"outofstock","15":"shipping-taxable","16":"purchasable","17":"product-type-simple"},"_links":{"self":[{"href":"https:\/\/www.spaoneandonly.cl\/productos\/wp-json\/wp\/v2\/product\/2844","targetHints":{"allow":["GET"]}}],"collection":[{"href":"https:\/\/www.spaoneandonly.cl\/productos\/wp-json\/wp\/v2\/product"}],"about":[{"href":"https:\/\/www.spaoneandonly.cl\/productos\/wp-json\/wp\/v2\/types\/product"}],"replies":[{"embeddable":true,"href":"https:\/\/www.spaoneandonly.cl\/productos\/wp-json\/wp\/v2\/comments?post=2844"}],"wp:featuredmedia":[{"embeddable":true,"href":"https:\/\/www.spaoneandonly.cl\/productos\/wp-json\/wp\/v2\/media\/2938"}],"wp:attachment":[{"href":"https:\/\/www.spaoneandonly.cl\/productos\/wp-json\/wp\/v2\/media?parent=2844"}],"wp:term":[{"taxonomy":"product_cat","embeddable":true,"href":"https:\/\/www.spaoneandonly.cl\/productos\/wp-json\/wp\/v2\/product_cat?post=2844"},{"taxonomy":"product_tag","embeddable":true,"href":"https:\/\/www.spaoneandonly.cl\/productos\/wp-json\/wp\/v2\/product_tag?post=2844"}],"curies":[{"name":"wp","href":"https:\/\/api.w.org\/{rel}","templated":true}]}}