{"id":2843,"date":"2024-04-03T20:18:20","date_gmt":"2024-04-03T23:18:20","guid":{"rendered":"https:\/\/www.spaoneandonly.cl\/productos\/?post_type=product&#038;p=2843"},"modified":"2025-11-05T15:40:30","modified_gmt":"2025-11-05T18:40:30","slug":"rich-body-cream-shea-butter-coconut-macadamia-oil","status":"publish","type":"product","link":"https:\/\/www.spaoneandonly.cl\/productos\/item\/rich-body-cream-shea-butter-coconut-macadamia-oil\/","title":{"rendered":"Rich Body Cream: Shea Butter, Coconut &amp; Macadamia Oil"},"content":{"rendered":"<p>Nutre y Protege:<br \/>\nRich Body Cream de Saya es rica y cremosa; perfumada con un irresistible aroma a coco. Un humectante corporal nutritivo que hidrata profundamente y deja la piel con una sensaci\u00f3n suave como la seda. Formulado con manteca de karit\u00e9, aceite de macadamia, manteca de cacao y aceite de coco para promover la elasticidad de la piel y una hidrataci\u00f3n duradera. Los \u00e1cidos grasos y los antioxidantes ayudar\u00e1n a reparar la piel seca y da\u00f1ada.<br \/>\nApto para todo tipo de pieles.<br \/>\nProducto org\u00e1nico certificado. <\/p>\n<p>C\u00d3MO USAR NUESTRO RICH BODY CREAM 250ML<br \/>\n1. Usa tu Rich Body Cream de Saya sola o con tu Argan Body Oil.<br \/>\n2. Masajear sobre la piel y dejar secar.<br \/>\n3. Aplicar ma\u00f1ana y noche.<\/p>\n<p>INGREDIENTES:<br \/>\n\u2022 Producto org\u00e1nico certificado.<br \/>\n\u2022 Fabricado con ingredientes org\u00e1nicos nativos australianos y certificados.<br \/>\n\u2022 100% vegano y cruelty-free.<br \/>\n\u2022 Hecho en Australia.<br \/>\n\u2022 Formulado sin sulfatos, parabenos y ftalatos.<br \/>\n\u2022 pH equilibrado.<br \/>\n\u2022 Tama\u00f1o de la botella: 250ml.<\/p>\n<p>Jugo de hoja de aloe barbadensis*, aceite de coco (Cocos nucifera)*, butyrospermum parkii (manteca de karit\u00e9)*, mantequilla de semilla de Theobroma Cacao*, aceite de semilla de Helianthus Annuus (girasol)*, alcohol cetear\u00edlico, glicerina*, olivato de cetearilo, sorbit\u00e1n Olivate, cetearil gluc\u00f3sido, aceite de semilla de macadamia ternifolia (nuez de macadamia)*, aroma (natural), extracto de fruta de santalum acuminatum (quandong)*, extracto de barklya syringifolia (corona de oro)*, extracto de brachychiton acerifolius (\u00e1rbol de llamas)*, terminalia ferdinandiana (Ciruela Kakadu) Extracto de fruta*, tocoferol, goma xantana, alcohol benc\u00edlico, sorbato de potasio, estearoil glutamato de sodio, \u00e1cido salic\u00edlico, \u00e1cido s\u00f3rbico. *Producto org\u00e1nico certificado.\u00bb<\/p>\n","protected":false},"excerpt":{"rendered":"<p>Rich Body Cream: Shea Butter, Coconut &amp; Macadamia Oil<\/p>\n","protected":false},"featured_media":3367,"comment_status":"open","ping_status":"closed","template":"","meta":[],"product_cat":[145,143,185,190],"product_tag":[],"class_list":{"0":"post-2843","1":"product","2":"type-product","3":"status-publish","4":"has-post-thumbnail","6":"product_cat-aceites-y-cremas","7":"product_cat-cuidado-cuerpo","8":"product_cat-marcas","9":"product_cat-saya","11":"first","12":"outofstock","13":"shipping-taxable","14":"purchasable","15":"product-type-simple"},"_links":{"self":[{"href":"https:\/\/www.spaoneandonly.cl\/productos\/wp-json\/wp\/v2\/product\/2843","targetHints":{"allow":["GET"]}}],"collection":[{"href":"https:\/\/www.spaoneandonly.cl\/productos\/wp-json\/wp\/v2\/product"}],"about":[{"href":"https:\/\/www.spaoneandonly.cl\/productos\/wp-json\/wp\/v2\/types\/product"}],"replies":[{"embeddable":true,"href":"https:\/\/www.spaoneandonly.cl\/productos\/wp-json\/wp\/v2\/comments?post=2843"}],"wp:featuredmedia":[{"embeddable":true,"href":"https:\/\/www.spaoneandonly.cl\/productos\/wp-json\/wp\/v2\/media\/3367"}],"wp:attachment":[{"href":"https:\/\/www.spaoneandonly.cl\/productos\/wp-json\/wp\/v2\/media?parent=2843"}],"wp:term":[{"taxonomy":"product_cat","embeddable":true,"href":"https:\/\/www.spaoneandonly.cl\/productos\/wp-json\/wp\/v2\/product_cat?post=2843"},{"taxonomy":"product_tag","embeddable":true,"href":"https:\/\/www.spaoneandonly.cl\/productos\/wp-json\/wp\/v2\/product_tag?post=2843"}],"curies":[{"name":"wp","href":"https:\/\/api.w.org\/{rel}","templated":true}]}}