{"id":2842,"date":"2024-04-03T19:47:30","date_gmt":"2024-04-03T22:47:30","guid":{"rendered":"https:\/\/www.spaoneandonly.cl\/productos\/?post_type=product&#038;p=2842"},"modified":"2025-11-05T15:40:56","modified_gmt":"2025-11-05T18:40:56","slug":"body-wash-lime-lemongrass","status":"publish","type":"product","link":"https:\/\/www.spaoneandonly.cl\/productos\/item\/body-wash-lime-lemongrass\/","title":{"rendered":"Body Wash: Lime &amp; Lemongrass"},"content":{"rendered":"<p>Lime &amp; Lemongrass Body Wash de Saya es revitalizante y reafirmante que limpia sin resecar ni irritar la piel. Formulado con Aloe Vera, Kakadu Plum y Desert Lime que calman e hidratan la piel. Naturalmente perfumado con aceites esenciales de Lima, Lemongrass, Peppermint y Lemon Myrtle.<br \/>\nLibre de detergentes agresivos, apto para todo tipo de pieles. <\/p>\n<p>C\u00d3MO USAR NUESTRO LIME &amp; LEMONGRASS BODY WASH 500ML.<br \/>\n1- Bombear tu Lime &amp; Lemongrass Body Wash Saya&#8217;s en las manos.<br \/>\n2- Masajear directamente sobre la piel h\u00fameda para formar espuma.<br \/>\n3- Enjuague bien con agua.<\/p>\n<p>INGREDIENTES:<br \/>\n\u2022 Producto org\u00e1nico certificado.<br \/>\n\u2022 Fabricado con ingredientes org\u00e1nicos nativos australianos y certificados.<br \/>\n\u2022 100% vegano y cruelty-free.<br \/>\n\u2022 Hecho en Australia.<br \/>\n\u2022 Formulado sin sulfatos, parabenos y ftalatos.<br \/>\n\u2022 pH equilibrado.<br \/>\n\u2022 Formato: 500ml.<\/p>\n<p>Aqua (agua), jugo de hoja de aloe barbadensis*, cocoanfoacetato de sodio, lauril gluc\u00f3sido, coco-beta\u00edna, glicerina, cocoil glutamato de sodio, lauril glucosa carboxilato de sodio, coco-gluc\u00f3sido, oleato de glicerilo, extracto de fruta Citrus Glauca (lima del desierto)*, corteza de \u00e1rbol Extracto de siringifolia (corona de oro)*, extracto de Brachychiton Acerifolius (\u00e1rbol de fuego)*, extracto de fruta de Terminalia Ferdinandiana (ciruela Kakadu)*, aceite de Citrus Aurantifolia (lima), aceite de Cymbopogon Schoenanthus (hierba de lim\u00f3n), aceite de Backhousia citriodora (mirto lim\u00f3n), Aceite de menta piperita*, \u00e1cido c\u00edtrico, sorbato de potasio, alcohol benc\u00edlico, \u00e1cido benzoico, \u00e1cido s\u00f3rbico *Org\u00e1nico certificado.\u00bb<\/p>\n","protected":false},"excerpt":{"rendered":"<p>Body Wash &#8211; 475 ml.<br \/>\nLime, Lemongrass, Peppermint &amp; Lemon Myrtle.<\/p>\n<p>Limpiar e Hidratar.<\/p>\n","protected":false},"featured_media":3205,"comment_status":"open","ping_status":"closed","template":"","meta":[],"product_cat":[143,147,185,190],"product_tag":[],"class_list":{"0":"post-2842","1":"product","2":"type-product","3":"status-publish","4":"has-post-thumbnail","6":"product_cat-cuidado-cuerpo","7":"product_cat-jabones","8":"product_cat-marcas","9":"product_cat-saya","11":"first","12":"outofstock","13":"shipping-taxable","14":"purchasable","15":"product-type-simple"},"_links":{"self":[{"href":"https:\/\/www.spaoneandonly.cl\/productos\/wp-json\/wp\/v2\/product\/2842","targetHints":{"allow":["GET"]}}],"collection":[{"href":"https:\/\/www.spaoneandonly.cl\/productos\/wp-json\/wp\/v2\/product"}],"about":[{"href":"https:\/\/www.spaoneandonly.cl\/productos\/wp-json\/wp\/v2\/types\/product"}],"replies":[{"embeddable":true,"href":"https:\/\/www.spaoneandonly.cl\/productos\/wp-json\/wp\/v2\/comments?post=2842"}],"wp:featuredmedia":[{"embeddable":true,"href":"https:\/\/www.spaoneandonly.cl\/productos\/wp-json\/wp\/v2\/media\/3205"}],"wp:attachment":[{"href":"https:\/\/www.spaoneandonly.cl\/productos\/wp-json\/wp\/v2\/media?parent=2842"}],"wp:term":[{"taxonomy":"product_cat","embeddable":true,"href":"https:\/\/www.spaoneandonly.cl\/productos\/wp-json\/wp\/v2\/product_cat?post=2842"},{"taxonomy":"product_tag","embeddable":true,"href":"https:\/\/www.spaoneandonly.cl\/productos\/wp-json\/wp\/v2\/product_tag?post=2842"}],"curies":[{"name":"wp","href":"https:\/\/api.w.org\/{rel}","templated":true}]}}