{"id":2826,"date":"2024-03-23T18:03:58","date_gmt":"2024-03-23T21:03:58","guid":{"rendered":"https:\/\/www.spaoneandonly.cl\/productos\/?post_type=product&#038;p=2826"},"modified":"2026-02-13T14:41:08","modified_gmt":"2026-02-13T17:41:08","slug":"aceite-lemon-15ml","status":"publish","type":"product","link":"https:\/\/www.spaoneandonly.cl\/productos\/item\/aceite-lemon-15ml\/","title":{"rendered":"Aceite Esencial Lemon"},"content":{"rendered":"<p>Como uno de los aceites m\u00e1s vendidos de doTERRA, el aceite esencial de Lim\u00f3n tiene una variedad de usos y beneficios. Con un aroma limpio, fresco y c\u00edtrico, el aceite de Lim\u00f3n es conocido por sus propiedades limpiadoras. Aplicado t\u00f3picamente, el aceite esencial de Lim\u00f3n ofrece una variedad de beneficios.<\/p>\n<p>Precauciones<\/p>\n<p>Evita la luz solar o rayos ultravioleta por un m\u00ednimo de 12 horas despu\u00e9s de aplicar este producto.<\/p>\n<p>Usos<\/p>\n<p>Dale a tu jab\u00f3n un poco m\u00e1s de poder de limpieza agregando unas gotas de aceite esencial de Lim\u00f3n a tu mezcla de jab\u00f3n, y fr\u00f3tate bien las manos.<br \/>\nPara hacer tu propio exfoliante casero, combina 4\u20135 gotas de aceite esencial de Lim\u00f3n doTERRA con una peque\u00f1a cantidad de avena y agua. A medida que apliques el exfoliante de avena con Lim\u00f3n en la piel, sentir\u00e1s las propiedades limpiadoras y refrescantes del aceite esencial de Lim\u00f3n trabajando para exfoliar y limpiar la piel.<br \/>\nDif\u00fandelo por la casa para obtener un aroma c\u00edtrico y fresco.<br \/>\nPrecauciones<\/p>\n<p>No ingerir. Lee las Instrucciones de uso y las Precauciones en la etiqueta del producto.<\/p>\n<p>Principales beneficios:<\/p>\n<p>Puede apoyar una piel saludable.<br \/>\nAroma c\u00edtrico y fresco.<\/p>\n<p>Descripci\u00f3n arom\u00e1tica:<\/p>\n<p>Limpio, fresco, c\u00edtrico, brillante.<\/p>\n<p>M\u00e9todo de obtenci\u00f3n:<\/p>\n<p>Prensado\/extra\u00eddo en fr\u00edo.<br \/>\nParte de la planta<\/p>\n<p>C\u00e1scaras de lim\u00f3n.<\/p>\n","protected":false},"excerpt":{"rendered":"<p>Aceite Esencial Lemon \u2013 15 ml.<\/p>\n","protected":false},"featured_media":3097,"comment_status":"open","ping_status":"closed","template":"","meta":[],"product_cat":[145,143,156,186,189,185],"product_tag":[],"class_list":{"0":"post-2826","1":"product","2":"type-product","3":"status-publish","4":"has-post-thumbnail","6":"product_cat-aceites-y-cremas","7":"product_cat-cuidado-cuerpo","8":"product_cat-spa-en-casa","9":"product_cat-aceites-esenciales","10":"product_cat-do-terra","11":"product_cat-marcas","13":"first","14":"outofstock","15":"sale","16":"shipping-taxable","17":"purchasable","18":"product-type-simple"},"_links":{"self":[{"href":"https:\/\/www.spaoneandonly.cl\/productos\/wp-json\/wp\/v2\/product\/2826","targetHints":{"allow":["GET"]}}],"collection":[{"href":"https:\/\/www.spaoneandonly.cl\/productos\/wp-json\/wp\/v2\/product"}],"about":[{"href":"https:\/\/www.spaoneandonly.cl\/productos\/wp-json\/wp\/v2\/types\/product"}],"replies":[{"embeddable":true,"href":"https:\/\/www.spaoneandonly.cl\/productos\/wp-json\/wp\/v2\/comments?post=2826"}],"wp:featuredmedia":[{"embeddable":true,"href":"https:\/\/www.spaoneandonly.cl\/productos\/wp-json\/wp\/v2\/media\/3097"}],"wp:attachment":[{"href":"https:\/\/www.spaoneandonly.cl\/productos\/wp-json\/wp\/v2\/media?parent=2826"}],"wp:term":[{"taxonomy":"product_cat","embeddable":true,"href":"https:\/\/www.spaoneandonly.cl\/productos\/wp-json\/wp\/v2\/product_cat?post=2826"},{"taxonomy":"product_tag","embeddable":true,"href":"https:\/\/www.spaoneandonly.cl\/productos\/wp-json\/wp\/v2\/product_tag?post=2826"}],"curies":[{"name":"wp","href":"https:\/\/api.w.org\/{rel}","templated":true}]}}