{"id":2825,"date":"2024-03-23T18:03:52","date_gmt":"2024-03-23T21:03:52","guid":{"rendered":"https:\/\/www.spaoneandonly.cl\/productos\/?post_type=product&#038;p=2825"},"modified":"2026-04-13T15:11:16","modified_gmt":"2026-04-13T19:11:16","slug":"difusor-petal","status":"publish","type":"product","link":"https:\/\/www.spaoneandonly.cl\/productos\/item\/difusor-petal\/","title":{"rendered":"Difusor Petal"},"content":{"rendered":"<p>El difusor Petal es peque\u00f1o y f\u00e1cil de usar y brinda beneficios arom\u00e1ticos a tu familia y hogar. Tiene una niebla relajante y una luz ambiental blanca y suave, lo que lo hace ideal para la difusi\u00f3n nocturna y puede cubrir hasta 30 metros cuadrados.<\/p>\n<p>El difusor Petal tiene tres configuraciones de tiempo: 2 y 6 horas continuas y 12 horas intermitentes, lo que le permite personalizar la liberaci\u00f3n de aceites esenciales en el aire.<\/p>\n<p>Caracter\u00edsticas del Producto<\/p>\n<p>Configuraciones de difusi\u00f3n de 2 y 6 horas continuas y 12 horas intermitentes (5 min. encendido, 5 min. apagado).<br \/>\nConfiguraciones de luz opcionales: luz nocturna o sin luz.<br \/>\nLa niebla ultrafina alcanza hasta 30 metros cuadrados.<br \/>\nEl difusor simple de 3 piezas es pr\u00e1ctico y f\u00e1cil de usar.<\/p>\n","protected":false},"excerpt":{"rendered":"<p>Difusor Petal de Aromaterapia.<\/p>\n","protected":false},"featured_media":2932,"comment_status":"open","ping_status":"closed","template":"","meta":[],"product_cat":[157,156,189,185],"product_tag":[],"class_list":{"0":"post-2825","1":"product","2":"type-product","3":"status-publish","4":"has-post-thumbnail","6":"product_cat-aromatizadores-y-difusores","7":"product_cat-spa-en-casa","8":"product_cat-do-terra","9":"product_cat-marcas","11":"first","12":"instock","13":"shipping-taxable","14":"purchasable","15":"product-type-simple"},"_links":{"self":[{"href":"https:\/\/www.spaoneandonly.cl\/productos\/wp-json\/wp\/v2\/product\/2825","targetHints":{"allow":["GET"]}}],"collection":[{"href":"https:\/\/www.spaoneandonly.cl\/productos\/wp-json\/wp\/v2\/product"}],"about":[{"href":"https:\/\/www.spaoneandonly.cl\/productos\/wp-json\/wp\/v2\/types\/product"}],"replies":[{"embeddable":true,"href":"https:\/\/www.spaoneandonly.cl\/productos\/wp-json\/wp\/v2\/comments?post=2825"}],"wp:featuredmedia":[{"embeddable":true,"href":"https:\/\/www.spaoneandonly.cl\/productos\/wp-json\/wp\/v2\/media\/2932"}],"wp:attachment":[{"href":"https:\/\/www.spaoneandonly.cl\/productos\/wp-json\/wp\/v2\/media?parent=2825"}],"wp:term":[{"taxonomy":"product_cat","embeddable":true,"href":"https:\/\/www.spaoneandonly.cl\/productos\/wp-json\/wp\/v2\/product_cat?post=2825"},{"taxonomy":"product_tag","embeddable":true,"href":"https:\/\/www.spaoneandonly.cl\/productos\/wp-json\/wp\/v2\/product_tag?post=2825"}],"curies":[{"name":"wp","href":"https:\/\/api.w.org\/{rel}","templated":true}]}}