{"id":2824,"date":"2024-03-23T17:37:34","date_gmt":"2024-03-23T20:37:34","guid":{"rendered":"https:\/\/www.spaoneandonly.cl\/productos\/?post_type=product&#038;p=2824"},"modified":"2026-04-29T09:52:09","modified_gmt":"2026-04-29T13:52:09","slug":"deep-blue-cream","status":"publish","type":"product","link":"https:\/\/www.spaoneandonly.cl\/productos\/item\/deep-blue-cream\/","title":{"rendered":"Deep Blue Cream"},"content":{"rendered":"<p>Formulado con una mezcla patentada de extractos de plantas naturales y otros ingredientes naturales, Deep Blue Rub brinda una sensaci\u00f3n reconfortante de frescura y calidez.<\/p>\n<p>Hecho con la super vendida mezcla de aceites esenciales Deep Blue de doTERRA de gaulteria, alcanfor, menta, tanaceto azul, matricaria (manzanilla alemana), helicriso, ylang ylang y osmanthus, Deep Blue Rub es un complemento esencial para tu gabinete de ba\u00f1o y bolsa de gimnasia. Deep Blue Rub se mezcla en una base de emolientes humectantes que dejan la piel con una sensaci\u00f3n suave y no grasosa.<\/p>\n<p>Es la elecci\u00f3n de masajistas y deportistas profesionales que actualmente utilizan la mezcla de aceites esenciales doTERRA Deep Blue.<\/p>\n<p>Precauciones<\/p>\n<p>Para uso externo \u00fanicamente. No dejar al alcance de los ni\u00f1os para evitar la ingesti\u00f3n accidental. En caso de ingesti\u00f3n obtenga ayuda m\u00e9dica inmediatamente. Evitar el contacto con la cara, los ojos, el interior de los o\u00eddos y otras \u00e1reas delicadas. No utilizar sobre heridas o piel da\u00f1ada. Suspender su uso si se presentan signos de irritaci\u00f3n o sarpullido. Si est\u00e1 embarazada, amamantando o en tratamiento consulte a su m\u00e9dico.<\/p>\n<p>USOS<\/p>\n<p>Vierte un poco en la palma de la mano. Apl\u00edcalo sobre la piel del cuerpo con movimientos circulares, dando un masaje suave. Exclusivamente para uso externo.<\/p>\n<p>*Principales beneficios<\/p>\n<p>Formulado con la mezcla patentada Deep Blue de aceites esenciales y otros ingredientes naturales.<br \/>\nDeep Blue Rub se mezcla en una base de emolientes humectantes que deja la piel suave y no grasosa.<br \/>\nBrinda una sensaci\u00f3n refrescante en \u00e1reas espec\u00edficas.<br \/>\nIngredientes<\/p>\n<p>Water (Aqua), Gaultheria Procumbens (Wintergreen) Leaf Oil, Cinnamomum Camphora (Camphor) Oil, Menthol, Cetearyl Alcohol, Prunus Amygdalus Dulcis (Sweet Almond) Oil, Stearic Acid, Glyceryl Stearate, PEG-100 Stearate, Mentha Piperita (Peppermint) Oil, Eucalyptus Globulus Leaf Oil, Caprylic\/Capric Triglyceride, Butylene Glycol, Ceteareth-20, Hydroxyethyl Acrylate\/Sodium Acryloyldimethyl Taurate Copolymer, Squalane, Phenoxyethanol, Dimethicone, Caprylyl Glycol, Cananga Odorata Flower Oil, Acrylates\/C10-30 Alkyl Acrylate Crosspolymer, Xanthan Gum, Capsicum Frutescens Fruit Extract, Ethylhexylglycerin, Hexylene Glycol, Polysorbate 60, Maltodextrin, Tanacetum Annuum Flower\/Leaf\/Stem Oil, Sorbitan Isostearate, Sodium PCA, Tetrasodium Glutamate Diacetate, Osmanthus Fragrans Flower Extract, Chamomilla Recutita (Matricaria) Oil, Allantoin, Helichrysum Italicum Flower\/Leaf\/Stem Oil, Gardenia Florida Fruit Extract, Aloe Barbadensis Leaf Juice Powder, Retinyl Palmitate, Sodium Hydroxide, Chlorella Vulgaris Extract.<\/p>\n","protected":false},"excerpt":{"rendered":"<p>120 ml.<br \/>\nCrema t\u00f3pica infundida con la mezcla Deep Blue de aceites esenciales CPTG\u00ae.<\/p>\n","protected":false},"featured_media":2950,"comment_status":"open","ping_status":"closed","template":"","meta":[],"product_cat":[145,161,143,156,189,185],"product_tag":[],"class_list":{"0":"post-2824","1":"product","2":"type-product","3":"status-publish","4":"has-post-thumbnail","6":"product_cat-aceites-y-cremas","7":"product_cat-aceites-y-cremas-spa-en-casa","8":"product_cat-cuidado-cuerpo","9":"product_cat-spa-en-casa","10":"product_cat-do-terra","11":"product_cat-marcas","13":"first","14":"outofstock","15":"shipping-taxable","16":"purchasable","17":"product-type-simple"},"_links":{"self":[{"href":"https:\/\/www.spaoneandonly.cl\/productos\/wp-json\/wp\/v2\/product\/2824","targetHints":{"allow":["GET"]}}],"collection":[{"href":"https:\/\/www.spaoneandonly.cl\/productos\/wp-json\/wp\/v2\/product"}],"about":[{"href":"https:\/\/www.spaoneandonly.cl\/productos\/wp-json\/wp\/v2\/types\/product"}],"replies":[{"embeddable":true,"href":"https:\/\/www.spaoneandonly.cl\/productos\/wp-json\/wp\/v2\/comments?post=2824"}],"wp:featuredmedia":[{"embeddable":true,"href":"https:\/\/www.spaoneandonly.cl\/productos\/wp-json\/wp\/v2\/media\/2950"}],"wp:attachment":[{"href":"https:\/\/www.spaoneandonly.cl\/productos\/wp-json\/wp\/v2\/media?parent=2824"}],"wp:term":[{"taxonomy":"product_cat","embeddable":true,"href":"https:\/\/www.spaoneandonly.cl\/productos\/wp-json\/wp\/v2\/product_cat?post=2824"},{"taxonomy":"product_tag","embeddable":true,"href":"https:\/\/www.spaoneandonly.cl\/productos\/wp-json\/wp\/v2\/product_tag?post=2824"}],"curies":[{"name":"wp","href":"https:\/\/api.w.org\/{rel}","templated":true}]}}