{"id":2822,"date":"2024-03-23T17:36:50","date_gmt":"2024-03-23T20:36:50","guid":{"rendered":"https:\/\/www.spaoneandonly.cl\/productos\/?post_type=product&#038;p=2822"},"modified":"2026-01-07T13:48:29","modified_gmt":"2026-01-07T16:48:29","slug":"aceite-esencial-rosemary","status":"publish","type":"product","link":"https:\/\/www.spaoneandonly.cl\/productos\/item\/aceite-esencial-rosemary\/","title":{"rendered":"Aceite Esencial Rosemary"},"content":{"rendered":"<p>El aceite esencial de Romero es un aceite esencial vers\u00e1til que resulta \u00fatil en la vida cotidiana para cosas como dar un masaje relajante y m\u00e1s.<\/p>\n<p>El romero es un arbusto arom\u00e1tico de hoja perenne cuyas hojas se utilizan con frecuencia para dar sabor a alimentos como rellenos, cerdo, cordero asado, pollo y pavo.<\/p>\n<p>Reverenciado durante mucho tiempo por los expertos, el romero era considerado sagrado por las antiguas culturas griega, romana, egipcia y hebrea. El aroma herb\u00e1ceo y energizante del romero se usa frecuentemente en aromaterapia.<\/p>\n<p>USOS<\/p>\n<p>Dif\u00fandelo mientras estudias.<br \/>\nCombina Romero, Incienso y sal de Epsom en el ba\u00f1o para una experiencia rejuvenecedora cuando necesites un poco de tiempo personal.<br \/>\nCombina el aceite de Romero con un aceite portador como el Aceite Fraccionado de Coco doTERRA y apl\u00edcalo durante el masaje.<br \/>\nPrecauciones<\/p>\n<p>No ingerir. Lee las Instrucciones de uso y las Precauciones en la etiqueta del producto.<\/p>\n<p>*Principales beneficios<\/p>\n<p>Disfruta de su aroma herb\u00e1ceo al aplicarlo t\u00f3picamente.<\/p>\n<p>Descripci\u00f3n arom\u00e1tica<\/p>\n<p>Alcanforado, herb\u00e1ceo.<br \/>\nM\u00e9todo de obtenci\u00f3n<\/p>\n<p>Destilaci\u00f3n por arrastre de vapor.<br \/>\nParte de la planta<\/p>\n<p>Partes a\u00e9reas (hoja\/tallo).<\/p>\n","protected":false},"excerpt":{"rendered":"<p>Aceite Esencial Rosemary &#8211; 15 ml. <\/p>\n","protected":false},"featured_media":2921,"comment_status":"open","ping_status":"closed","template":"","meta":[],"product_cat":[145,143,156,186,189,185],"product_tag":[],"class_list":{"0":"post-2822","1":"product","2":"type-product","3":"status-publish","4":"has-post-thumbnail","6":"product_cat-aceites-y-cremas","7":"product_cat-cuidado-cuerpo","8":"product_cat-spa-en-casa","9":"product_cat-aceites-esenciales","10":"product_cat-do-terra","11":"product_cat-marcas","13":"first","14":"outofstock","15":"shipping-taxable","16":"purchasable","17":"product-type-simple"},"_links":{"self":[{"href":"https:\/\/www.spaoneandonly.cl\/productos\/wp-json\/wp\/v2\/product\/2822","targetHints":{"allow":["GET"]}}],"collection":[{"href":"https:\/\/www.spaoneandonly.cl\/productos\/wp-json\/wp\/v2\/product"}],"about":[{"href":"https:\/\/www.spaoneandonly.cl\/productos\/wp-json\/wp\/v2\/types\/product"}],"replies":[{"embeddable":true,"href":"https:\/\/www.spaoneandonly.cl\/productos\/wp-json\/wp\/v2\/comments?post=2822"}],"wp:featuredmedia":[{"embeddable":true,"href":"https:\/\/www.spaoneandonly.cl\/productos\/wp-json\/wp\/v2\/media\/2921"}],"wp:attachment":[{"href":"https:\/\/www.spaoneandonly.cl\/productos\/wp-json\/wp\/v2\/media?parent=2822"}],"wp:term":[{"taxonomy":"product_cat","embeddable":true,"href":"https:\/\/www.spaoneandonly.cl\/productos\/wp-json\/wp\/v2\/product_cat?post=2822"},{"taxonomy":"product_tag","embeddable":true,"href":"https:\/\/www.spaoneandonly.cl\/productos\/wp-json\/wp\/v2\/product_tag?post=2822"}],"curies":[{"name":"wp","href":"https:\/\/api.w.org\/{rel}","templated":true}]}}